{"id":832,"date":"2025-02-19T19:38:52","date_gmt":"2025-02-19T19:38:52","guid":{"rendered":"https:\/\/wp.test.ate.otgs.work\/testqa201\/satunnaistesti\/"},"modified":"2025-02-19T19:39:09","modified_gmt":"2025-02-19T19:39:09","slug":"satunnaistesti","status":"publish","type":"page","link":"https:\/\/wp.test.ate.otgs.work\/testqa201\/satunnaistesti\/?lang=fi","title":{"rendered":"Satunnaistesti"},"content":{"rendered":"\n<p>T\u00e4m\u00e4 on testi<\/p>\n\n<h2 class=\"wp-block-heading\">T\u00e4m\u00e4 on my\u00f6s testi<\/h2>\n\n<p>toinen testi<\/p>\n\n<h2 class=\"wp-block-heading\">testi<\/h2>\n","protected":false},"excerpt":{"rendered":"<p>T\u00e4m\u00e4 on testi T\u00e4m\u00e4 on my\u00f6s testi toinen testi testi<\/p>\n","protected":false},"author":1,"featured_media":0,"parent":0,"menu_order":0,"comment_status":"closed","ping_status":"closed","template":"","meta":{"footnotes":""},"class_list":["post-832","page","type-page","status-publish","hentry"],"_links":{"self":[{"href":"https:\/\/wp.test.ate.otgs.work\/testqa201\/wp-json\/wp\/v2\/pages\/832","targetHints":{"allow":["GET"]}}],"collection":[{"href":"https:\/\/wp.test.ate.otgs.work\/testqa201\/wp-json\/wp\/v2\/pages"}],"about":[{"href":"https:\/\/wp.test.ate.otgs.work\/testqa201\/wp-json\/wp\/v2\/types\/page"}],"author":[{"embeddable":true,"href":"https:\/\/wp.test.ate.otgs.work\/testqa201\/wp-json\/wp\/v2\/users\/1"}],"replies":[{"embeddable":true,"href":"https:\/\/wp.test.ate.otgs.work\/testqa201\/wp-json\/wp\/v2\/comments?post=832"}],"version-history":[{"count":1,"href":"https:\/\/wp.test.ate.otgs.work\/testqa201\/wp-json\/wp\/v2\/pages\/832\/revisions"}],"predecessor-version":[{"id":833,"href":"https:\/\/wp.test.ate.otgs.work\/testqa201\/wp-json\/wp\/v2\/pages\/832\/revisions\/833"}],"wp:attachment":[{"href":"https:\/\/wp.test.ate.otgs.work\/testqa201\/wp-json\/wp\/v2\/media?parent=832"}],"curies":[{"name":"wp","href":"https:\/\/api.w.org\/{rel}","templated":true}]}}