{"id":826,"date":"2025-02-19T19:38:52","date_gmt":"2025-02-19T19:38:52","guid":{"rendered":"https:\/\/wp.test.ate.otgs.work\/testqa201\/nahodny-test\/"},"modified":"2025-02-19T19:39:01","modified_gmt":"2025-02-19T19:39:01","slug":"nahodny-test","status":"publish","type":"page","link":"https:\/\/wp.test.ate.otgs.work\/testqa201\/nahodny-test\/?lang=cs","title":{"rendered":"N\u00e1hodn\u00fd test"},"content":{"rendered":"\n<p>Jedn\u00e1 se o test<\/p>\n\n<h2 class=\"wp-block-heading\">Jedn\u00e1 se tak\u00e9 o test<\/h2>\n\n<p>dal\u0161\u00ed test<\/p>\n\n<h2 class=\"wp-block-heading\">test<\/h2>\n","protected":false},"excerpt":{"rendered":"<p>Jedn\u00e1 se o test Jedn\u00e1 se tak\u00e9 o test dal\u0161\u00ed test test<\/p>\n","protected":false},"author":1,"featured_media":0,"parent":0,"menu_order":0,"comment_status":"closed","ping_status":"closed","template":"","meta":{"footnotes":""},"class_list":["post-826","page","type-page","status-publish","hentry"],"_links":{"self":[{"href":"https:\/\/wp.test.ate.otgs.work\/testqa201\/wp-json\/wp\/v2\/pages\/826","targetHints":{"allow":["GET"]}}],"collection":[{"href":"https:\/\/wp.test.ate.otgs.work\/testqa201\/wp-json\/wp\/v2\/pages"}],"about":[{"href":"https:\/\/wp.test.ate.otgs.work\/testqa201\/wp-json\/wp\/v2\/types\/page"}],"author":[{"embeddable":true,"href":"https:\/\/wp.test.ate.otgs.work\/testqa201\/wp-json\/wp\/v2\/users\/1"}],"replies":[{"embeddable":true,"href":"https:\/\/wp.test.ate.otgs.work\/testqa201\/wp-json\/wp\/v2\/comments?post=826"}],"version-history":[{"count":1,"href":"https:\/\/wp.test.ate.otgs.work\/testqa201\/wp-json\/wp\/v2\/pages\/826\/revisions"}],"predecessor-version":[{"id":827,"href":"https:\/\/wp.test.ate.otgs.work\/testqa201\/wp-json\/wp\/v2\/pages\/826\/revisions\/827"}],"wp:attachment":[{"href":"https:\/\/wp.test.ate.otgs.work\/testqa201\/wp-json\/wp\/v2\/media?parent=826"}],"curies":[{"name":"wp","href":"https:\/\/api.w.org\/{rel}","templated":true}]}}