{"id":812,"date":"2025-02-19T19:25:10","date_gmt":"2025-02-19T19:25:10","guid":{"rendered":"https:\/\/wp.test.ate.otgs.work\/testqa201\/testi\/"},"modified":"2025-02-19T19:25:29","modified_gmt":"2025-02-19T19:25:29","slug":"testi","status":"publish","type":"page","link":"https:\/\/wp.test.ate.otgs.work\/testqa201\/testi\/?lang=fi","title":{"rendered":"Testi"},"content":{"rendered":"\n<p>qa testi<\/p>\n\n<h2 class=\"wp-block-heading\">T\u00e4m\u00e4 on testi<\/h2>\n\n<p>Testataan t\u00e4t\u00e4<\/p>\n\n<h2 class=\"wp-block-heading\">Satunnainen teksti<\/h2>\n\n<p><\/p>\n","protected":false},"excerpt":{"rendered":"<p>qa testi T\u00e4m\u00e4 on testi Testataan t\u00e4t\u00e4 Satunnainen teksti<\/p>\n","protected":false},"author":1,"featured_media":0,"parent":0,"menu_order":0,"comment_status":"closed","ping_status":"closed","template":"","meta":{"footnotes":""},"class_list":["post-812","page","type-page","status-publish","hentry"],"_links":{"self":[{"href":"https:\/\/wp.test.ate.otgs.work\/testqa201\/wp-json\/wp\/v2\/pages\/812","targetHints":{"allow":["GET"]}}],"collection":[{"href":"https:\/\/wp.test.ate.otgs.work\/testqa201\/wp-json\/wp\/v2\/pages"}],"about":[{"href":"https:\/\/wp.test.ate.otgs.work\/testqa201\/wp-json\/wp\/v2\/types\/page"}],"author":[{"embeddable":true,"href":"https:\/\/wp.test.ate.otgs.work\/testqa201\/wp-json\/wp\/v2\/users\/1"}],"replies":[{"embeddable":true,"href":"https:\/\/wp.test.ate.otgs.work\/testqa201\/wp-json\/wp\/v2\/comments?post=812"}],"version-history":[{"count":1,"href":"https:\/\/wp.test.ate.otgs.work\/testqa201\/wp-json\/wp\/v2\/pages\/812\/revisions"}],"predecessor-version":[{"id":813,"href":"https:\/\/wp.test.ate.otgs.work\/testqa201\/wp-json\/wp\/v2\/pages\/812\/revisions\/813"}],"wp:attachment":[{"href":"https:\/\/wp.test.ate.otgs.work\/testqa201\/wp-json\/wp\/v2\/media?parent=812"}],"curies":[{"name":"wp","href":"https:\/\/api.w.org\/{rel}","templated":true}]}}