{"id":806,"date":"2025-02-19T19:25:10","date_gmt":"2025-02-19T19:25:10","guid":{"rendered":"https:\/\/wp.test.ate.otgs.work\/testqa201\/test\/"},"modified":"2025-02-19T19:25:20","modified_gmt":"2025-02-19T19:25:20","slug":"test","status":"publish","type":"page","link":"https:\/\/wp.test.ate.otgs.work\/testqa201\/test\/?lang=cs","title":{"rendered":"Test"},"content":{"rendered":"\n<p>test kvality<\/p>\n\n<h2 class=\"wp-block-heading\">Jedn\u00e1 se o test<\/h2>\n\n<p>Vyzkou\u0161ejme to<\/p>\n\n<h2 class=\"wp-block-heading\">N\u00e1hodn\u00fd text<\/h2>\n\n<p><\/p>\n","protected":false},"excerpt":{"rendered":"<p>test kvality Jedn\u00e1 se o test Vyzkou\u0161ejme to N\u00e1hodn\u00fd text<\/p>\n","protected":false},"author":1,"featured_media":0,"parent":0,"menu_order":0,"comment_status":"closed","ping_status":"closed","template":"","meta":{"footnotes":""},"class_list":["post-806","page","type-page","status-publish","hentry"],"_links":{"self":[{"href":"https:\/\/wp.test.ate.otgs.work\/testqa201\/wp-json\/wp\/v2\/pages\/806","targetHints":{"allow":["GET"]}}],"collection":[{"href":"https:\/\/wp.test.ate.otgs.work\/testqa201\/wp-json\/wp\/v2\/pages"}],"about":[{"href":"https:\/\/wp.test.ate.otgs.work\/testqa201\/wp-json\/wp\/v2\/types\/page"}],"author":[{"embeddable":true,"href":"https:\/\/wp.test.ate.otgs.work\/testqa201\/wp-json\/wp\/v2\/users\/1"}],"replies":[{"embeddable":true,"href":"https:\/\/wp.test.ate.otgs.work\/testqa201\/wp-json\/wp\/v2\/comments?post=806"}],"version-history":[{"count":1,"href":"https:\/\/wp.test.ate.otgs.work\/testqa201\/wp-json\/wp\/v2\/pages\/806\/revisions"}],"predecessor-version":[{"id":807,"href":"https:\/\/wp.test.ate.otgs.work\/testqa201\/wp-json\/wp\/v2\/pages\/806\/revisions\/807"}],"wp:attachment":[{"href":"https:\/\/wp.test.ate.otgs.work\/testqa201\/wp-json\/wp\/v2\/media?parent=806"}],"curies":[{"name":"wp","href":"https:\/\/api.w.org\/{rel}","templated":true}]}}