{"id":80,"date":"2023-07-17T11:01:00","date_gmt":"2023-07-17T11:01:00","guid":{"rendered":"https:\/\/wp.test.ate.otgs.work\/testqa201\/mesure-traductions-metriques\/"},"modified":"2023-07-18T08:09:39","modified_gmt":"2023-07-18T08:09:39","slug":"mesure-traductions-metriques","status":"publish","type":"page","link":"https:\/\/wp.test.ate.otgs.work\/testqa201\/mesure-traductions-metriques\/?lang=fr","title":{"rendered":"Mesure Traductions m\u00e9triques"},"content":{"rendered":"\n<p>Un soda moyen de 550 ml, par exemple, repr\u00e9sente en r\u00e9alit\u00e9 2,5 portions.<\/p>\n\n\n\n<p>La quantit\u00e9 de base d&#8217;eau \u00e0 boire chaque jour est d&#8217;au moins six verres de 200 ml par jour.<\/p>\n\n\n<p>Ils ont trouv\u00e9 100 grammes d&#8217;herbe, 500 grammes de coca\u00efne, 500 grammes d&#8217;ecstasy et trois armes \u00e0 feu.<\/p>\n<p>La police a trouv\u00e9 250 g d&#8217;herbe, 125 g de coca\u00efne et 125 g d&#8217;ecstasy au domicile des terroristes.<\/p>\n<p>Ajoutez 3 ml de rhum l\u00e9ger, un ml de jus de citron vert, environ un demi-litre de triple sec et un soup\u00e7on de sucre, selon votre go\u00fbt, dans votre mixeur.<\/p>","protected":false},"excerpt":{"rendered":"<p>Un soda moyen de 550 ml, par exemple, repr\u00e9sente en r\u00e9alit\u00e9 2,5 portions. La quantit\u00e9 de base d&#8217;eau \u00e0 boire chaque jour est d&#8217;au moins six verres de 200 ml par jour. Ils ont trouv\u00e9 100 grammes d&#8217;herbe, 500 grammes de coca\u00efne, 500 grammes d&#8217;ecstasy et trois armes \u00e0 feu. La police a trouv\u00e9 250 [&hellip;]<\/p>\n","protected":false},"author":1,"featured_media":0,"parent":0,"menu_order":0,"comment_status":"closed","ping_status":"closed","template":"","meta":{"footnotes":""},"class_list":["post-80","page","type-page","status-publish","hentry"],"_links":{"self":[{"href":"https:\/\/wp.test.ate.otgs.work\/testqa201\/wp-json\/wp\/v2\/pages\/80","targetHints":{"allow":["GET"]}}],"collection":[{"href":"https:\/\/wp.test.ate.otgs.work\/testqa201\/wp-json\/wp\/v2\/pages"}],"about":[{"href":"https:\/\/wp.test.ate.otgs.work\/testqa201\/wp-json\/wp\/v2\/types\/page"}],"author":[{"embeddable":true,"href":"https:\/\/wp.test.ate.otgs.work\/testqa201\/wp-json\/wp\/v2\/users\/1"}],"replies":[{"embeddable":true,"href":"https:\/\/wp.test.ate.otgs.work\/testqa201\/wp-json\/wp\/v2\/comments?post=80"}],"version-history":[{"count":2,"href":"https:\/\/wp.test.ate.otgs.work\/testqa201\/wp-json\/wp\/v2\/pages\/80\/revisions"}],"predecessor-version":[{"id":96,"href":"https:\/\/wp.test.ate.otgs.work\/testqa201\/wp-json\/wp\/v2\/pages\/80\/revisions\/96"}],"wp:attachment":[{"href":"https:\/\/wp.test.ate.otgs.work\/testqa201\/wp-json\/wp\/v2\/media?parent=80"}],"curies":[{"name":"wp","href":"https:\/\/api.w.org\/{rel}","templated":true}]}}