{"id":74,"date":"2023-07-17T11:01:00","date_gmt":"2023-07-17T11:01:00","guid":{"rendered":"https:\/\/wp.test.ate.otgs.work\/testqa201\/medidas-traducciones-metricas\/"},"modified":"2023-08-27T21:02:58","modified_gmt":"2023-08-27T21:02:58","slug":"medidas-traducciones-metricas","status":"publish","type":"page","link":"https:\/\/wp.test.ate.otgs.work\/testqa201\/medidas-traducciones-metricas\/?lang=es","title":{"rendered":"Medidas Traducciones m\u00e9tricas"},"content":{"rendered":"\n<p>Un refresco medio de 600ml, por ejemplo, equivale en realidad a 2,5 raciones.<\/p>\n\n\n\n<p>La cantidad b\u00e1sica de agua que se debe beber cada d\u00eda es de al menos seis vasos de 200 ml cada d\u00eda.<\/p>\n\n\n\n<p>Una persona de estatura media mide 150cm<\/p>\n\n\n\n<p>150cm es la altura de un ser humano medio<\/p>\n\n\n\n<p>Una regla de pie suele tener 30cm de longitud.<\/p>\n\n\n<p>P\u00e1gina de Terms &amp; Conditions<\/p>","protected":false},"excerpt":{"rendered":"<p>Un refresco medio de 600ml, por ejemplo, equivale en realidad a 2,5 raciones. La cantidad b\u00e1sica de agua que se debe beber cada d\u00eda es de al menos seis vasos de 200 ml cada d\u00eda. Una persona de estatura media mide 150cm 150cm es la altura de un ser humano medio Una regla de pie [&hellip;]<\/p>\n","protected":false},"author":1,"featured_media":0,"parent":0,"menu_order":0,"comment_status":"closed","ping_status":"closed","template":"","meta":{"footnotes":""},"class_list":["post-74","page","type-page","status-publish","hentry"],"_links":{"self":[{"href":"https:\/\/wp.test.ate.otgs.work\/testqa201\/wp-json\/wp\/v2\/pages\/74","targetHints":{"allow":["GET"]}}],"collection":[{"href":"https:\/\/wp.test.ate.otgs.work\/testqa201\/wp-json\/wp\/v2\/pages"}],"about":[{"href":"https:\/\/wp.test.ate.otgs.work\/testqa201\/wp-json\/wp\/v2\/types\/page"}],"author":[{"embeddable":true,"href":"https:\/\/wp.test.ate.otgs.work\/testqa201\/wp-json\/wp\/v2\/users\/1"}],"replies":[{"embeddable":true,"href":"https:\/\/wp.test.ate.otgs.work\/testqa201\/wp-json\/wp\/v2\/comments?post=74"}],"version-history":[{"count":4,"href":"https:\/\/wp.test.ate.otgs.work\/testqa201\/wp-json\/wp\/v2\/pages\/74\/revisions"}],"predecessor-version":[{"id":244,"href":"https:\/\/wp.test.ate.otgs.work\/testqa201\/wp-json\/wp\/v2\/pages\/74\/revisions\/244"}],"wp:attachment":[{"href":"https:\/\/wp.test.ate.otgs.work\/testqa201\/wp-json\/wp\/v2\/media?parent=74"}],"curies":[{"name":"wp","href":"https:\/\/api.w.org\/{rel}","templated":true}]}}