{"id":72,"date":"2023-07-17T11:01:00","date_gmt":"2023-07-17T11:01:00","guid":{"rendered":"https:\/\/wp.test.ate.otgs.work\/testqa201\/tlumaczenia-metryczne-pomiarow\/"},"modified":"2023-08-24T13:31:28","modified_gmt":"2023-08-24T13:31:28","slug":"tlumaczenia-metryczne-pomiarow","status":"publish","type":"page","link":"https:\/\/wp.test.ate.otgs.work\/testqa201\/tlumaczenia-metryczne-pomiarow\/?lang=pl","title":{"rendered":"T\u0142umaczenia metryczne pomiar\u00f3w"},"content":{"rendered":"\n<p>Na przyk\u0142ad przeci\u0119tny nap\u00f3j gazowany o pojemno\u015bci 20 ml to w rzeczywisto\u015bci 2,5 porcji.<\/p>\n\n\n\n<p>Podstawowa ilo\u015b\u0107 wody, jak\u0105 nale\u017cy pi\u0107 ka\u017cdego dnia, to co najmniej sze\u015b\u0107 szklanek o pojemno\u015bci 200 ml ka\u017cdego dnia.<\/p>\n\n\n\n<p>Przeci\u0119tna osoba ma 150cm wzrostu<\/p>\n\n\n\n<p>150cm wzrostu to wzrost przeci\u0119tnego cz\u0142owieka<\/p>\n\n\n\n<p>Linijka do st\u00f3p ma zazwyczaj 30cm d\u0142ugo\u015bci.<\/p>\n\n\n<p>Strona Terms &amp; Conditions<\/p>","protected":false},"excerpt":{"rendered":"<p>Na przyk\u0142ad przeci\u0119tny nap\u00f3j gazowany o pojemno\u015bci 20 ml to w rzeczywisto\u015bci 2,5 porcji. Podstawowa ilo\u015b\u0107 wody, jak\u0105 nale\u017cy pi\u0107 ka\u017cdego dnia, to co najmniej sze\u015b\u0107 szklanek o pojemno\u015bci 200 ml ka\u017cdego dnia. Przeci\u0119tna osoba ma 150cm wzrostu 150cm wzrostu to wzrost przeci\u0119tnego cz\u0142owieka Linijka do st\u00f3p ma zazwyczaj 30cm d\u0142ugo\u015bci. Strona Terms &amp; Conditions<\/p>\n","protected":false},"author":1,"featured_media":0,"parent":0,"menu_order":0,"comment_status":"closed","ping_status":"closed","template":"","meta":{"footnotes":""},"class_list":["post-72","page","type-page","status-publish","hentry"],"_links":{"self":[{"href":"https:\/\/wp.test.ate.otgs.work\/testqa201\/wp-json\/wp\/v2\/pages\/72","targetHints":{"allow":["GET"]}}],"collection":[{"href":"https:\/\/wp.test.ate.otgs.work\/testqa201\/wp-json\/wp\/v2\/pages"}],"about":[{"href":"https:\/\/wp.test.ate.otgs.work\/testqa201\/wp-json\/wp\/v2\/types\/page"}],"author":[{"embeddable":true,"href":"https:\/\/wp.test.ate.otgs.work\/testqa201\/wp-json\/wp\/v2\/users\/1"}],"replies":[{"embeddable":true,"href":"https:\/\/wp.test.ate.otgs.work\/testqa201\/wp-json\/wp\/v2\/comments?post=72"}],"version-history":[{"count":4,"href":"https:\/\/wp.test.ate.otgs.work\/testqa201\/wp-json\/wp\/v2\/pages\/72\/revisions"}],"predecessor-version":[{"id":245,"href":"https:\/\/wp.test.ate.otgs.work\/testqa201\/wp-json\/wp\/v2\/pages\/72\/revisions\/245"}],"wp:attachment":[{"href":"https:\/\/wp.test.ate.otgs.work\/testqa201\/wp-json\/wp\/v2\/media?parent=72"}],"curies":[{"name":"wp","href":"https:\/\/api.w.org\/{rel}","templated":true}]}}