{"id":70,"date":"2023-07-17T11:01:00","date_gmt":"2023-07-17T11:01:00","guid":{"rendered":"https:\/\/wp.test.ate.otgs.work\/testqa201\/messung-metrische-umrechnungen\/"},"modified":"2023-10-23T15:46:40","modified_gmt":"2023-10-23T15:46:40","slug":"messung-metrische-umrechnungen","status":"publish","type":"page","link":"https:\/\/wp.test.ate.otgs.work\/testqa201\/messung-metrische-umrechnungen\/?lang=de","title":{"rendered":"Messung Metrische Umrechnungen"},"content":{"rendered":"\n<p>Eine durchschnittliche 550 ml Limonade zum Beispiel entspricht 2,5 Portionen.<\/p>\n\n\n\n<p>Die Grundmenge an Wasser, die Sie jeden Tag trinken sollten, betr\u00e4gt mindestens sechs Gl\u00e4ser \u00e0 8 Unzen pro Tag.<\/p>\n\n\n\n<p>Eine durchschnittliche Person ist 5 ft. tall gro\u00df<\/p>\n\n\n\n<p>150cm ist die K\u00f6rpergr\u00f6\u00dfe eines durchschnittlichen Menschen<\/p>\n\n\n\n<p>Ein Fu\u00dflineal ist normalerweise 30cm lang.<\/p>\n\n\n<p>Terms &amp; Conditions Seite<\/p>","protected":false},"excerpt":{"rendered":"<p>Eine durchschnittliche 550 ml Limonade zum Beispiel entspricht 2,5 Portionen. Die Grundmenge an Wasser, die Sie jeden Tag trinken sollten, betr\u00e4gt mindestens sechs Gl\u00e4ser \u00e0 8 Unzen pro Tag. Eine durchschnittliche Person ist 5 ft. tall gro\u00df 150cm ist die K\u00f6rpergr\u00f6\u00dfe eines durchschnittlichen Menschen Ein Fu\u00dflineal ist normalerweise 30cm lang. Terms &amp; Conditions Seite<\/p>\n","protected":false},"author":1,"featured_media":0,"parent":0,"menu_order":0,"comment_status":"closed","ping_status":"closed","template":"","meta":{"footnotes":""},"class_list":["post-70","page","type-page","status-publish","hentry"],"_links":{"self":[{"href":"https:\/\/wp.test.ate.otgs.work\/testqa201\/wp-json\/wp\/v2\/pages\/70","targetHints":{"allow":["GET"]}}],"collection":[{"href":"https:\/\/wp.test.ate.otgs.work\/testqa201\/wp-json\/wp\/v2\/pages"}],"about":[{"href":"https:\/\/wp.test.ate.otgs.work\/testqa201\/wp-json\/wp\/v2\/types\/page"}],"author":[{"embeddable":true,"href":"https:\/\/wp.test.ate.otgs.work\/testqa201\/wp-json\/wp\/v2\/users\/1"}],"replies":[{"embeddable":true,"href":"https:\/\/wp.test.ate.otgs.work\/testqa201\/wp-json\/wp\/v2\/comments?post=70"}],"version-history":[{"count":5,"href":"https:\/\/wp.test.ate.otgs.work\/testqa201\/wp-json\/wp\/v2\/pages\/70\/revisions"}],"predecessor-version":[{"id":412,"href":"https:\/\/wp.test.ate.otgs.work\/testqa201\/wp-json\/wp\/v2\/pages\/70\/revisions\/412"}],"wp:attachment":[{"href":"https:\/\/wp.test.ate.otgs.work\/testqa201\/wp-json\/wp\/v2\/media?parent=70"}],"curies":[{"name":"wp","href":"https:\/\/api.w.org\/{rel}","templated":true}]}}