{"id":688,"date":"2024-10-03T10:09:54","date_gmt":"2024-10-03T10:09:54","guid":{"rendered":"https:\/\/wp.test.ate.otgs.work\/testqa201\/dragon-ball-%d8%ad%d9%84%d9%82%d8%a9-%d9%85%d9%86-bardock\/"},"modified":"2025-01-31T08:54:53","modified_gmt":"2025-01-31T08:54:53","slug":"dragon-ball-%d8%ad%d9%84%d9%82%d8%a9-%d9%85%d9%86-bardock","status":"publish","type":"page","link":"https:\/\/wp.test.ate.otgs.work\/testqa201\/dragon-ball-%d8%ad%d9%84%d9%82%d8%a9-%d9%85%d9%86-bardock\/?lang=ar","title":{"rendered":"Dragon Ball: \u062d\u0644\u0642\u0629 \u0645\u0646 Bardock"},"content":{"rendered":"\n<p><em><strong>Dragon Ball: \u062d\u0644\u0642\u0629 \u0645\u0646 Bardock<\/strong><\/em> (<a href=\"https:\/\/en.wikipedia.org\/wiki\/Japanese_language\">Japanese<\/a>: \u30c9\u30e9 \u30e9\u30b4\u30f3\u30dc\u30dc\u30fc \u30eb \u30a8\u30d4 \u30bd \u30c9 \u30fc \u30c9 \u30aa \u30a4 \u30d6 \u30fc \u30c0 \u30c0 \u30c3 \u30af\u060c <a href=\"https:\/\/en.wikipedia.org\/wiki\/Hepburn_romanization\">\u0647\u064a\u0628\u0648\u0631\u0646<\/a>: <em>Doragon B\u014dru B\u014dru Epis\u014ddo obu B\u0101dakku<\/em>) \u0647\u064a \u0633\u0644\u0633\u0644\u0629 <a href=\"https:\/\/en.wikipedia.org\/wiki\/Manga\">\u0645\u0627\u0646\u063a\u0627<\/a> \u0645\u0646 \u062b\u0644\u0627\u062b\u0629 \u0641\u0635\u0648\u0644 Japanese \u0643\u062a\u0628\u0647\u0627 \u0648\u0631\u0633\u0645\u0647\u0627 \u0646\u0627\u0647\u0648 \u0623\u0648\u064a\u0634\u064a \u0646\u0627\u0647\u0648\u060c \u0627\u0633\u062a\u0646\u0627\u062f\u064b\u0627 \u0625\u0644\u0649 <a href=\"https:\/\/en.wikipedia.org\/wiki\/Akira_Toriyama\">Akira Toriyama<\/a>&#8216;s <em><a href=\"https:\/\/en.wikipedia.org\/wiki\/Dragon_Ball\">Dragon Ball<\/a><\/em>. \u0625\u0646\u0647 \u0628\u0645\u062b\u0627\u0628\u0629 <a href=\"https:\/\/en.wikipedia.org\/wiki\/Sequel\">\u062a\u0643\u0645\u0644\u0629<\/a> \u0644\u0641\u064a\u0644\u0645 \u0627\u0644\u0631\u0633\u0648\u0645 \u0627\u0644\u0645\u062a\u062d\u0631\u0643\u0629 \u0627\u0644\u062a\u0644\u0641\u0632\u064a\u0648\u0646\u064a \u0627\u0644\u062e\u0627\u0635 \u0627\u0644\u0630\u064a \u0639\u064f\u0631\u0636 \u0639\u0627\u0645 1990 <em><a href=\"https:\/\/en.wikipedia.org\/wiki\/Dragon_Ball_Z:_Bardock_%E2%80%93_The_Father_of_Goku\">Dragon Ball Z: Bardock &#8211; \u0648\u0627\u0644\u062f Goku<\/a><\/em>.<sup><a href=\"https:\/\/en.wikipedia.org\/wiki\/Dragon_Ball:_Episode_of_Bardock#cite_note-info-1\">[1]<\/a><\/sup> <a href=\"https:\/\/en.wikipedia.org\/wiki\/Bardock\">Bardock<\/a>\u0628\u0639\u062f \u0623\u0646 \u0646\u062c\u0627 \u0645\u0646 \u062f\u0645\u0627\u0631 \u0643\u0648\u0643\u0628 \u0645\u0648\u0637\u0646\u0647\u060c \u064a\u062a\u0645 \u0625\u0631\u0633\u0627\u0644\u0647 \u0625\u0644\u0649 \u0627\u0644\u0645\u0627\u0636\u064a \u0625\u0644\u0649 \u0643\u0648\u0643\u0628 \u063a\u0631\u064a\u0628 \u062d\u064a\u062b \u064a\u0642\u0627\u062a\u0644 <a href=\"https:\/\/en.wikipedia.org\/wiki\/Frieza\">Frieza<\/a>Chilled.<\/p>\n\n<p>\u062a\u0645 \u0646\u0634\u0631 \u0627\u0644\u0645\u0627\u0646\u062c\u0627 \u0645\u062a\u0633\u0644\u0633\u0644\u0629 \u0641\u064a <em><a href=\"https:\/\/en.wikipedia.org\/wiki\/V_Jump\">V Jump<\/a><\/em> \u0641\u064a \u062b\u0644\u0627\u062b\u0629 \u0641\u0635\u0648\u0644 \u0628\u064a\u0646 21 \u064a\u0648\u0646\u064a\u0648 \u064821 \u0623\u063a\u0633\u0637\u0633 2011. \u062a\u0645 \u062a\u062d\u0648\u064a\u0644\u0647\u0627 \u0625\u0644\u0649 \u0641\u064a\u0644\u0645 <a href=\"https:\/\/en.wikipedia.org\/wiki\/Anime\">\u0623\u0646\u0645\u064a<\/a> \u0642\u0635\u064a\u0631 \u0645\u0646 \u0625\u0646\u062a\u0627\u062c <a href=\"https:\/\/en.wikipedia.org\/wiki\/Toei_Animation\">\u0634\u0631\u0643\u0629 Toei Animation<\/a> \u0648\u0627\u0644\u0630\u064a \u062a\u0645 \u0639\u0631\u0636\u0647 \u0644\u0623\u0648\u0644 \u0645\u0631\u0629 \u0641\u064a 17 \u062f\u064a\u0633\u0645\u0628\u0631 2011 \u0641\u064a <a href=\"https:\/\/en.wikipedia.org\/wiki\/Jump_Festa\">Jump \u0645\u0647\u0631\u062c\u0627\u0646<\/a> 2012. \u062a\u0645 \u0625\u0635\u062f\u0627\u0631 \u0627\u0644\u0641\u064a\u0644\u0645 \u062f\u0648\u0644\u064a\u064b\u0627 \u0641\u064a \u0623\u0643\u062a\u0648\u0628\u0631 2012 \u060c \u0643\u0625\u0636\u0627\u0641\u0629 \u0645\u062a\u0631\u062c\u0645\u0629 \u0644\u0644\u0639\u0628\u0629 \u0641\u064a\u062f\u064a\u0648 <a href=\"https:\/\/en.wikipedia.org\/wiki\/Xbox_360\">Xbox 360<\/a> <em><a href=\"https:\/\/en.wikipedia.org\/wiki\/Dragon_Ball_Z:_For_Kinect\">Dragon Ball Z: \u0644\u0640 Kinect<\/a><\/em>.  <\/p>\n\n<h2 class=\"wp-block-heading\" id=\"Plot_summary\">\u0645\u0644\u062e\u0635 \u0627\u0644\u0645\u0624\u0627\u0645\u0631\u0629<\/h2>\n\n<p><a href=\"https:\/\/en.wikipedia.org\/wiki\/Bardock\">Bardock<\/a>\u0628\u0639\u062f \u0623\u0646 \u0646\u062c\u0627 \u0628\u0637\u0631\u064a\u0642\u0629 \u0645\u0627 \u0645\u0646 \u0645\u0648\u062a \u0645\u062d\u0642\u0642 \u0639\u0646\u062f\u0645\u0627 <a href=\"https:\/\/en.wikipedia.org\/wiki\/Frieza\">Frieza<\/a> \u0637\u0645\u0633 \u0627\u0644\u0643\u0648\u0643\u0628 Vegeta \u060c \u064a\u0633\u062a\u064a\u0642\u0638 \u0641\u064a \u0645\u0646\u0632\u0644 \u0642\u0631\u0648\u064a \u0635\u063a\u064a\u0631. \u064a\u062f\u062e\u0644 \u0645\u062e\u0644\u0648\u0642 \u0623\u0631\u062c\u0648\u0627\u0646\u064a \u0627\u0644\u0644\u0648\u0646 \u0625\u0644\u0649 \u0627\u0644\u063a\u0631\u0641\u0629 \u0648\u064a\u0639\u0631\u0641 \u0646\u0641\u0633\u0647 \u0628\u0623\u0646\u0647 Ipana. \u064a\u062e\u0628\u0631 Bardock \u0623\u0646\u0647 \u0639\u0644\u0649 \u0643\u0648\u0643\u0628 \u0628\u0644\u0627\u0646\u062a\u060c \u0648\u0627\u0644\u0630\u064a &#8211; \u0643\u0645\u0627 \u064a\u062a\u0630\u0643\u0631 Bardock \u0627\u0644\u0645\u0631\u062a\u0628\u0643 &#8211; \u0643\u0627\u0646 \u0627\u0644\u0627\u0633\u0645 \u0627\u0644\u0633\u0627\u0628\u0642 \u0644\u0644\u0643\u0648\u0643\u0628 Vegeta \u0642\u0628\u0644 \u0623\u0646 \u064a\u0636\u0645\u0647 Saiyans. \u0641\u062c\u0623\u0629 \u062a\u062a\u0639\u0631\u0636 \u0627\u0644\u0642\u0631\u064a\u0629 \u0644\u0647\u062c\u0648\u0645 \u0645\u0646 \u0642\u0628\u0644 <a href=\"https:\/\/en.wikipedia.org\/wiki\/Henchmen\">\u0623\u062a\u0628\u0627\u0639<\/a> \u0642\u0631\u0635\u0627\u0646 \u0627\u0644\u0641\u0636\u0627\u0621 Chilled \u0627\u0644\u0630\u064a Bardock \u064a\u0647\u0632\u0645\u0647 \u0628\u0633\u0647\u0648\u0644\u0629\u060c \u0645\u0645\u0627 \u064a\u0643\u0633\u0628\u0647 \u0627\u0645\u062a\u0646\u0627\u0646 \u0627\u0644\u0642\u0631\u0648\u064a\u064a\u0646. \u063a\u064a\u0631 \u0645\u0647\u062a\u0645 \u0628\u0623\u0646 \u064a\u0643\u0648\u0646 \u0628\u0637\u0644\u0627\u064b\u060c \u064a\u0647\u0631\u0628 \u0625\u0644\u0649 \u0643\u0647\u0641 \u0642\u0631\u064a\u0628 \u0644\u0644\u062a\u0639\u0627\u0641\u064a. Ipana \u064a\u062c\u0644\u0628 \u0644\u0647 \u0627\u0628\u0646\u0647 Berry \u0627\u0644\u0637\u0639\u0627\u0645\u060c \u0648\u0641\u064a \u0646\u0647\u0627\u064a\u0629 \u0627\u0644\u0645\u0637\u0627\u0641 \u064a\u0646\u0645\u0648 \u0628\u064a\u0646\u0647\u0645\u0627 \u0635\u062f\u0627\u0642\u0629 \u0639\u0644\u0649 \u0627\u0644\u0631\u063a\u0645 \u0645\u0646 \u062a\u0631\u062f\u062f Bardock.     <\/p>\n\n<p>Chilled \u064a\u0639\u0644\u0645 \u0623\u0646 \u0623\u062a\u0628\u0627\u0639\u0647 \u0642\u062f \u0642\u064f\u062a\u0644\u0648\u0627 \u0648\u0628\u0639\u062f \u0623\u0646 \u064a\u0641\u0634\u0644 \u0627\u0644\u0642\u0631\u0648\u064a\u0648\u0646 \u0641\u064a \u0627\u0644\u0639\u062b\u0648\u0631 \u0639\u0644\u0649 Bardock \u0628\u0646\u0627\u0621 \u0639\u0644\u0649 \u0623\u0648\u0627\u0645\u0631 Chilled \u064a\u0628\u062f\u0623 \u0647\u0648 \u0648\u0623\u062a\u0628\u0627\u0639\u0647 \u0628\u0645\u0647\u0627\u062c\u0645\u062a\u0647\u0645 \u0648\u062a\u062f\u0645\u064a\u0631 \u0627\u0644\u0642\u0631\u064a\u0629. Bardock \u064a\u0631\u0641\u0636 \u0641\u064a \u0627\u0644\u0628\u062f\u0627\u064a\u0629 \u0625\u0646\u0642\u0627\u0630\u0647\u0645 \u0648\u0644\u0643\u0646 \u0628\u0639\u062f \u0623\u0646 \u064a\u062a\u0648\u0633\u0644 \u0625\u0644\u064a\u0647 Berry \u064a\u0637\u064a\u0631 \u0625\u0644\u0649 \u0627\u0644\u0642\u0631\u064a\u0629 \u0648\u064a\u0646\u0642\u0630 Ipana \u0627\u0644\u0630\u064a \u0643\u0627\u062f \u0623\u0646 \u064a\u064f\u0642\u062a\u0644 \u0639\u0644\u0649 \u064a\u062f Chilled \u060c \u0648\u0628\u0633\u0628\u0628 \u0627\u0644\u062a\u0634\u0627\u0628\u0647 \u0628\u064a\u0646\u0647\u0645\u0627 Bardock \u064a\u062e\u0637\u0626 Chilled \u0641\u064a Frieza \u0648\u064a\u0647\u0627\u062c\u0645\u0647 \u0648\u0644\u0643\u0646 Chilled \u064a\u062b\u0628\u062a \u0623\u0646\u0647 \u0642\u0648\u064a \u062c\u062f\u0627\u064b. \u0648\u0645\u0639 \u0630\u0644\u0643\u060c \u0628\u0639\u062f \u0623\u0646 \u064a\u0637\u0644\u0642 Chilled \u0647\u062c\u0648\u0645 \u0627\u0644\u0637\u0627\u0642\u0629 \u0639\u0644\u0649 Berry \u060c \u064a\u0635\u0628\u062d Bardock \u063a\u0627\u0636\u0628\u064b\u0627 \u0648\u064a\u062a\u062d\u0648\u0644 \u0625\u0644\u0649 Super Saiyan. Chilled \u064a\u0647\u0627\u062c\u0645 Bardock \u0628\u0627\u0646\u0641\u062c\u0627\u0631\u0627\u062a\u0647 \u0627\u0644\u0637\u0627\u0642\u064a\u0629 \u0627\u0644\u062a\u064a \u0644\u0627 \u062a\u0624\u062b\u0631 \u0639\u0644\u0649 Super Saiyan. Chilled \u064a\u0634\u0646 \u0647\u062c\u0648\u0645\u064b\u0627 \u0623\u062e\u064a\u0631\u064b\u0627 \u064a\u0627\u0626\u0633\u064b\u0627 \u0645\u0646 \u0623\u062c\u0644 \u062a\u062f\u0645\u064a\u0631 \u0627\u0644\u0643\u0648\u0643\u0628\u060c \u0644\u0643\u0646 \u0647\u062c\u0648\u0645 Bardock \u064a\u062a\u063a\u0644\u0628 \u0639\u0644\u064a\u0647 \u0648\u064a\u0631\u0633\u0644 Chilled \u0627\u0644\u0645\u0635\u0627\u0628 \u0628\u062c\u0631\u0648\u062d \u0645\u0645\u064a\u062a\u0629 \u0625\u0644\u0649 \u0627\u0644\u0641\u0636\u0627\u0621 \u0627\u0644\u062e\u0627\u0631\u062c\u064a. Chilled \u0627\u0644\u0645\u062d\u062a\u0636\u0631 \u064a\u062e\u0628\u0631 \u0623\u062a\u0628\u0627\u0639\u0647 \u0628\u062a\u062d\u0630\u064a\u0631 \u0639\u0627\u0626\u0644\u062a\u0647 \u0645\u0646 Super Saiyans .      <\/p>\n\n<p>\u0648\u0628\u0639\u062f \u0642\u0631\u0648\u0646 \u0645\u0646 \u0627\u0644\u0632\u0645\u0646\u060c \u0642\u0627\u0645 \u0633\u0644\u064a\u0644 Chilled Frieza \u0628\u062a\u062f\u0645\u064a\u0631 \u0627\u0644\u0643\u0648\u0643\u0628 Vegeta \u062e\u0648\u0641\u064b\u0627 \u0645\u0646 \u0623\u0646 Super Saiyan \u0623\u0646 \u064a\u0646\u0647\u0636 \u0627\u0644\u0623\u0633\u0637\u0648\u0631\u0629 \u0644\u064a\u0647\u0632\u0645\u0647 Bardock \u0627\u0628\u0646 <a href=\"https:\/\/en.wikipedia.org\/wiki\/Goku\">Goku<\/a>\u0633\u064a\u062a\u0648\u0644\u0649 Super Saiyan \u0648\u0647\u0632\u0645 Frieza \u0628\u0639\u062f \u0623\u0643\u062b\u0631 \u0645\u0646 \u0639\u0634\u0631\u064a\u0646 \u0639\u0627\u0645\u064b\u0627. <\/p>\n\n<h2 class=\"wp-block-heading\" id=\"Characters\">\u0627\u0644\u0634\u062e\u0635\u064a\u0627\u062a<\/h2>\n\n<p><a href=\"https:\/\/en.wikipedia.org\/wiki\/Bardock\">Bardock<\/a> (\u30d0\u30fc\u30c0\u30c3 \u30af, <em>B\u0101dakku<\/em>) Voiced \u0628\u0648\u0627\u0633\u0637\u0629: <a href=\"https:\/\/en.wikipedia.org\/wiki\/Masako_Nozawa\">\u0645\u0627\u0633\u0627\u0643\u0648 \u0646\u0648\u0632\u0627\u0648\u0627<\/a> \u0648\u0627\u0644\u062f <a href=\"https:\/\/en.wikipedia.org\/wiki\/Goku\">Son Goku<\/a> \u0648 <a href=\"https:\/\/en.wikipedia.org\/wiki\/List_of_Dragon_Ball_characters#Raditz\">\u0631\u0627\u062f\u064a\u062a\u0632\u060c<\/a> \u0627\u0644\u0630\u064a \u0643\u0627\u0646 \u064a\u064f\u0639\u062a\u0642\u062f \u0623\u0646\u0647 \u0642\u064f\u062a\u0644 \u0639\u0644\u0649 \u064a\u062f Frieza. Berry (\u30d9 \u30ea \u30fc\u060c <em>\u0628\u064a\u0631\u064a<\/em>) Voiced \u0628\u0648\u0627\u0633\u0637\u0629: <a href=\"https:\/\/en.wikipedia.org\/wiki\/Houko_Kuwashima\">\u0647\u0648\u0643\u0648 \u0643\u0648\u0627\u0634\u064a\u0645\u0627<\/a> \u0647\u0648 \u0627\u0628\u0646 \u0637\u0628\u064a\u0628 \u0627\u0644\u0642\u0631\u064a\u0629 Ipana \u060c \u0627\u0644\u0630\u064a \u064a\u0639\u0627\u0644\u062c Bardock. Toriyama \u0642\u062f\u0645 \u062a\u0635\u0645\u064a\u0645 Berry.<sup><a href=\"https:\/\/en.wikipedia.org\/wiki\/Dragon_Ball:_Episode_of_Bardock#cite_note-berry&amp;ipana-2\">[2]<\/a><\/sup><sup><a href=\"https:\/\/en.wikipedia.org\/wiki\/Dragon_Ball:_Episode_of_Bardock#cite_note-SuperHistory-3\">[3]<\/a><\/sup> Ipana (\u30a4\u30d1 \u30d1\u30ca) Voiced \u0628\u0648\u0627\u0633\u0637\u0629: <a href=\"https:\/\/en.wikipedia.org\/wiki\/Masashi_Ebara\">\u0645\u0627\u0633\u0627\u0634\u064a \u0625\u064a\u0628\u0627\u0631\u0627<\/a> \u0637\u0628\u064a\u0628 \u0627\u0644\u0642\u0631\u064a\u0629 \u0627\u0644\u0630\u064a \u064a\u0639\u0627\u0644\u062c Bardock.   Toriyama \u0642\u062f\u0645 \u0627\u0644\u062a\u0635\u0645\u064a\u0645 \u0644 Ipana.<sup><a href=\"https:\/\/en.wikipedia.org\/wiki\/Dragon_Ball:_Episode_of_Bardock#cite_note-berry&amp;ipana-2\">[2]<\/a><\/sup><sup><a href=\"https:\/\/en.wikipedia.org\/wiki\/Dragon_Ball:_Episode_of_Bardock#cite_note-SuperHistory-3\">[3]<\/a><\/sup> Chilled (\u30c1\u30eb\u30c9, <em>Chirudo<\/em>) Voiced \u0628\u0648\u0627\u0633\u0637\u0629: <a href=\"https:\/\/en.wikipedia.org\/wiki\/Ry%C5%ABsei_Nakao\">\u0631\u064a\u0648\u0633\u064a \u0646\u0627\u0643\u0627\u0648<\/a> \u0647\u0648 \u0623\u062d\u062f \u0623\u0633\u0644\u0627\u0641 Frieza \u0648\u0642\u0631\u0627\u0635\u0646\u0629 \u0627\u0644\u0641\u0636\u0627\u0621. Toriyama \u0642\u062f\u0645 \u062a\u0635\u0645\u064a\u0645 Chilled.<sup><a href=\"https:\/\/en.wikipedia.org\/wiki\/Dragon_Ball:_Episode_of_Bardock#cite_note-SuperHistory-3\">[3]<\/a><\/sup><sup><a href=\"https:\/\/en.wikipedia.org\/wiki\/Dragon_Ball:_Episode_of_Bardock#cite_note-4\">[4]<\/a><\/sup> <\/p>\n\n<h2 class=\"wp-block-heading\" id=\"Release\">\u0627\u0644\u0625\u0635\u062f\u0627\u0631<\/h2>\n\n<p><em>Dragon Ball:<\/em> <em>\u062d\u0644\u0642\u0629 \u0645\u0646 Bardock<\/em> \u0643\u0627\u0646\u062a \u0645\u062a\u0633\u0644\u0633\u0644\u0629 \u0641\u064a <em><a href=\"https:\/\/en.wikipedia.org\/wiki\/V_Jump\">V Jump<\/a><\/em>\u060c \u062d\u064a\u062b \u0635\u062f\u0631 \u0627\u0644\u0641\u0635\u0644 \u0627\u0644\u0623\u0648\u0644 \u0641\u064a 21 \u064a\u0648\u0646\u064a\u0648 2011 \u0648\u0627\u0644\u062b\u0627\u0646\u064a \u0641\u064a 22 \u064a\u0648\u0644\u064a\u0648 \u0648\u0627\u0644\u062b\u0627\u0644\u062b \u0641\u064a 21 \u0623\u063a\u0633\u0637\u0633.<sup><a href=\"https:\/\/en.wikipedia.org\/wiki\/Dragon_Ball:_Episode_of_Bardock#cite_note-info-1\">[1]<\/a><\/sup> \u0641\u064a 21 \u0646\u0648\u0641\u0645\u0628\u0631 2011\u060c \u062a\u0645 \u0627\u0644\u0625\u0639\u0644\u0627\u0646 \u0639\u0646 <a href=\"https:\/\/en.wikipedia.org\/wiki\/Anime\">\u0627\u0642\u062a\u0628\u0627\u0633<\/a> \u0627\u0644\u0645\u0627\u0646\u062c\u0627 \u0645\u0646 \u0642\u0628\u0644 <a href=\"https:\/\/en.wikipedia.org\/wiki\/Toei_Animation\">\u0634\u0631\u0643\u0629 Toei Animation\u060c<\/a> \u0648\u062a\u0645 \u0639\u0631\u0636 \u0627\u0644\u0641\u064a\u0644\u0645 \u0627\u0644\u0642\u0635\u064a\u0631 \u0644\u0623\u0648\u0644 \u0645\u0631\u0629 \u0641\u064a 17-18 \u062f\u064a\u0633\u0645\u0628\u0631 2011 \u0641\u064a <a href=\"https:\/\/en.wikipedia.org\/wiki\/Jump_Festa\">Jump \u0645\u0647\u0631\u062c\u0627\u0646<\/a> 2012.<sup><a href=\"https:\/\/en.wikipedia.org\/wiki\/Dragon_Ball:_Episode_of_Bardock#cite_note-5\">[5]<\/a><\/sup> <a href=\"https:\/\/en.wikipedia.org\/wiki\/Kazuhiko_Torishima\">\u0643\u0627\u0632\u0648\u0647\u064a\u0643\u0648 \u062a\u0648\u0631\u064a\u0634\u064a\u0645\u0627<\/a>, <a href=\"https:\/\/en.wikipedia.org\/wiki\/Akira_Toriyama\">Akira Toriyama<\/a>\u0631\u0626\u064a\u0633 \u0627\u0644\u062a\u062d\u0631\u064a\u0631 \u0627\u0644\u0633\u0627\u0628\u0642 \u0648\u0631\u0626\u064a\u0633 \u0627\u0644\u062a\u062d\u0631\u064a\u0631 \u0627\u0644\u0633\u0627\u0628\u0642 \u0644\u0643\u0644 \u0645\u0646 <em><a href=\"https:\/\/en.wikipedia.org\/wiki\/Weekly_Sh%C5%8Dnen_Jump\">\u0648\u064a\u0643\u0644\u064a \u0634\u0648\u0646\u064a\u0646 Jump<\/a><\/em><em>\u0648\u0641\u064a Jump \u060c<\/em> \u0639\u0645\u0644 \u0643\u0645\u0646\u062a\u062c.  \u062d\u0635\u0644 \u0627\u0644\u0641\u064a\u0644\u0645 \u0644\u0627\u062d\u0642\u064b\u0627 \u0639\u0644\u0649 \u0625\u0635\u062f\u0627\u0631 \u0641\u064a\u062f\u064a\u0648 \u0645\u0646\u0632\u0644\u064a \u0645\u0642\u062a\u0631\u0646 DVD \u0645\u0639 <em><a href=\"https:\/\/en.wikipedia.org\/wiki\/Dragon_Ball:_Plan_to_Eradicate_the_Super_Saiyans\">Dragon Ball: \u062e\u0637\u0629 \u0644\u0644\u0642\u0636\u0627\u0621 \u0639\u0644\u0649 Super Saiyans<\/a><\/em> \u0627\u0644\u0645\u062f\u0631\u062c\u0629 \u0641\u064a \u0639\u062f\u062f \u0645\u0627\u0631\u0633 \u0645\u0646 \u0645\u062c\u0644\u0629 <em><a href=\"https:\/\/en.wikipedia.org\/wiki\/Saiky%C5%8D_Jump\">\u0633\u0627\u064a\u0643\u064a\u0648 Jump<\/a><\/em>\u0627\u0644\u0630\u064a \u0635\u062f\u0631 \u0641\u064a 3 \u0641\u0628\u0631\u0627\u064a\u0631 2012.<sup><a href=\"https:\/\/en.wikipedia.org\/wiki\/Dragon_Ball:_Episode_of_Bardock#cite_note-6\">[6]<\/a><\/sup><\/p>\n\n<p>\u062a\u0645\u062a \u0625\u0639\u0627\u062f\u0629 \u0637\u0628\u0627\u0639\u0629 \u0627\u0644\u0645\u0627\u0646\u062c\u0627 \u0628\u0623\u0643\u0645\u0644\u0647\u0627 \u0641\u064a \u0639\u062f\u062f \u0623\u0628\u0631\u064a\u0644 2012 \u0645\u0646 \u0645\u062c\u0644\u0629 <em>V Jump \u060c<\/em> \u0627\u0644\u062a\u064a \u0635\u062f\u0631\u062a \u0641\u064a 21 \u0641\u0628\u0631\u0627\u064a\u0631 2012\u060c \u0645\u0639 \u0646\u0647\u0627\u064a\u0629 \u0645\u062e\u062a\u0644\u0641\u0629 \u0642\u0644\u064a\u0644\u0627\u064b \u0639\u0646 \u0646\u0647\u0627\u064a\u0629 \u0627\u0644\u0641\u064a\u0644\u0645. \u062a\u0645 \u062a\u0636\u0645\u064a\u0646 \u0627\u0644\u0641\u064a\u0644\u0645 \u0645\u062a\u0631\u062c\u0645\u0627\u064b \u0641\u064a <a href=\"https:\/\/en.wikipedia.org\/wiki\/Video_game\">\u0644\u0639\u0628\u0629 \u0627\u0644\u0641\u064a\u062f\u064a\u0648<\/a> \u0627\u0644\u062d\u0635\u0631\u064a\u0629 \u0644\u0623\u0648\u0631\u0648\u0628\u0627 \u0648\u0634\u0645\u0627\u0644 American <a href=\"https:\/\/en.wikipedia.org\/wiki\/Xbox_360\">Xbox 360<\/a> <em><a href=\"https:\/\/en.wikipedia.org\/wiki\/Dragon_Ball_Z:_For_Kinect\">Dragon Ball Z: \u0644\u0640 Kinect<\/a><\/em>\u0627\u0644\u062a\u064a \u0635\u062f\u0631\u062a \u0641\u064a \u0623\u0643\u062a\u0648\u0628\u0631 2012.<sup><a href=\"https:\/\/en.wikipedia.org\/wiki\/Dragon_Ball:_Episode_of_Bardock#cite_note-7\">[7]<\/a><\/sup> \u062a\u0636\u0645\u0646 \u0639\u062f\u062f \u0645\u0627\u0631\u0633 \u0662\u0660\u0661\u0664 \u0645\u0646 \u0645\u062c\u0644\u0629 <em>Saiky\u014d Jump<\/em> \u0639\u062f\u062f \u0645\u0627\u0631\u0633 \u0662\u0660\u0661\u0664 \u0645\u0646 \u0645\u062c\u0644\u0629 <em><a href=\"https:\/\/en.wikipedia.org\/wiki\/Kanzenban\">\u0643\u0627\u0646\u0632\u064a\u0646\u0628\u0627\u0646<\/a><\/em> \u0646\u0633\u062e\u0629 \u0645\u0646 \u0625\u0639\u0627\u062f\u0629 \u0637\u0628\u0639 \u0639\u0627\u0645 2012 \u0645\u0646 <em>Dragon Ball:<\/em> <em>\u062d\u0644\u0642\u0629 \u0645\u0646 Bardock<\/em>.<sup><a href=\"https:\/\/en.wikipedia.org\/wiki\/Dragon_Ball:_Episode_of_Bardock#cite_note-8\">[8]<\/a><\/sup> <\/p>\n\n<p>\u0641\u064a 20 \u064a\u0648\u0646\u064a\u0648 2018\u060c \u062a\u0645 \u0625\u0635\u062f\u0627\u0631 \u0641\u064a\u0644\u0645 <em>Episode of Bardock<\/em> \u0641\u064a \u0641\u0631\u0646\u0633\u0627 \u0639\u0644\u0649 DVD \u0648 Blu-Ray \u0643\u062c\u0632\u0621 \u0645\u0646 \u0645\u062c\u0645\u0648\u0639\u0629 \u0627\u0644\u0643\u062a\u0627\u0628 \u0627\u0644\u0641\u0648\u0644\u0627\u0630\u064a <em>Golden Box Dragon Ball Z<\/em> \u0627\u0644\u0635\u0627\u062f\u0631\u0629 \u0639\u0646 <a href=\"https:\/\/en.wikipedia.org\/wiki\/Kaz%C3%A9\">\u0634\u0631\u0643\u0629 Kaz\u00e9\u060c<\/a> \u0643\u0645\u0627 \u062a\u062d\u062a\u0648\u064a \u0627\u0644\u0645\u062c\u0645\u0648\u0639\u0629 \u0623\u064a\u0636\u064b\u0627 \u0639\u0644\u0649 <em>Dragon Ball:<\/em> <em>\u062e\u0637\u0629 \u0627\u0644\u0642\u0636\u0627\u0621 \u0639\u0644\u0649 Super Saiyans ,<\/em><em><a href=\"https:\/\/en.wikipedia.org\/wiki\/Dragon_Ball_Z:_Battle_of_Gods\">Dragon Ball Z: \u0645\u0639\u0631\u0643\u0629 \u0627\u0644\u0622\u0644\u0647\u0629<\/a><\/em>\u0648 <em><a href=\"https:\/\/en.wikipedia.org\/wiki\/Dragon_Ball_Z:_Resurrection_%27F%27\">Dragon Ball Z: \u0627\u0644\u0642\u064a\u0627\u0645\u0629 \u201dF\u201c<\/a><\/em>.<sup><a href=\"https:\/\/en.wikipedia.org\/wiki\/Dragon_Ball:_Episode_of_Bardock#cite_note-9\">[9]<\/a><\/sup> <\/p>\n","protected":false},"excerpt":{"rendered":"<p>Dragon Ball: \u062d\u0644\u0642\u0629 \u0645\u0646 Bardock (Japanese: \u30c9\u30e9 \u30e9\u30b4\u30f3\u30dc\u30dc\u30fc \u30eb \u30a8\u30d4 \u30bd \u30c9 \u30fc \u30c9 \u30aa \u30a4 \u30d6 \u30fc \u30c0 \u30c0 \u30c3 \u30af\u060c \u0647\u064a\u0628\u0648\u0631\u0646: Doragon B\u014dru B\u014dru Epis\u014ddo obu B\u0101dakku) \u0647\u064a \u0633\u0644\u0633\u0644\u0629 \u0645\u0627\u0646\u063a\u0627 \u0645\u0646 \u062b\u0644\u0627\u062b\u0629 \u0641\u0635\u0648\u0644 Japanese \u0643\u062a\u0628\u0647\u0627 \u0648\u0631\u0633\u0645\u0647\u0627 \u0646\u0627\u0647\u0648 \u0623\u0648\u064a\u0634\u064a \u0646\u0627\u0647\u0648\u060c \u0627\u0633\u062a\u0646\u0627\u062f\u064b\u0627 \u0625\u0644\u0649 Akira Toriyama&#8216;s Dragon Ball. \u0625\u0646\u0647 \u0628\u0645\u062b\u0627\u0628\u0629 \u062a\u0643\u0645\u0644\u0629 \u0644\u0641\u064a\u0644\u0645 \u0627\u0644\u0631\u0633\u0648\u0645 \u0627\u0644\u0645\u062a\u062d\u0631\u0643\u0629 \u0627\u0644\u062a\u0644\u0641\u0632\u064a\u0648\u0646\u064a \u0627\u0644\u062e\u0627\u0635 [&hellip;]<\/p>\n","protected":false},"author":1,"featured_media":0,"parent":0,"menu_order":0,"comment_status":"closed","ping_status":"closed","template":"","meta":{"footnotes":""},"class_list":["post-688","page","type-page","status-publish","hentry"],"_links":{"self":[{"href":"https:\/\/wp.test.ate.otgs.work\/testqa201\/wp-json\/wp\/v2\/pages\/688","targetHints":{"allow":["GET"]}}],"collection":[{"href":"https:\/\/wp.test.ate.otgs.work\/testqa201\/wp-json\/wp\/v2\/pages"}],"about":[{"href":"https:\/\/wp.test.ate.otgs.work\/testqa201\/wp-json\/wp\/v2\/types\/page"}],"author":[{"embeddable":true,"href":"https:\/\/wp.test.ate.otgs.work\/testqa201\/wp-json\/wp\/v2\/users\/1"}],"replies":[{"embeddable":true,"href":"https:\/\/wp.test.ate.otgs.work\/testqa201\/wp-json\/wp\/v2\/comments?post=688"}],"version-history":[{"count":1,"href":"https:\/\/wp.test.ate.otgs.work\/testqa201\/wp-json\/wp\/v2\/pages\/688\/revisions"}],"predecessor-version":[{"id":689,"href":"https:\/\/wp.test.ate.otgs.work\/testqa201\/wp-json\/wp\/v2\/pages\/688\/revisions\/689"}],"wp:attachment":[{"href":"https:\/\/wp.test.ate.otgs.work\/testqa201\/wp-json\/wp\/v2\/media?parent=688"}],"curies":[{"name":"wp","href":"https:\/\/api.w.org\/{rel}","templated":true}]}}