{"id":626,"date":"2023-07-20T12:51:14","date_gmt":"2023-07-20T12:51:14","guid":{"rendered":"https:\/\/wp.test.ate.otgs.work\/testqa201\/%d8%a7%d8%ae%d8%aa%d8%a8%d8%a7%d8%b1-%d9%83%d8%b1%d8%b3%d8%aa%d9%8a3\/"},"modified":"2025-01-31T08:48:50","modified_gmt":"2025-01-31T08:48:50","slug":"%d8%a7%d8%ae%d8%aa%d8%a8%d8%a7%d8%b1-%d9%83%d8%b1%d8%b3%d8%aa%d9%8a3","status":"publish","type":"page","link":"https:\/\/wp.test.ate.otgs.work\/testqa201\/%d8%a7%d8%ae%d8%aa%d8%a8%d8%a7%d8%b1-%d9%83%d8%b1%d8%b3%d8%aa%d9%8a3\/?lang=ar","title":{"rendered":"\u0627\u062e\u062a\u0628\u0627\u0631 \u0643\u0631\u0633\u062a\u064a3"},"content":{"rendered":"\n<p>K\u00f6r\u00fcr\u00fclbel\u00fcl 10 uncia vizet iszom minden \u0642\u064a\u0644\u0648\u0644\u0629.<\/p>\n","protected":false},"excerpt":{"rendered":"<p>K\u00f6r\u00fcr\u00fclbel\u00fcl 10 uncia vizet iszom minden \u0642\u064a\u0644\u0648\u0644\u0629.<\/p>\n","protected":false},"author":1,"featured_media":0,"parent":0,"menu_order":0,"comment_status":"closed","ping_status":"closed","template":"","meta":{"footnotes":""},"class_list":["post-626","page","type-page","status-publish","hentry"],"_links":{"self":[{"href":"https:\/\/wp.test.ate.otgs.work\/testqa201\/wp-json\/wp\/v2\/pages\/626","targetHints":{"allow":["GET"]}}],"collection":[{"href":"https:\/\/wp.test.ate.otgs.work\/testqa201\/wp-json\/wp\/v2\/pages"}],"about":[{"href":"https:\/\/wp.test.ate.otgs.work\/testqa201\/wp-json\/wp\/v2\/types\/page"}],"author":[{"embeddable":true,"href":"https:\/\/wp.test.ate.otgs.work\/testqa201\/wp-json\/wp\/v2\/users\/1"}],"replies":[{"embeddable":true,"href":"https:\/\/wp.test.ate.otgs.work\/testqa201\/wp-json\/wp\/v2\/comments?post=626"}],"version-history":[{"count":1,"href":"https:\/\/wp.test.ate.otgs.work\/testqa201\/wp-json\/wp\/v2\/pages\/626\/revisions"}],"predecessor-version":[{"id":627,"href":"https:\/\/wp.test.ate.otgs.work\/testqa201\/wp-json\/wp\/v2\/pages\/626\/revisions\/627"}],"wp:attachment":[{"href":"https:\/\/wp.test.ate.otgs.work\/testqa201\/wp-json\/wp\/v2\/media?parent=626"}],"curies":[{"name":"wp","href":"https:\/\/api.w.org\/{rel}","templated":true}]}}