{"id":52,"date":"2023-07-13T20:57:04","date_gmt":"2023-07-13T20:57:04","guid":{"rendered":"https:\/\/wp.test.ate.otgs.work\/testqa201\/glossar-ausgaben-test\/"},"modified":"2023-07-13T20:57:04","modified_gmt":"2023-07-13T20:57:04","slug":"glossar-ausgaben-test","status":"publish","type":"page","link":"https:\/\/wp.test.ate.otgs.work\/testqa201\/glossar-ausgaben-test\/?lang=de","title":{"rendered":"Glossar Ausgaben Test"},"content":{"rendered":"\n<p><em>Zum Beispiel<\/em> ist &#8220;nicht aufgef\u00fchrt&#8221; ein Teil des<a href=\"https:\/\/www.google.com\/\" target=\"_blank\" rel=\"noreferrer noopener\">Glossars<\/a>&nbsp;<a href=\"https:\/\/www.google.com\/\" target=\"_blank\" rel=\"noreferrer noopener\">.<\/a><\/p>\n\n\n\n<p>Ein Teil des Wortes WICHTIG wird auch \u00fcber das Glossar \u00fcbersetzt?<\/p>\n\n\n\n<p>Bitte \u00fcbersetzen Sie diesen neuen Satz<\/p>\n","protected":false},"excerpt":{"rendered":"<p>Zum Beispiel ist &#8220;nicht aufgef\u00fchrt&#8221; ein Teil desGlossars&nbsp;. Ein Teil des Wortes WICHTIG wird auch \u00fcber das Glossar \u00fcbersetzt? Bitte \u00fcbersetzen Sie diesen neuen Satz<\/p>\n","protected":false},"author":1,"featured_media":0,"parent":0,"menu_order":0,"comment_status":"closed","ping_status":"closed","template":"","meta":{"footnotes":""},"class_list":["post-52","page","type-page","status-publish","hentry"],"_links":{"self":[{"href":"https:\/\/wp.test.ate.otgs.work\/testqa201\/wp-json\/wp\/v2\/pages\/52","targetHints":{"allow":["GET"]}}],"collection":[{"href":"https:\/\/wp.test.ate.otgs.work\/testqa201\/wp-json\/wp\/v2\/pages"}],"about":[{"href":"https:\/\/wp.test.ate.otgs.work\/testqa201\/wp-json\/wp\/v2\/types\/page"}],"author":[{"embeddable":true,"href":"https:\/\/wp.test.ate.otgs.work\/testqa201\/wp-json\/wp\/v2\/users\/1"}],"replies":[{"embeddable":true,"href":"https:\/\/wp.test.ate.otgs.work\/testqa201\/wp-json\/wp\/v2\/comments?post=52"}],"version-history":[{"count":0,"href":"https:\/\/wp.test.ate.otgs.work\/testqa201\/wp-json\/wp\/v2\/pages\/52\/revisions"}],"wp:attachment":[{"href":"https:\/\/wp.test.ate.otgs.work\/testqa201\/wp-json\/wp\/v2\/media?parent=52"}],"curies":[{"name":"wp","href":"https:\/\/api.w.org\/{rel}","templated":true}]}}