{"id":51,"date":"2023-07-13T20:57:04","date_gmt":"2023-07-13T20:57:04","guid":{"rendered":"https:\/\/wp.test.ate.otgs.work\/testqa201\/glossaire-questions-test\/"},"modified":"2023-07-31T15:17:33","modified_gmt":"2023-07-31T15:17:33","slug":"glossaire-questions-test","status":"publish","type":"page","link":"https:\/\/wp.test.ate.otgs.work\/testqa201\/glossaire-questions-test\/?lang=fr","title":{"rendered":"Glossaire Questions Test"},"content":{"rendered":"\n<p><em>Par exemple<\/em>, non d\u00e9taill\u00e9 est une partie du<a href=\"https:\/\/www.google.com\/\" target=\"_blank\" rel=\"noreferrer noopener\">glossaire<\/a>&nbsp;<a href=\"https:\/\/www.google.com\/\" target=\"_blank\" rel=\"noreferrer noopener\">.<\/a><\/p>\n\n\n\n<p>Une partie du mot IMPORTANT est \u00e9galement traduite dans le glossaire ?<\/p>\n\n\n\n<p>Veuillez traduire cette nouvelle phrase<\/p>\n","protected":false},"excerpt":{"rendered":"<p>Par exemple, non d\u00e9taill\u00e9 est une partie duglossaire&nbsp;. Une partie du mot IMPORTANT est \u00e9galement traduite dans le glossaire ? Veuillez traduire cette nouvelle phrase<\/p>\n","protected":false},"author":1,"featured_media":0,"parent":0,"menu_order":0,"comment_status":"closed","ping_status":"closed","template":"","meta":{"footnotes":""},"class_list":["post-51","page","type-page","status-publish","hentry"],"_links":{"self":[{"href":"https:\/\/wp.test.ate.otgs.work\/testqa201\/wp-json\/wp\/v2\/pages\/51","targetHints":{"allow":["GET"]}}],"collection":[{"href":"https:\/\/wp.test.ate.otgs.work\/testqa201\/wp-json\/wp\/v2\/pages"}],"about":[{"href":"https:\/\/wp.test.ate.otgs.work\/testqa201\/wp-json\/wp\/v2\/types\/page"}],"author":[{"embeddable":true,"href":"https:\/\/wp.test.ate.otgs.work\/testqa201\/wp-json\/wp\/v2\/users\/1"}],"replies":[{"embeddable":true,"href":"https:\/\/wp.test.ate.otgs.work\/testqa201\/wp-json\/wp\/v2\/comments?post=51"}],"version-history":[{"count":1,"href":"https:\/\/wp.test.ate.otgs.work\/testqa201\/wp-json\/wp\/v2\/pages\/51\/revisions"}],"predecessor-version":[{"id":220,"href":"https:\/\/wp.test.ate.otgs.work\/testqa201\/wp-json\/wp\/v2\/pages\/51\/revisions\/220"}],"wp:attachment":[{"href":"https:\/\/wp.test.ate.otgs.work\/testqa201\/wp-json\/wp\/v2\/media?parent=51"}],"curies":[{"name":"wp","href":"https:\/\/api.w.org\/{rel}","templated":true}]}}