{"id":496,"date":"2024-01-15T13:54:34","date_gmt":"2024-01-15T13:54:34","guid":{"rendered":"https:\/\/wp.test.ate.otgs.work\/testqa201\/papa-noel\/"},"modified":"2024-01-15T13:54:34","modified_gmt":"2024-01-15T13:54:34","slug":"papa-noel","status":"publish","type":"page","link":"https:\/\/wp.test.ate.otgs.work\/testqa201\/papa-noel\/?lang=es","title":{"rendered":"Pap\u00e1 Noel"},"content":{"rendered":"\n<p><strong>Santa<\/strong> Claus, tambi\u00e9n conocido como <strong>Pap\u00e1 Noel<\/strong>, <strong>\n  <a href=\"https:\/\/en.wikipedia.org\/wiki\/Saint_Nicholas\">San Nicol\u00e1s<\/a>\n<\/strong><strong>San<\/strong> Nicol\u00e1s, <strong>Kris Kringle<\/strong>, o simplemente <strong>Santa<\/strong>, es una figura <a href=\"https:\/\/en.wikipedia.org\/wiki\/Legend\">legendaria<\/a> <sup>\n  <a href=\"https:\/\/en.wikipedia.org\/wiki\/Santa_Claus#cite_note-1\">[1]<\/a>\n<\/sup> originaria de la <a href=\"https:\/\/en.wikipedia.org\/wiki\/Western_Christianity\">cultura cristiana<\/a> occidental de la que se dice que <a href=\"https:\/\/en.wikipedia.org\/wiki\/Christmas_gift-bringer\">trae regalos durante las \u00faltimas horas de la tarde y la noche<\/a> de <a href=\"https:\/\/en.wikipedia.org\/wiki\/Christmas_Eve\">Nochebuena<\/a>. Se dice que lo consigue con la ayuda de <a href=\"https:\/\/en.wikipedia.org\/wiki\/Christmas_elf\">los elfos navide\u00f1os<\/a>, que fabrican los juguetes en su <a href=\"https:\/\/en.wikipedia.org\/wiki\/Santa%27s_workshop\">taller<\/a>, y con la ayuda de los <a href=\"https:\/\/en.wikipedia.org\/wiki\/Santa_Claus%27s_reindeer\">renos voladores<\/a> que tiran de su <a href=\"https:\/\/en.wikipedia.org\/wiki\/Sleigh\">trineo<\/a> por el aire.<sup>\n  <a href=\"https:\/\/en.wikipedia.org\/wiki\/Santa_Claus#cite_note-2\">[2]<\/a>\n<\/sup><sup>\n  <a href=\"https:\/\/en.wikipedia.org\/wiki\/Santa_Claus#cite_note-3\">[3]<\/a>\n<\/sup><\/p>\n\n\n\n<p>La figura moderna de Pap\u00e1 Noel se basa en las tradiciones folcl\u00f3ricas en torno a <a href=\"https:\/\/en.wikipedia.org\/wiki\/Saint_Nicholas_(European_folklore)\">San Nicol\u00e1s<\/a>, la figura inglesa de <a href=\"https:\/\/en.wikipedia.org\/wiki\/Father_Christmas\">Pap\u00e1 Noel<\/a>, la alemana <a href=\"https:\/\/en.wikipedia.org\/wiki\/Belsnickel\">Belsnickel<\/a> y la <a href=\"https:\/\/en.wikipedia.org\/wiki\/Folklore_of_the_Low_Countries\">holandesa<\/a> de <em>\n  <a href=\"https:\/\/en.wikipedia.org\/wiki\/Sinterklaas\">Sinterklaas<\/a>\n<\/em>.<\/p>\n\n\n\n<p>A Pap\u00e1 Noel se le suele representar como un hombre corpulento, jovial y de <a href=\"https:\/\/en.wikipedia.org\/wiki\/Beard\">barba<\/a> blanca, a menudo con <a href=\"https:\/\/en.wikipedia.org\/wiki\/Spectacles\">gafas<\/a>, que viste un abrigo rojo con cuello y pu\u00f1os de piel blanca, pantalones rojos con pu\u00f1os de piel blanca, un gorro rojo ribeteado de piel blanca, un cintur\u00f3n y botas de cuero negro, y lleva una bolsa llena de regalos para los ni\u00f1os. Popularmente se le asocia con una <a href=\"https:\/\/en.wikipedia.org\/wiki\/Laughter\">risa<\/a> profunda y sincera, frecuentemente interpretada en <a href=\"https:\/\/en.wikipedia.org\/wiki\/List_of_Christmas-themed_literature\">la literatura navide\u00f1a<\/a> como &#8220;\u00a1jo, jo, jo!&#8221;.<\/p>\n\n\n\n<p>Esta imagen se origin\u00f3 en Norteam\u00e9rica durante el siglo XIX y se ha mantenido y reforzado a trav\u00e9s de las canciones, la radio, la televisi\u00f3n, los libros infantiles, las <a href=\"https:\/\/en.wikipedia.org\/wiki\/Christmas_traditions\">tradiciones navide\u00f1as<\/a> familiares, las pel\u00edculas y la publicidad.<\/p>\n","protected":false},"excerpt":{"rendered":"<p>Santa Claus, tambi\u00e9n conocido como Pap\u00e1 Noel, San Nicol\u00e1s San Nicol\u00e1s, Kris Kringle, o simplemente Santa, es una figura legendaria [1] originaria de la cultura cristiana occidental de la que se dice que trae regalos durante las \u00faltimas horas de la tarde y la noche de Nochebuena. Se dice que lo consigue con la ayuda [&hellip;]<\/p>\n","protected":false},"author":1,"featured_media":0,"parent":0,"menu_order":0,"comment_status":"closed","ping_status":"closed","template":"","meta":{"footnotes":""},"class_list":["post-496","page","type-page","status-publish","hentry"],"_links":{"self":[{"href":"https:\/\/wp.test.ate.otgs.work\/testqa201\/wp-json\/wp\/v2\/pages\/496","targetHints":{"allow":["GET"]}}],"collection":[{"href":"https:\/\/wp.test.ate.otgs.work\/testqa201\/wp-json\/wp\/v2\/pages"}],"about":[{"href":"https:\/\/wp.test.ate.otgs.work\/testqa201\/wp-json\/wp\/v2\/types\/page"}],"author":[{"embeddable":true,"href":"https:\/\/wp.test.ate.otgs.work\/testqa201\/wp-json\/wp\/v2\/users\/1"}],"replies":[{"embeddable":true,"href":"https:\/\/wp.test.ate.otgs.work\/testqa201\/wp-json\/wp\/v2\/comments?post=496"}],"version-history":[{"count":0,"href":"https:\/\/wp.test.ate.otgs.work\/testqa201\/wp-json\/wp\/v2\/pages\/496\/revisions"}],"wp:attachment":[{"href":"https:\/\/wp.test.ate.otgs.work\/testqa201\/wp-json\/wp\/v2\/media?parent=496"}],"curies":[{"name":"wp","href":"https:\/\/api.w.org\/{rel}","templated":true}]}}