{"id":495,"date":"2024-01-15T13:54:34","date_gmt":"2024-01-15T13:54:34","guid":{"rendered":"https:\/\/wp.test.ate.otgs.work\/testqa201\/weihnachtsmann\/"},"modified":"2024-01-15T13:54:34","modified_gmt":"2024-01-15T13:54:34","slug":"weihnachtsmann","status":"publish","type":"page","link":"https:\/\/wp.test.ate.otgs.work\/testqa201\/weihnachtsmann\/?lang=de","title":{"rendered":"Weihnachtsmann"},"content":{"rendered":"\n<p>Der <strong>Weihnachtsmann<\/strong>, auch bekannt als <strong>Father Christmas<\/strong>, <strong>\n  <a href=\"https:\/\/en.wikipedia.org\/wiki\/Saint_Nicholas\">Heiliger Nikolaus<\/a>\n<\/strong>, <strong>Saint Nick<\/strong>, <strong>Kris Kringle<\/strong> oder einfach <strong>Santa<\/strong>, ist eine <a href=\"https:\/\/en.wikipedia.org\/wiki\/Legend\">legend\u00e4re<\/a> Figur<sup>\n  <a href=\"https:\/\/en.wikipedia.org\/wiki\/Santa_Claus#cite_note-1\">[1]<\/a>\n<\/sup> die ihren Ursprung in der <a href=\"https:\/\/en.wikipedia.org\/wiki\/Western_Christianity\">westlichen christlichen Kultur<\/a> hat und der man nachsagt, dass sie <a href=\"https:\/\/en.wikipedia.org\/wiki\/Christmas_gift-bringer\">in den sp\u00e4ten Abend- und Nachtstunden<\/a> des <a href=\"https:\/\/en.wikipedia.org\/wiki\/Christmas_Eve\">Heiligen<\/a> Abends <a href=\"https:\/\/en.wikipedia.org\/wiki\/Christmas_gift-bringer\">Geschenke bringt<\/a>. Man sagt, dass er dies mit Hilfe von <a href=\"https:\/\/en.wikipedia.org\/wiki\/Christmas_elf\">Weihnachtselfen<\/a>, die das Spielzeug in seiner <a href=\"https:\/\/en.wikipedia.org\/wiki\/Santa%27s_workshop\">Werkstatt<\/a> herstellen, und mit Hilfe von <a href=\"https:\/\/en.wikipedia.org\/wiki\/Santa_Claus%27s_reindeer\">fliegenden Rentieren<\/a>, die seinen <a href=\"https:\/\/en.wikipedia.org\/wiki\/Sleigh\">Schlitten<\/a> durch die Luft ziehen, schafft.<sup>\n  <a href=\"https:\/\/en.wikipedia.org\/wiki\/Santa_Claus#cite_note-2\">[2]<\/a>\n<\/sup><sup>\n  <a href=\"https:\/\/en.wikipedia.org\/wiki\/Santa_Claus#cite_note-3\">[3]<\/a>\n<\/sup><\/p>\n\n\n\n<p>Die moderne Figur des Weihnachtsmanns basiert auf den volkst\u00fcmlichen Traditionen rund um den <a href=\"https:\/\/en.wikipedia.org\/wiki\/Saint_Nicholas_(European_folklore)\">Heiligen Nikolaus<\/a>, die englische Figur des <a href=\"https:\/\/en.wikipedia.org\/wiki\/Father_Christmas\">Father Christmas<\/a>, den deutschen <a href=\"https:\/\/en.wikipedia.org\/wiki\/Belsnickel\">Belsnickel<\/a> und die <a href=\"https:\/\/en.wikipedia.org\/wiki\/Folklore_of_the_Low_Countries\">niederl\u00e4ndische<\/a> Figur des <em>\n  <a href=\"https:\/\/en.wikipedia.org\/wiki\/Sinterklaas\">Sinterklaas<\/a>\n<\/em>.<\/p>\n\n\n\n<p>Der Weihnachtsmann wird im Allgemeinen als korpulenter, fr\u00f6hlicher Mann mit wei\u00dfem <a href=\"https:\/\/en.wikipedia.org\/wiki\/Beard\">Bart<\/a> und <a href=\"https:\/\/en.wikipedia.org\/wiki\/Spectacles\">Brille<\/a> dargestellt. Er tr\u00e4gt einen roten Mantel mit wei\u00dfem Pelzkragen und Manschetten, eine rote Hose mit wei\u00dfen Pelzb\u00fcndchen, eine rote, mit wei\u00dfem Pelz besetzte M\u00fctze, einen schwarzen Lederg\u00fcrtel und Stiefel und hat einen Sack voller Geschenke f\u00fcr die Kinder dabei. Er wird im Volksmund mit einem tiefen, herzhaften <a href=\"https:\/\/en.wikipedia.org\/wiki\/Laughter\">Lachen<\/a> assoziiert, das in der <a href=\"https:\/\/en.wikipedia.org\/wiki\/List_of_Christmas-themed_literature\">Weihnachtsliteratur<\/a> h\u00e4ufig als &#8220;ho, ho, ho!&#8221; wiedergegeben wird.<\/p>\n\n\n\n<p>Dieses Bild entstand im 19. Jahrhundert in Nordamerika und wurde durch Lieder, Radio, Fernsehen, Kinderb\u00fccher, <a href=\"https:\/\/en.wikipedia.org\/wiki\/Christmas_traditions\">Weihnachtstraditionen<\/a> in der Familie, Filme und Werbung aufrechterhalten und verst\u00e4rkt.<\/p>\n","protected":false},"excerpt":{"rendered":"<p>Der Weihnachtsmann, auch bekannt als Father Christmas, Heiliger Nikolaus , Saint Nick, Kris Kringle oder einfach Santa, ist eine legend\u00e4re Figur [1] die ihren Ursprung in der westlichen christlichen Kultur hat und der man nachsagt, dass sie in den sp\u00e4ten Abend- und Nachtstunden des Heiligen Abends Geschenke bringt. Man sagt, dass er dies mit Hilfe [&hellip;]<\/p>\n","protected":false},"author":1,"featured_media":0,"parent":0,"menu_order":0,"comment_status":"closed","ping_status":"closed","template":"","meta":{"footnotes":""},"class_list":["post-495","page","type-page","status-publish","hentry"],"_links":{"self":[{"href":"https:\/\/wp.test.ate.otgs.work\/testqa201\/wp-json\/wp\/v2\/pages\/495","targetHints":{"allow":["GET"]}}],"collection":[{"href":"https:\/\/wp.test.ate.otgs.work\/testqa201\/wp-json\/wp\/v2\/pages"}],"about":[{"href":"https:\/\/wp.test.ate.otgs.work\/testqa201\/wp-json\/wp\/v2\/types\/page"}],"author":[{"embeddable":true,"href":"https:\/\/wp.test.ate.otgs.work\/testqa201\/wp-json\/wp\/v2\/users\/1"}],"replies":[{"embeddable":true,"href":"https:\/\/wp.test.ate.otgs.work\/testqa201\/wp-json\/wp\/v2\/comments?post=495"}],"version-history":[{"count":0,"href":"https:\/\/wp.test.ate.otgs.work\/testqa201\/wp-json\/wp\/v2\/pages\/495\/revisions"}],"wp:attachment":[{"href":"https:\/\/wp.test.ate.otgs.work\/testqa201\/wp-json\/wp\/v2\/media?parent=495"}],"curies":[{"name":"wp","href":"https:\/\/api.w.org\/{rel}","templated":true}]}}