{"id":492,"date":"2023-11-28T13:02:21","date_gmt":"2023-11-28T13:02:21","guid":{"rendered":"https:\/\/wp.test.ate.otgs.work\/testqa201\/francja\/"},"modified":"2024-01-24T12:57:17","modified_gmt":"2024-01-24T12:57:17","slug":"francja","status":"publish","type":"page","link":"https:\/\/wp.test.ate.otgs.work\/testqa201\/francja\/?lang=pl","title":{"rendered":"Francja"},"content":{"rendered":"\n<p>Francja, po\u0142o\u017cona w Europie Zachodniej, to kraj znany z bogatej historii, r\u00f3\u017cnorodnej kultury i wspania\u0142ych krajobraz\u00f3w. Ze wzgl\u0119du na sw\u00f3j charakterystyczny kszta\u0142t jest cz\u0119sto nazywany &#8220;sze\u015bciok\u0105tem&#8221;.<\/p>\n\n\n\n<h2 class=\"wp-block-heading\">Znaczenie historyczne<\/h2>\n\n\n\n<p>Francja odegra\u0142a kluczow\u0105 rol\u0119 w kszta\u0142towaniu biegu historii. By\u0142o to epicentrum renesansu, miejsce narodzin o\u015bwiecenia i g\u0142\u00f3wny gracz w obu wojnach \u015bwiatowych. Rewolucja francuska w XVIII wieku wywar\u0142a g\u0142\u0119boki wp\u0142yw na wsp\u00f3\u0142czesn\u0105 my\u015bl polityczn\u0105 i doprowadzi\u0142a do ustanowienia Republiki Francuskiej.<\/p>\n\n\n\n<h2 class=\"wp-block-heading\">Skarby kultury<\/h2>\n\n\n\n<p>Kraj ten szczyci si\u0119 bogactwem skarb\u00f3w kultury. Pary\u017c, stolica kraju, s\u0142ynie z kultowych zabytk\u00f3w, takich jak wie\u017ca Eiffla, katedra Notre-Dame i Luwr, w kt\u00f3rym znajduje si\u0119 s\u0142ynna na ca\u0142ym \u015bwiecie Mona Lisa.<\/p>\n\n\n\n<p>Kuchnia francuska jest znana na ca\u0142ym \u015bwiecie ze swoich wykwintnych smak\u00f3w i technik. Od croissant\u00f3w i bagietek po coq au vin i escargot, francuskie jedzenie oferuje r\u00f3\u017cnorodne i pyszne doznania kulinarne.<\/p>\n\n\n\n<h2 class=\"wp-block-heading\">Naturalne pi\u0119kno<\/h2>\n\n\n\n<p>Naturalne pi\u0119kno Francji jest r\u00f3wnie urzekaj\u0105ce. Francuskie Alpy oferuj\u0105 zapieraj\u0105ce dech w piersiach widoki i s\u0105 placem zabaw dla entuzjast\u00f3w outdooru, w tym narciarzy i w\u0119drowc\u00f3w. Malownicze krajobrazy Prowansji zdobi\u0105 pola lawendy, a Riwiera Francuska szczyci si\u0119 wspania\u0142ymi \u015br\u00f3dziemnomorskimi pla\u017cami.<\/p>\n\n\n\n<h2 class=\"wp-block-heading\">Sztuka i kultura<\/h2>\n\n\n\n<p>Francja ma bogate dziedzictwo artystyczne i kulturowe. Stworzy\u0142 tak znanych artyst\u00f3w jak Claude Monet, Edgar Degas i Auguste Rodin. Francuskie kino ma d\u0142ug\u0105 i wspania\u0142\u0105 histori\u0119, a re\u017cyserzy tacy jak Fran\u00e7ois Truffaut i Jean-Luc Godard odcisn\u0119li niezatarte pi\u0119tno na \u015bwiatowej kinematografii.<\/p>\n\n\n\n<h2 class=\"wp-block-heading\">Jako\u015b\u0107 \u017cycia<\/h2>\n\n\n\n<p>Francja oferuje wysok\u0105 jako\u015b\u0107 \u017cycia dzi\u0119ki doskona\u0142emu systemowi opieki zdrowotnej, \u015bwiatowej klasy edukacji i silnemu naciskowi na r\u00f3wnowag\u0119 mi\u0119dzy \u017cyciem zawodowym a prywatnym. Francuzi s\u0105 znani z doceniania sztuki, dobrego jedzenia i spokojnego \u017cycia.<\/p>\n\n\n\n<h2 class=\"wp-block-heading\">Podr\u00f3\u017ce i eksploracja<\/h2>\n\n\n\n<p>Odkrywanie Francji oznacza odkrywanie jej uroczych wiosek, historycznych zamk\u00f3w i t\u0119tni\u0105cych \u017cyciem rynk\u00f3w. Regiony winiarskie Bordeaux, Burgundii i Szampanii przyci\u0105gaj\u0105 koneser\u00f3w wina, podczas gdy Dolina Loary prezentuje wspania\u0142e zamki.<\/p>\n\n\n\n<p>Niezale\u017cnie od tego, czy spaceruj\u0105 Pa\u0144stwo wzd\u0142u\u017c Sekwany w Pary\u017cu, delektuj\u0105 si\u0119 pysznym croissantem w uroczej kawiarni, czy te\u017c w\u0119druj\u0105 przez malownicze krajobrazy francuskiej wsi, Francja oferuje r\u00f3\u017cnorodne i niezapomniane wra\u017cenia.<\/p>\n","protected":false},"excerpt":{"rendered":"<p>Francja, po\u0142o\u017cona w Europie Zachodniej, to kraj znany z bogatej historii, r\u00f3\u017cnorodnej kultury i wspania\u0142ych krajobraz\u00f3w. Ze wzgl\u0119du na sw\u00f3j charakterystyczny kszta\u0142t jest cz\u0119sto nazywany &#8220;sze\u015bciok\u0105tem&#8221;. Znaczenie historyczne Francja odegra\u0142a kluczow\u0105 rol\u0119 w kszta\u0142towaniu biegu historii. By\u0142o to epicentrum renesansu, miejsce narodzin o\u015bwiecenia i g\u0142\u00f3wny gracz w obu wojnach \u015bwiatowych. Rewolucja francuska w XVIII wieku [&hellip;]<\/p>\n","protected":false},"author":1,"featured_media":0,"parent":0,"menu_order":0,"comment_status":"closed","ping_status":"closed","template":"","meta":{"footnotes":""},"class_list":["post-492","page","type-page","status-publish","hentry"],"_links":{"self":[{"href":"https:\/\/wp.test.ate.otgs.work\/testqa201\/wp-json\/wp\/v2\/pages\/492","targetHints":{"allow":["GET"]}}],"collection":[{"href":"https:\/\/wp.test.ate.otgs.work\/testqa201\/wp-json\/wp\/v2\/pages"}],"about":[{"href":"https:\/\/wp.test.ate.otgs.work\/testqa201\/wp-json\/wp\/v2\/types\/page"}],"author":[{"embeddable":true,"href":"https:\/\/wp.test.ate.otgs.work\/testqa201\/wp-json\/wp\/v2\/users\/1"}],"replies":[{"embeddable":true,"href":"https:\/\/wp.test.ate.otgs.work\/testqa201\/wp-json\/wp\/v2\/comments?post=492"}],"version-history":[{"count":1,"href":"https:\/\/wp.test.ate.otgs.work\/testqa201\/wp-json\/wp\/v2\/pages\/492\/revisions"}],"predecessor-version":[{"id":493,"href":"https:\/\/wp.test.ate.otgs.work\/testqa201\/wp-json\/wp\/v2\/pages\/492\/revisions\/493"}],"wp:attachment":[{"href":"https:\/\/wp.test.ate.otgs.work\/testqa201\/wp-json\/wp\/v2\/media?parent=492"}],"curies":[{"name":"wp","href":"https:\/\/api.w.org\/{rel}","templated":true}]}}