{"id":483,"date":"2023-08-27T21:26:53","date_gmt":"2023-08-27T21:26:53","guid":{"rendered":"https:\/\/wp.test.ate.otgs.work\/testqa201\/pl-measurement-metric-translation-new\/"},"modified":"2023-08-27T21:26:53","modified_gmt":"2023-08-27T21:26:53","slug":"pl-measurement-metric-translation-new","status":"publish","type":"page","link":"https:\/\/wp.test.ate.otgs.work\/testqa201\/pl-measurement-metric-translation-new\/?lang=pl","title":{"rendered":"pl Measurement Metric Translation New"},"content":{"rendered":"<p>pl An average 600ml soda, for example, is actually 2 to 3 servings.<\/p>\n<p>Podstawowa ilo\u015b\u0107 wody, jak\u0105 nale\u017cy pi\u0107 ka\u017cdego dnia, to co najmniej sze\u015b\u0107 szklanek o pojemno\u015bci 200 ml ka\u017cdego dnia.<\/p>\n<p>pl An average person is 5 ft. tall<\/p>\n<p>pl The average height of a human being is 150cm usually.<\/p>\n<p>pl A foot ruler is 12\u2033 in length more often than not.<\/p>\n<p>pl Terms &amp; Conditions new page<\/p>\n<p>pl A foot ruler is 30cm in length more often than not.<\/p>\n","protected":false},"excerpt":{"rendered":"<p>pl An average 600ml soda, for example, is actually 2 to 3 servings. Podstawowa ilo\u015b\u0107 wody, jak\u0105 nale\u017cy pi\u0107 ka\u017cdego dnia, to co najmniej sze\u015b\u0107 szklanek o pojemno\u015bci 200 ml ka\u017cdego dnia. pl An average person is 5 ft. tall pl The average height of a human being is 150cm usually. pl A foot ruler [&hellip;]<\/p>\n","protected":false},"author":1,"featured_media":0,"parent":0,"menu_order":0,"comment_status":"closed","ping_status":"closed","template":"","meta":{"footnotes":""},"class_list":["post-483","page","type-page","status-publish","hentry"],"_links":{"self":[{"href":"https:\/\/wp.test.ate.otgs.work\/testqa201\/wp-json\/wp\/v2\/pages\/483","targetHints":{"allow":["GET"]}}],"collection":[{"href":"https:\/\/wp.test.ate.otgs.work\/testqa201\/wp-json\/wp\/v2\/pages"}],"about":[{"href":"https:\/\/wp.test.ate.otgs.work\/testqa201\/wp-json\/wp\/v2\/types\/page"}],"author":[{"embeddable":true,"href":"https:\/\/wp.test.ate.otgs.work\/testqa201\/wp-json\/wp\/v2\/users\/1"}],"replies":[{"embeddable":true,"href":"https:\/\/wp.test.ate.otgs.work\/testqa201\/wp-json\/wp\/v2\/comments?post=483"}],"version-history":[{"count":0,"href":"https:\/\/wp.test.ate.otgs.work\/testqa201\/wp-json\/wp\/v2\/pages\/483\/revisions"}],"wp:attachment":[{"href":"https:\/\/wp.test.ate.otgs.work\/testqa201\/wp-json\/wp\/v2\/media?parent=483"}],"curies":[{"name":"wp","href":"https:\/\/api.w.org\/{rel}","templated":true}]}}