{"id":459,"date":"2023-12-20T13:46:25","date_gmt":"2023-12-20T13:46:25","guid":{"rendered":"https:\/\/wp.test.ate.otgs.work\/testqa201\/test-aa\/"},"modified":"2024-01-15T14:45:19","modified_gmt":"2024-01-15T14:45:19","slug":"test-aa","status":"publish","type":"page","link":"https:\/\/wp.test.ate.otgs.work\/testqa201\/test-aa\/?lang=pl","title":{"rendered":"test aa"},"content":{"rendered":"\n<p><strong>Ciekawostka<\/strong>: samochody s\u0105 ci\u0119\u017ckie.<\/p>\n","protected":false},"excerpt":{"rendered":"<p>Ciekawostka: samochody s\u0105 ci\u0119\u017ckie.<\/p>\n","protected":false},"author":1,"featured_media":0,"parent":0,"menu_order":0,"comment_status":"closed","ping_status":"closed","template":"","meta":{"footnotes":""},"class_list":["post-459","page","type-page","status-publish","hentry"],"_links":{"self":[{"href":"https:\/\/wp.test.ate.otgs.work\/testqa201\/wp-json\/wp\/v2\/pages\/459","targetHints":{"allow":["GET"]}}],"collection":[{"href":"https:\/\/wp.test.ate.otgs.work\/testqa201\/wp-json\/wp\/v2\/pages"}],"about":[{"href":"https:\/\/wp.test.ate.otgs.work\/testqa201\/wp-json\/wp\/v2\/types\/page"}],"author":[{"embeddable":true,"href":"https:\/\/wp.test.ate.otgs.work\/testqa201\/wp-json\/wp\/v2\/users\/1"}],"replies":[{"embeddable":true,"href":"https:\/\/wp.test.ate.otgs.work\/testqa201\/wp-json\/wp\/v2\/comments?post=459"}],"version-history":[{"count":2,"href":"https:\/\/wp.test.ate.otgs.work\/testqa201\/wp-json\/wp\/v2\/pages\/459\/revisions"}],"predecessor-version":[{"id":463,"href":"https:\/\/wp.test.ate.otgs.work\/testqa201\/wp-json\/wp\/v2\/pages\/459\/revisions\/463"}],"wp:attachment":[{"href":"https:\/\/wp.test.ate.otgs.work\/testqa201\/wp-json\/wp\/v2\/media?parent=459"}],"curies":[{"name":"wp","href":"https:\/\/api.w.org\/{rel}","templated":true}]}}