{"id":430,"date":"2023-11-27T07:04:43","date_gmt":"2023-11-27T07:04:43","guid":{"rendered":"https:\/\/wp.test.ate.otgs.work\/testqa201\/?page_id=430"},"modified":"2023-11-27T07:04:43","modified_gmt":"2023-11-27T07:04:43","slug":"romania-2","status":"publish","type":"page","link":"https:\/\/wp.test.ate.otgs.work\/testqa201\/romania-2\/","title":{"rendered":"Romania"},"content":{"rendered":"\n<p><strong>Romania<\/strong>,\u00a0<a href=\"https:\/\/www.britannica.com\/topic\/nation-state\">country<\/a>\u00a0of southeastern\u00a0<a href=\"https:\/\/www.britannica.com\/place\/Europe\">Europe<\/a>. The national capital is\u00a0<a href=\"https:\/\/www.britannica.com\/place\/Bucharest\">Bucharest<\/a>. Romania was occupied by Soviet troops in 1944 and became a satellite of the\u00a0<a href=\"https:\/\/www.britannica.com\/place\/Soviet-Union\">Union of Soviet Socialist Republics<\/a>\u00a0(U.S.S.R.) in 1948. The country was under communist rule from 1948 until 1989, when the\u00a0<a href=\"https:\/\/www.britannica.com\/dictionary\/regime\">regime<\/a>\u00a0of Romanian leader\u00a0<a href=\"https:\/\/www.britannica.com\/biography\/Nicolae-Ceausescu\">Nicolae Ceau\u0219escu<\/a>\u00a0was overthrown. Free elections were held in 1990. In 2004 the country joined the\u00a0<a href=\"https:\/\/www.britannica.com\/topic\/North-Atlantic-Treaty-Organization\">North Atlantic Treaty Organization<\/a>\u00a0(NATO), and in 2007 it became a member of the\u00a0<a href=\"https:\/\/www.britannica.com\/topic\/European-Union\">European Union<\/a>\u00a0(EU).<\/p>\n\n\n\n<p>The Romanian landscape is approximately one-third mountainous and one-third forested, with the remainder made up of hills and plains. The climate is temperate and marked by four distinct seasons. Romania enjoys a considerable wealth of natural resources: fertile land for agriculture; pastures for livestock; forests that provide hard and soft woods; petroleum reserves; metals, including gold and silver in the\u00a0<a href=\"https:\/\/www.britannica.com\/place\/Apuseni-Mountains\">Apuseni Mountains<\/a>; numerous rivers that supply hydroelectricity; and a\u00a0<a href=\"https:\/\/www.britannica.com\/place\/Black-Sea\">Black Sea<\/a>\u00a0coastline that is the site of both ports and resorts.<\/p>\n\n\n\n<p>The Romanian people&nbsp;<a href=\"https:\/\/www.britannica.com\/dictionary\/derive\">derive<\/a>&nbsp;much of their ethnic and cultural character from&nbsp;<a href=\"https:\/\/www.britannica.com\/place\/Roman-Romania\">Roman<\/a>&nbsp;influence, but this ancient identity has been reshaped continuously by Romania\u2019s position astride major continental migration routes. Romanians regard themselves as the descendants of the ancient Romans who conquered southern&nbsp;<a href=\"https:\/\/www.britannica.com\/place\/Transylvania\">Transylvania<\/a>&nbsp;under the emperor&nbsp;<a href=\"https:\/\/www.britannica.com\/biography\/Trajan\">Trajan<\/a>&nbsp;in 105&nbsp;CE&nbsp;and of the Dacians who lived in the mountains north of the Danubian Plain and in the Transylvanian Basin. By the time of the Roman withdrawal under the emperor&nbsp;<a href=\"https:\/\/www.britannica.com\/biography\/Aurelian\">Aurelian<\/a>&nbsp;in 271, the Roman settlers and the Dacians had intermarried, resulting in a new nation. Both the Latin roots of the&nbsp;<a href=\"https:\/\/www.britannica.com\/topic\/Romanian-language\">Romanian language<\/a>&nbsp;and the Eastern Orthodox faith to which most Romanians adhere emerged from the mixture of these two&nbsp;<a href=\"https:\/\/www.merriam-webster.com\/dictionary\/cultures\">cultures<\/a>.<\/p>\n\n\n\n<p>From the arrival of the\u00a0<a href=\"https:\/\/www.britannica.com\/topic\/Hun-people\">Huns<\/a>\u00a0in the 5th century until the emergence of the principalities of\u00a0<a href=\"https:\/\/www.britannica.com\/place\/Walachia\">Walachia<\/a>\u00a0and\u00a0<a href=\"https:\/\/www.britannica.com\/place\/Moldavia\">Moldavia<\/a>\u00a0in the 14th century, the Romanian people virtually disappeared from written history. During this time Romania was invaded by great folk migrations and warriors on horseback who traveled across the Danubian Plain. It is believed that in the face of ceaseless violence the Romanians were forced to relocate, finding safety in the\u00a0<a href=\"https:\/\/www.britannica.com\/place\/Carpathian-Mountains\">Carpathian Mountains<\/a>. As military chief\u00a0<a href=\"https:\/\/www.britannica.com\/biography\/Helmuth-von-Moltke\">Helmuth von Moltke<\/a>\u00a0observed: \u201cResistance having nearly always proven useless, the Romanians could no longer think of any other way of defense than flight.\u201d<\/p>\n\n\n\n<p>For the next 600 years the Romanian lands served as battlegrounds for their neighbours\u2019 conflicting ambitions. The Romanians were unable to withstand the imperial pressures first from the&nbsp;<a href=\"https:\/\/www.britannica.com\/place\/Byzantine-Empire\">Byzantines<\/a>&nbsp;and then from the Ottoman Turks to the south in Constantinople (now Istanbul), or later from the&nbsp;<a href=\"https:\/\/www.britannica.com\/topic\/House-of-Habsburg\">Habsburg<\/a>&nbsp;empire to the west and from&nbsp;<a href=\"https:\/\/www.britannica.com\/place\/Russia\">Russia<\/a>&nbsp;to the east.<\/p>\n\n\n\n<p>In 1859 the principalities of Walachia and Moldavia were united, and in 1877 they proclaimed their independence from the\u00a0<a href=\"https:\/\/www.britannica.com\/place\/Ottoman-Empire\">Ottoman Empire<\/a>\u00a0as the modern Romania. This was accompanied by a conversion from the\u00a0<a href=\"https:\/\/www.britannica.com\/topic\/Cyrillic-alphabet\">Cyrillic alphabet<\/a>\u00a0to the Latin and by an exodus of students who sought\u00a0<a href=\"https:\/\/www.britannica.com\/topic\/higher-education\">higher education<\/a>\u00a0in western Europe, especially\u00a0<a href=\"https:\/\/www.britannica.com\/place\/France\">France<\/a>.<\/p>\n\n\n\n<p>Despite its late start as a European nation-state, Romania in the 20th century produced several world-renowned\u00a0<a href=\"https:\/\/www.merriam-webster.com\/dictionary\/intellectuals\">intellectuals<\/a>, including composer\u00a0<a href=\"https:\/\/www.britannica.com\/biography\/George-Enesco\">Georges Enesco<\/a>, playwright\u00a0<a href=\"https:\/\/www.britannica.com\/biography\/Eugene-Ionesco\">Eug\u00e8ne Ionesco<\/a>, philosopher Emil Cioran, religion historian\u00a0<a href=\"https:\/\/www.britannica.com\/biography\/Mircea-Eliade\">Mircea Eliade<\/a>, and Nobel laureate\u00a0<a href=\"https:\/\/www.britannica.com\/biography\/George-E-Palade\">George E. Palade<\/a>. On the eve of\u00a0<a href=\"https:\/\/www.britannica.com\/event\/World-War-II\">World War II<\/a>, journalist Rosa Goldschmidt Waldeck (Countess Waldeck) described her strongest impression of the Romanians:<\/p>\n\n\n\n<p>Romania is bounded by&nbsp;<a href=\"https:\/\/www.britannica.com\/place\/Ukraine\">Ukraine<\/a>&nbsp;to the north,&nbsp;<a href=\"https:\/\/www.britannica.com\/place\/Moldova\">Moldova<\/a>&nbsp;to the northeast, the&nbsp;<a href=\"https:\/\/www.britannica.com\/place\/Black-Sea\">Black Sea<\/a>&nbsp;to the southeast,&nbsp;<a href=\"https:\/\/www.britannica.com\/place\/Bulgaria\">Bulgaria<\/a>&nbsp;to the south,&nbsp;<a href=\"https:\/\/www.britannica.com\/place\/Serbia\">Serbia<\/a>&nbsp;to the southwest, and&nbsp;<a href=\"https:\/\/www.britannica.com\/place\/Hungary\">Hungary<\/a>&nbsp;to the west. There is a certain symmetry in the physical structure of Romania. The&nbsp;<a href=\"https:\/\/www.britannica.com\/topic\/nation-state\">country<\/a>&nbsp;forms a complex geographic unit centred on the&nbsp;<a href=\"https:\/\/www.britannica.com\/place\/Transylvanian-Plateau\">Transylvanian Basin<\/a>, around which the peaks of the&nbsp;<a href=\"https:\/\/www.britannica.com\/place\/Carpathian-Mountains\">Carpathian Mountains<\/a>&nbsp;and their associated subranges and structural platforms form a series of crescents. Beyond this zone, the extensive plains of the south and east of the country, their potential increased by the&nbsp;<a href=\"https:\/\/www.britannica.com\/place\/Danube-River\">Danube River<\/a>&nbsp;and its tributaries, form a fertile outer crescent extending to the frontiers. There is great&nbsp;<a href=\"https:\/\/www.merriam-webster.com\/dictionary\/diversity\">diversity<\/a>&nbsp;in the&nbsp;<a href=\"https:\/\/www.merriam-webster.com\/dictionary\/topography\">topography<\/a>, geology, climate, hydrology, flora, and fauna, and for millennia this natural&nbsp;<a href=\"https:\/\/www.merriam-webster.com\/dictionary\/environment\">environment<\/a>&nbsp;has borne the imprint of a human population.<\/p>\n\n\n\n<p>Romania\u00a0<a href=\"https:\/\/www.merriam-webster.com\/dictionary\/comprises\">comprises<\/a>\u00a0a number of geographic regions, some of which correspond roughly to the historic regions whose names they share. In the southern part of the country, following the general\u00a0<a href=\"https:\/\/www.merriam-webster.com\/dictionary\/contours\">contours<\/a>\u00a0of the former principality of the same name,\u00a0<a href=\"https:\/\/www.britannica.com\/place\/Walachia\">Walachia<\/a>\u00a0(Wallachia) stretches south from the Southern Carpathians (<a href=\"https:\/\/www.britannica.com\/place\/Transylvanian-Alps\">Transylvanian Alps<\/a>) to the Bulgarian border and is divided by the\u00a0<a href=\"https:\/\/www.britannica.com\/place\/Olt-River\">Olt River<\/a>. In the southeast, situated between the lower Danube and the Black Sea, is the historic and geographic region of\u00a0<a href=\"https:\/\/www.britannica.com\/place\/Dobruja\">Dobruja<\/a>, which also\u00a0<a href=\"https:\/\/www.merriam-webster.com\/dictionary\/encompasses\">encompasses<\/a>\u00a0part of Bulgaria. The geographic region of\u00a0<a href=\"https:\/\/www.britannica.com\/place\/Moldavia\">Moldavia<\/a>,\u00a0<a href=\"https:\/\/www.merriam-webster.com\/dictionary\/comprising\">comprising<\/a>\u00a0only part of the former principality of Moldavia (the remainder of which\u00a0<a href=\"https:\/\/www.merriam-webster.com\/dictionary\/constitutes\">constitutes<\/a>\u00a0the country of Moldova), stretches from the\u00a0<a href=\"https:\/\/www.britannica.com\/place\/Eastern-Carpathian-Mountains\">Eastern Carpathian Mountains<\/a>\u00a0to the\u00a0<a href=\"https:\/\/www.britannica.com\/place\/Prut-River\">Prut River<\/a>\u00a0on the Ukrainian border. In western Romania, the historic\u00a0<a href=\"https:\/\/www.britannica.com\/place\/Banat\">Banat<\/a>\u00a0region is bounded on the north by the\u00a0<a href=\"https:\/\/www.britannica.com\/place\/Mures-River\">Mure\u0219 River<\/a>\u00a0and reaches west and south into Hungary and Serbia. Finally, bounded on the north and east by the Eastern Carpathians, on the south by the Southern Carpathians, and on the west by the Bihor Mountains is the geographic region of\u00a0<a href=\"https:\/\/www.britannica.com\/place\/Transylvania\">Transylvania<\/a>, which is roughly\u00a0<a href=\"https:\/\/www.merriam-webster.com\/dictionary\/contiguous\">contiguous<\/a>\u00a0with the borders of the former principality of Transylvania and in most schemes includes the Banat.<\/p>\n\n\n\n<p><\/p>\n\n\n\n<h2 class=\"wp-block-heading\">Relief<\/h2>\n\n\n\n<p>The relief of Romania is dominated by the Carpathian Mountains, which can be divided into the Eastern Carpathians, the Southern Carpathians, and the Western Carpathians. The Eastern Carpathians extend from the Ukrainian frontier to the Prahova River valley and reach their maximum elevation in the\u00a0<a href=\"https:\/\/www.britannica.com\/place\/Rodna-Massif\">Rodna Mountains<\/a>, with\u00a0<a href=\"https:\/\/www.britannica.com\/place\/Pietrosu\">Pietrosu<\/a>\u00a0rising to 7,556 feet (2,303 metres). They are made up of a series of parallel crests that are oriented in a more or less north-south direction. Within these mountains is a central core that is made up of hard, crystalline rocks and has a bold and rugged relief. Rivers have cut narrow\u00a0<a href=\"https:\/\/www.britannica.com\/dictionary\/gorges\">gorges<\/a>\u00a0here (known as\u00a0<em>cheile<\/em>)\u2014including the Bistri\u021bei and Bicazului gorges\u2014which offer some magnificent scenery. This portion of the Carpathians is bounded on the eastern side by a zone of softer flysch. For some 250 miles (400 km) on the western fringe, the volcanic ranges\u00a0Oa\u0219 and\u00a0<a href=\"https:\/\/www.britannica.com\/place\/Harghita-Mountains\">Harghita<\/a>, with a concentration of volcanic necks and cones, some with craters still preserved, lend character to the landscape. St. Ana Lake\u2014the only crater lake in Romania\u2014is also found there. The volcanic crescent provides rich mineral resources (notably copper, lead, and zinc) as well as the mineral-water springs on which are founded several health resorts. The Carpathian range proper is made up in large part of easily weathered limestones and conglomerates, which again provide some striking scenery. The\u00a0<a href=\"https:\/\/www.britannica.com\/place\/Maramures\">Maramure\u0219<\/a>,\u00a0<a href=\"https:\/\/www.britannica.com\/place\/Giurgiu-county-Romania\">Giurgiu<\/a>, Ciuc, and B\u00e2rsei depressions further break up the mountainous relief.<\/p>\n\n\n\n<p>The Southern Carpathians, or&nbsp;<a href=\"https:\/\/www.britannica.com\/place\/Transylvanian-Alps\">Transylvanian Alps<\/a>, lie between the Prahova River valley on the east and the&nbsp;<a href=\"https:\/\/www.britannica.com\/place\/Timis\">Timi\u0219<\/a>&nbsp;and Cerna river valleys to the west. They are composed mainly of hard crystalline and volcanic rocks, which give the region the massive character that&nbsp;<a href=\"https:\/\/www.merriam-webster.com\/dictionary\/differentiates\">differentiates<\/a>&nbsp;it from the other divisions of the Carpathians. The highest points in Romania are reached in the peaks of Mounts&nbsp;<a href=\"https:\/\/www.britannica.com\/place\/Moldoveanu\">Moldoveanu<\/a>&nbsp;(8,346 feet [2,544 metres]) and&nbsp;<a href=\"https:\/\/www.britannica.com\/place\/Mount-Negoiu\">Negoiu<\/a>&nbsp;(8,317 feet [2,535 metres]), both in the&nbsp;<a href=\"https:\/\/www.britannica.com\/place\/Fagaras-Mountains\">F\u0103g\u0103ra\u0219 Mountains<\/a>, which, together with the&nbsp;<a href=\"https:\/\/www.britannica.com\/place\/Bucegi-Massif\">Bucegi<\/a>, Par\u00e2ng, and&nbsp;Retezat-Godeanu massifs, form the major subdivision of the region. The latter contains Retezat National Park, Romania\u2019s first established (1935)&nbsp;<a href=\"https:\/\/www.britannica.com\/science\/national-park\">national park<\/a>, which covers about 94,000 acres (38,000 hectares), offers spectacular mountain scenery, and provides an important refuge for the&nbsp;<a href=\"https:\/\/www.britannica.com\/animal\/chamois-genus-of-mammals\">chamois<\/a>&nbsp;(<em>Rupicapra rupicapra<\/em>) and other animals. Ancient erosion platforms, another distinguishing feature of the area, have been&nbsp;<a href=\"https:\/\/www.britannica.com\/dictionary\/utilized\">utilized<\/a>&nbsp;as pastures since the dawn of European history. Communication is possible through the high passes of Bran, Novaci-\u0218ugag, and V\u00e2lcan, at elevations up to 7,400 feet (2,260 metres), but the scenic&nbsp;<a href=\"https:\/\/www.britannica.com\/place\/Olt-River\">Olt<\/a>,&nbsp;<a href=\"https:\/\/www.britannica.com\/place\/Jiu-River\">Jiu<\/a>, and Danube river valleys carry the main roads and railways through the mountains. At the&nbsp;<a href=\"https:\/\/www.britannica.com\/place\/Iron-Gate\">Iron Gate<\/a>&nbsp;gorge, on the Danube, a joint navigation and power&nbsp;<a href=\"https:\/\/www.britannica.com\/place\/Iron-Gate-hydroelectric-project\">project<\/a>&nbsp;by Romania and the former federation of&nbsp;<a href=\"https:\/\/www.britannica.com\/place\/Yugoslavia-former-federated-nation-1929-2003\">Yugoslavia<\/a>&nbsp;harnessed the fast-flowing waters of the gorge. In addition to greatly improving navigation facilities, the project created two power stations, which are jointly administered by Romania and Serbia. Finally, as in the Eastern Carpathians, there are important lowland depressions within the mountains (notably Brezoi, Ha\u021beg, and Petro\u0219ani), and agriculture and industry are concentrated in them.<\/p>\n\n\n\n<p>The&nbsp;<a href=\"https:\/\/www.britannica.com\/place\/Western-Carpathians\">Western Carpathians<\/a>&nbsp;extend for about 220 miles (350 km) between the Danube and&nbsp;<a href=\"https:\/\/www.britannica.com\/place\/Somes-River\">Some\u0219<\/a>&nbsp;rivers. Unlike the other divisions of the Carpathians, they do not form a&nbsp;<a href=\"https:\/\/www.britannica.com\/dictionary\/continuous\">continuous<\/a>&nbsp;range but rather a cluster of massifs around a north-south axis. Separating the massifs is a series of deeply penetrating structural depressions. Historically, these depressions have functioned as easily defended \u201cgates,\u201d as is reflected in their names: the Iron Gate of Transylvania (at Bistra); the Eastern Gate, or Poarta Oriental\u0103 (at Timi\u0219-Cerna); and, most famous, the Iron Gate on the Danube.<\/p>\n\n\n\n<p>Among the massifs themselves, the&nbsp;<a href=\"https:\/\/www.britannica.com\/place\/Banat-Mountains\">Banat<\/a>&nbsp;and&nbsp;Poiana Rusc\u0103i mountains contain a rich variety of mineral resources and are the site of two of the country\u2019s three largest metallurgical complexes, at&nbsp;<a href=\"https:\/\/www.britannica.com\/place\/Resita\">Re\u0219i\u021ba<\/a>&nbsp;and&nbsp;<a href=\"https:\/\/www.britannica.com\/place\/Hunedoara-Romania\">Hunedoara<\/a>. The marble of Ruschi\u021ba is well known. To the north lie the&nbsp;<a href=\"https:\/\/www.britannica.com\/place\/Apuseni-Mountains\">Apuseni Mountains<\/a>, centred on the&nbsp;<a href=\"https:\/\/www.britannica.com\/place\/Bihor-Massif\">Bihor Massif<\/a>, from which emerge fingerlike protrusions of lower relief. On the east the Bihor Mountains merge into the limestone tableland of&nbsp;Cet\u0103\u021bile Ponorului, where the erosive action of water along joints in the rocks has created a fine example of the rugged&nbsp;<a href=\"https:\/\/www.britannica.com\/science\/karst-geology\">karst<\/a>&nbsp;type of scenery. To the west lie the parallel mountain ranges of Z\u0103rand, Codru-Moma, and P\u0103durea Craiului; to the south, along the&nbsp;<a href=\"https:\/\/www.britannica.com\/place\/Mures-River\">Mure\u0219 River<\/a>, the Metaliferi and Trasc\u0103u mountains contain a great variety of metallic and other ores, with traces of ancient&nbsp;<a href=\"https:\/\/www.britannica.com\/place\/Roman-Romania\">Roman<\/a>&nbsp;mine workings still visible. The Western Carpathians generally are less forested than other parts of the range, and human settlement reaches to the highest elevations.<\/p>\n\n\n\n<p>The great arc of the Carpathians is accompanied by an outer&nbsp;<a href=\"https:\/\/www.britannica.com\/dictionary\/fringe\">fringe<\/a>&nbsp;of rolling terrain known as the&nbsp;<a href=\"https:\/\/www.britannica.com\/place\/Subcarpathian-Mountains\">Subcarpathians<\/a>&nbsp;and extending from the Moldova River in the north to the Motru River in the southwest. It is from 2 to 19 miles (3 to 31 km) wide and reaches elevations ranging between 1,300 and 3,300 feet (400 and 1,000 metres). The topography and the milder climate of this region favour vegetation (including such Mediterranean elements as the edible chestnut) and aid agriculture; the region specializes in cereals and fruits, and its&nbsp;<a href=\"https:\/\/www.britannica.com\/topic\/wine\">wines<\/a>\u2014notably those of Odobe\u0219ti and the C\u0103lug\u0103reasc\u0103 Valley\u2014are known throughout&nbsp;<a href=\"https:\/\/www.britannica.com\/place\/Europe\">Europe<\/a>. The area is densely populated, and there are serious problems of economic development in remoter areas where there is little scope for further agricultural expansion.<\/p>\n\n\n\n<p><a href=\"https:\/\/www.britannica.com\/science\/tableland\">Tablelands<\/a>&nbsp;are another important element in the physical geography of Romania. The tableland of the Transylvanian&nbsp;<a href=\"https:\/\/www.britannica.com\/dictionary\/Basin\">Basin<\/a>&nbsp;is the largest in the country and has an average elevation of 1,150 feet (350 metres). In the east, between the outer fringe of the Subcarpathians and the&nbsp;<a href=\"https:\/\/www.britannica.com\/place\/Prut-River\">Prut River<\/a>, lies the&nbsp;<a href=\"https:\/\/www.britannica.com\/place\/Moldavian-Plateau\">Moldavian Plateau<\/a>, with an average elevation of 1,600 to 2,000 feet (500 to 600 metres). The&nbsp;<a href=\"https:\/\/www.britannica.com\/place\/Dobruja\">Dobruja<\/a>&nbsp;(Dobrodgea) tableland, an ancient, eroded rock mass in the southeast, has an average elevation of 820 feet (250 metres) and reaches a maximum elevation of 1,532 feet (467 metres) in the&nbsp;Pricopan Hills.<\/p>\n\n\n\n<p>Plains cover about one-third of Romania, reaching their fullest development in the south and west. Their economic importance has increased greatly since the early 19th century. In the southern part of Romania is the Walachian Plain, which can be divided into the&nbsp;<a href=\"https:\/\/www.britannica.com\/place\/Romanian-Plain\">Romanian Plain<\/a>&nbsp;to the east of the Olt River and the&nbsp;Oltenian Plateau to the west. The whole region is covered by deposits of loess, on which rich black chernozem soils have developed, providing a strong base for agriculture. The&nbsp;<a href=\"https:\/\/www.britannica.com\/place\/Danube-River\">Danube<\/a>&nbsp;floodplain is important economically, and along the entire stretch of the river, from Calafat in the west to&nbsp;<a href=\"https:\/\/www.britannica.com\/place\/Galati-Romania\">Gala\u021bi<\/a>&nbsp;in the east, former marshlands have been diked and drained to increase food production. Willow and poplar woods border the river, which is important for fishing but much more so for&nbsp;<a href=\"https:\/\/www.britannica.com\/dictionary\/commerce\">commerce<\/a>. River port towns\u2014including&nbsp;<a href=\"https:\/\/www.britannica.com\/place\/Drobeta-Turnu-Severin\">Drobeta\u2013Turnu Severin<\/a>, Turnu M\u0103gurele,&nbsp;<a href=\"https:\/\/www.britannica.com\/place\/Giurgiu-Romania\">Giurgiu<\/a>,&nbsp;<a href=\"https:\/\/www.britannica.com\/place\/Braila-Romania\">Br\u0103ila<\/a>, Gala\u021bi, and&nbsp;<a href=\"https:\/\/www.britannica.com\/place\/Tulcea-Romania\">Tulcea<\/a>\u2014complement the rural settlements.<\/p>\n\n\n\n<p>On the northern edge of the&nbsp;<a href=\"https:\/\/www.britannica.com\/place\/Dobruja\">Dobruja<\/a>&nbsp;region, adjoining the Moldavian Plateau, the great swampy triangle of the&nbsp;<a href=\"https:\/\/www.britannica.com\/place\/Danube-delta\">Danube delta<\/a>&nbsp;is a unique physiographic region covering some 2,000 square miles (5,180 square km), of which the majority is in Romania. The delta occupies the site of an ancient bay, which in prehistoric times became wholly or partially isolated from the sea by the Letea sandbanks. The delta, which was designated a UNESCO&nbsp;<a href=\"https:\/\/www.britannica.com\/topic\/World-Heritage-site\">World Heritage site<\/a>&nbsp;in 1991, contributes about half of Romania\u2019s fish production from home waters, with fishing off the Danube mouth contributing to the majority of the catch of sturgeon (banned since 2006) and Danube herring. It also is home to hundreds of species of birds, some of which are rare. For this reason the&nbsp;<a href=\"https:\/\/www.britannica.com\/dictionary\/delta\">delta<\/a>&nbsp;region is of great interest not only to a growing number of tourists but also to scientists and conservationists. Two dozen or more settlements are scattered over the region, but many are exposed to serious flood risks. Sulina and&nbsp;<a href=\"https:\/\/www.britannica.com\/place\/Tulcea-county-Romania\">Tulcea<\/a>&nbsp;are the major ports.<\/p>\n\n\n\n<p>Romania lies in an active earthquake zone at the junction of three tectonic plates. Devastating earthquakes in both 1940 and 1977 caused considerable damage and loss of life in Romania.<\/p>\n","protected":false},"excerpt":{"rendered":"<p>Romania,\u00a0country\u00a0of southeastern\u00a0Europe. The national capital is\u00a0Bucharest. Romania was occupied by Soviet troops in 1944 and became a satellite of the\u00a0Union of Soviet Socialist Republics\u00a0(U.S.S.R.) in 1948. The country was under communist rule from 1948 until 1989, when the\u00a0regime\u00a0of Romanian leader\u00a0Nicolae Ceau\u0219escu\u00a0was overthrown. Free elections were held in 1990. In 2004 the country joined the\u00a0North Atlantic [&hellip;]<\/p>\n","protected":false},"author":1,"featured_media":0,"parent":0,"menu_order":0,"comment_status":"closed","ping_status":"closed","template":"","meta":{"footnotes":""},"class_list":["post-430","page","type-page","status-publish","hentry"],"_links":{"self":[{"href":"https:\/\/wp.test.ate.otgs.work\/testqa201\/wp-json\/wp\/v2\/pages\/430","targetHints":{"allow":["GET"]}}],"collection":[{"href":"https:\/\/wp.test.ate.otgs.work\/testqa201\/wp-json\/wp\/v2\/pages"}],"about":[{"href":"https:\/\/wp.test.ate.otgs.work\/testqa201\/wp-json\/wp\/v2\/types\/page"}],"author":[{"embeddable":true,"href":"https:\/\/wp.test.ate.otgs.work\/testqa201\/wp-json\/wp\/v2\/users\/1"}],"replies":[{"embeddable":true,"href":"https:\/\/wp.test.ate.otgs.work\/testqa201\/wp-json\/wp\/v2\/comments?post=430"}],"version-history":[{"count":1,"href":"https:\/\/wp.test.ate.otgs.work\/testqa201\/wp-json\/wp\/v2\/pages\/430\/revisions"}],"predecessor-version":[{"id":431,"href":"https:\/\/wp.test.ate.otgs.work\/testqa201\/wp-json\/wp\/v2\/pages\/430\/revisions\/431"}],"wp:attachment":[{"href":"https:\/\/wp.test.ate.otgs.work\/testqa201\/wp-json\/wp\/v2\/media?parent=430"}],"curies":[{"name":"wp","href":"https:\/\/api.w.org\/{rel}","templated":true}]}}