{"id":42,"date":"2023-07-13T07:35:15","date_gmt":"2023-07-13T07:35:15","guid":{"rendered":"https:\/\/wp.test.ate.otgs.work\/testqa201\/run-out-im-kricket\/"},"modified":"2023-07-13T07:35:15","modified_gmt":"2023-07-13T07:35:15","slug":"run-out-im-kricket","status":"publish","type":"page","link":"https:\/\/wp.test.ate.otgs.work\/testqa201\/run-out-im-kricket\/?lang=de","title":{"rendered":"Run out im Kricket"},"content":{"rendered":"\n<p>Run out ist eine Methode des Platzverweises im Kricket, die in der Regel 38 der Cricket-Regeln geregelt ist[1]. Zu einem Run out kommt es in der Regel, wenn die Schlagm\u00e4nner versuchen, zwischen den Wickets hindurchzulaufen, und es der Feldmannschaft gelingt, den Ball zu einem Wicket zu bringen, bevor ein Schlagmann die Crease-Linie in der N\u00e4he des Wickets \u00fcberschritten hat. Der unvollst\u00e4ndige Lauf, den die Schlagm\u00e4nner versucht haben, z\u00e4hlt nicht.<\/p>\n\n\n\n<p>Ein Schlagmann gilt als run out, wenn zu irgendeinem Zeitpunkt, w\u00e4hrend der Ball im Spiel ist, kein Teil seines Schl\u00e4gers oder seiner Person hinter der Schlagfahne auf dem Boden liegt und sein Wicket von der gegnerischen Mannschaft auf faire Weise abgelegt wird.<\/p>\n\n\n\n<p>Ein Schlagmann kann als run out entlassen werden, unabh\u00e4ngig davon, ob ein Laufversuch unternommen wird oder nicht, auch wenn es sich um einen no-ball oder einen wide (d.h. nicht fairen) delivery handelt. Es gibt eine Reihe von Ausnahmen von dieser Regel:<\/p>\n","protected":false},"excerpt":{"rendered":"<p>Run out ist eine Methode des Platzverweises im Kricket, die in der Regel 38 der Cricket-Regeln geregelt ist[1]. Zu einem Run out kommt es in der Regel, wenn die Schlagm\u00e4nner versuchen, zwischen den Wickets hindurchzulaufen, und es der Feldmannschaft gelingt, den Ball zu einem Wicket zu bringen, bevor ein Schlagmann die Crease-Linie in der N\u00e4he [&hellip;]<\/p>\n","protected":false},"author":1,"featured_media":0,"parent":0,"menu_order":0,"comment_status":"closed","ping_status":"closed","template":"","meta":{"footnotes":""},"class_list":["post-42","page","type-page","status-publish","hentry"],"_links":{"self":[{"href":"https:\/\/wp.test.ate.otgs.work\/testqa201\/wp-json\/wp\/v2\/pages\/42","targetHints":{"allow":["GET"]}}],"collection":[{"href":"https:\/\/wp.test.ate.otgs.work\/testqa201\/wp-json\/wp\/v2\/pages"}],"about":[{"href":"https:\/\/wp.test.ate.otgs.work\/testqa201\/wp-json\/wp\/v2\/types\/page"}],"author":[{"embeddable":true,"href":"https:\/\/wp.test.ate.otgs.work\/testqa201\/wp-json\/wp\/v2\/users\/1"}],"replies":[{"embeddable":true,"href":"https:\/\/wp.test.ate.otgs.work\/testqa201\/wp-json\/wp\/v2\/comments?post=42"}],"version-history":[{"count":0,"href":"https:\/\/wp.test.ate.otgs.work\/testqa201\/wp-json\/wp\/v2\/pages\/42\/revisions"}],"wp:attachment":[{"href":"https:\/\/wp.test.ate.otgs.work\/testqa201\/wp-json\/wp\/v2\/media?parent=42"}],"curies":[{"name":"wp","href":"https:\/\/api.w.org\/{rel}","templated":true}]}}