{"id":414,"date":"2023-10-17T08:52:30","date_gmt":"2023-10-17T08:52:30","guid":{"rendered":"https:\/\/wp.test.ate.otgs.work\/testqa201\/vsechny-specialni-znaky\/"},"modified":"2023-10-17T08:52:30","modified_gmt":"2023-10-17T08:52:30","slug":"vsechny-specialni-znaky","status":"publish","type":"page","link":"https:\/\/wp.test.ate.otgs.work\/testqa201\/vsechny-specialni-znaky\/?lang=cs","title":{"rendered":"V\u0161echny speci\u00e1ln\u00ed znaky"},"content":{"rendered":"<p>M\u016f\u017eeme se sej\u00edt v ~7 am, abychom ur\u010dili trasu, po kter\u00e9 se vyd\u00e1me.<\/p>\n<p>Toto je `comment` pro n\u011bkter\u00e9 programovac\u00ed jazyky<\/p>\n<p>Slogan Rice Krispies zn\u00ed Snap, Crackle and Pop! <\/p>\n<p>Jejich e-mailov\u00e1 adresa je inquiries@jetwingtravel.com<\/p>\n<p>Identifika\u010dn\u00ed \u010d\u00edslo je #1234567<\/p>\n<p>Pr\u00e1ce st\u00e1ly spole\u010dnost o $100 cash v\u00edce, ne\u017e se o\u010dek\u00e1valo.<\/p>\n<p>T\u00e9m\u011b\u0159 30% mu\u017e\u016f v Americe nikdy nevycestovalo do zahrani\u010d\u00ed<\/p>\n<p>Funkce e^x je p\u0159\u00edkladem exponenci\u00e1ln\u00ed funkce.<\/p>\n<p>Film Hit &amp; Run byl p\u0159ed \u010dasem velmi popul\u00e1rn\u00ed.<\/p>\n<p>* Importan Notice<\/p>\n<p>Titanic (1995) ) byl v\u017edy velmi slavn\u00fd<\/p>\n<p>Mu\u017e otev\u0159el krabici se six-pack piva<\/p>\n<p>Jeho instagramov\u00e1 rukoje\u0165 byla Rocking_Maroon<\/p>\n<p>Pro p\u0159ihl\u00e1\u0161en\u00ed k odb\u011bru mus\u00edte b\u00fdt 50+ let.<\/p>\n<p>Odpov\u011b\u010f je pro tuto funkci v\u017edy x=1 <\/p>\n<p>Mus\u00edm si je dnes koupit {Raspberries and Cream}<\/p>\n<p>Hrozny hn\u011bvu [1984] m\u00e1 k dispozici 4 v\u00fdtisky<\/p>\n<p>Please bring the following: Pono\u017eky a boty<\/p>\n<p>Pot\u0159ebuji statistiky po\u010das\u00ed pro n\u00e1sleduj\u00edc\u00ed m\u011bsta: London, England; a Lond\u00fdn,Ontario.<\/p>\n<p>\u201cJust Do It\u201d je ikonick\u00fdm p\u0159\u00edkladem siln\u00e9ho sloganu.<\/p>\n<p>Slogan Finger Lickin&#8217; Good zpopularizovala spole\u010dnost KFC.<\/p>\n<p>Melts in Your Mouth, Not in Your Hands je velmi chytlav\u00fd slogan.<\/p>\n<p>Pr\u016fm\u011brn\u00fd \u010dlov\u011bk ve 5 ft. tall bez bot<\/p>\n<p>Got Milk? je slogan Kalifornsk\u00e9 rady zpracovatel\u016f ml\u00e9ka<\/p>\n<p>Zna\u010dka Great Value\u00ae je nov\u00e1.<\/p>\n<p>Trademark\u2122 symbol se pou\u017e\u00edv\u00e1 p\u0159i uplatn\u011bn\u00ed pr\u00e1v ke zbo\u017e\u00ed bez registrace ochrann\u00e9 zn\u00e1mky.<\/p>\n<p>P\u0159\u00edklad: \u00a9 1996 Jane Doe<\/p>\n","protected":false},"excerpt":{"rendered":"<p>M\u016f\u017eeme se sej\u00edt v ~7 am, abychom ur\u010dili trasu, po kter\u00e9 se vyd\u00e1me. Toto je `comment` pro n\u011bkter\u00e9 programovac\u00ed jazyky Slogan Rice Krispies zn\u00ed Snap, Crackle and Pop! Jejich e-mailov\u00e1 adresa je inquiries@jetwingtravel.com Identifika\u010dn\u00ed \u010d\u00edslo je #1234567 Pr\u00e1ce st\u00e1ly spole\u010dnost o $100 cash v\u00edce, ne\u017e se o\u010dek\u00e1valo. T\u00e9m\u011b\u0159 30% mu\u017e\u016f v Americe nikdy nevycestovalo do [&hellip;]<\/p>\n","protected":false},"author":1,"featured_media":0,"parent":0,"menu_order":0,"comment_status":"closed","ping_status":"closed","template":"","meta":{"footnotes":""},"class_list":["post-414","page","type-page","status-publish","hentry"],"_links":{"self":[{"href":"https:\/\/wp.test.ate.otgs.work\/testqa201\/wp-json\/wp\/v2\/pages\/414","targetHints":{"allow":["GET"]}}],"collection":[{"href":"https:\/\/wp.test.ate.otgs.work\/testqa201\/wp-json\/wp\/v2\/pages"}],"about":[{"href":"https:\/\/wp.test.ate.otgs.work\/testqa201\/wp-json\/wp\/v2\/types\/page"}],"author":[{"embeddable":true,"href":"https:\/\/wp.test.ate.otgs.work\/testqa201\/wp-json\/wp\/v2\/users\/1"}],"replies":[{"embeddable":true,"href":"https:\/\/wp.test.ate.otgs.work\/testqa201\/wp-json\/wp\/v2\/comments?post=414"}],"version-history":[{"count":0,"href":"https:\/\/wp.test.ate.otgs.work\/testqa201\/wp-json\/wp\/v2\/pages\/414\/revisions"}],"wp:attachment":[{"href":"https:\/\/wp.test.ate.otgs.work\/testqa201\/wp-json\/wp\/v2\/media?parent=414"}],"curies":[{"name":"wp","href":"https:\/\/api.w.org\/{rel}","templated":true}]}}