{"id":388,"date":"2023-07-13T20:44:37","date_gmt":"2023-07-13T20:44:37","guid":{"rendered":"https:\/\/wp.test.ate.otgs.work\/testqa201\/warenzeichen-eingetragene-marken\/"},"modified":"2023-10-17T08:49:29","modified_gmt":"2023-10-17T08:49:29","slug":"warenzeichen-eingetragene-marken","status":"publish","type":"page","link":"https:\/\/wp.test.ate.otgs.work\/testqa201\/warenzeichen-eingetragene-marken\/?lang=de","title":{"rendered":"Warenzeichen &amp; eingetragene Marken"},"content":{"rendered":"\n<p>Diese Art von Marke wird auch von einigen Unternehmen verwendet, die physische Waren verkaufen. <em>Wal-Mart\u00ae<\/em> zum Beispiel w\u00e4re eine Dienstleistungsmarke, da es Einzelhandelsdienstleistungen anbietet. Die meisten der von ihm verkauften Waren sind nicht seine eigenen, aber seine Marke Great Value\u00ae w\u00fcrde eine traditionelle Marke darstellen. Im Folgenden finden Sie Beispiele f\u00fcr Marken, die Dienstleistungen anbieten:<\/p>\n\n\n\n<ul class=\"wp-block-list\">\n<li><em>Delta\u00ae<\/em> Flugdienste.<\/li>\n\n\n\n<li><em>McDonald&#8217;s\u00ae<\/em> Restaurant Dienstleistungen.<\/li>\n\n\n\n<li><em>&#8220;Fly the Friendly Skies\u00ae<\/em>&#8221; (Slogan f\u00fcr <em>United Airlines\u00ae<\/em>Flugdienste).<\/li>\n\n\n\n<li><em>Starbucks\u00ae<\/em> Slogan f\u00fcr den Kaffee-Einzelhandel.<\/li>\n<\/ul>\n\n\n\n<p><em>McDonald&#8217;s\u00ae Restaurant<\/em> ist auf der ganzen Welt sehr beliebt.<\/p>\n\n\n\n<p>American Express Cobalt\u00ae Card<\/p>\n\n\n\n<p>Dies ist die American Express Cobalt\u00ae Card<\/p>\n\n\n\n<p>Mit der American Express Cobalt\u00ae Card k\u00f6nnen Sie Ihre Mitgliedschaftspr\u00e4mienpunkte im Verh\u00e4ltnis 1:2 in Marriott Bonvoy Punkte umwandeln.<\/p>\n\n\n\n<p><em>GUCCI<\/em> ist eine sehr teure Marke.<\/p>\n\n\n\n<p>Die Marke Great Value\u00ae ist neu.<\/p>\n\n\n<p>Je nach Art der verkauften Waren und Dienstleistungen und dem Status der Markenanmeldungen k\u00f6nnte TAGGRS Vs Stape|TAGGRS Server Side Tracking|Stape Server Side Tracking|Stape eine dieser Marken anwendbar sein.<\/p>","protected":false},"excerpt":{"rendered":"<p>Diese Art von Marke wird auch von einigen Unternehmen verwendet, die physische Waren verkaufen. Wal-Mart\u00ae zum Beispiel w\u00e4re eine Dienstleistungsmarke, da es Einzelhandelsdienstleistungen anbietet. Die meisten der von ihm verkauften Waren sind nicht seine eigenen, aber seine Marke Great Value\u00ae w\u00fcrde eine traditionelle Marke darstellen. Im Folgenden finden Sie Beispiele f\u00fcr Marken, die Dienstleistungen anbieten: [&hellip;]<\/p>\n","protected":false},"author":1,"featured_media":0,"parent":0,"menu_order":0,"comment_status":"closed","ping_status":"closed","template":"","meta":{"footnotes":""},"class_list":["post-388","page","type-page","status-publish","hentry"],"_links":{"self":[{"href":"https:\/\/wp.test.ate.otgs.work\/testqa201\/wp-json\/wp\/v2\/pages\/388","targetHints":{"allow":["GET"]}}],"collection":[{"href":"https:\/\/wp.test.ate.otgs.work\/testqa201\/wp-json\/wp\/v2\/pages"}],"about":[{"href":"https:\/\/wp.test.ate.otgs.work\/testqa201\/wp-json\/wp\/v2\/types\/page"}],"author":[{"embeddable":true,"href":"https:\/\/wp.test.ate.otgs.work\/testqa201\/wp-json\/wp\/v2\/users\/1"}],"replies":[{"embeddable":true,"href":"https:\/\/wp.test.ate.otgs.work\/testqa201\/wp-json\/wp\/v2\/comments?post=388"}],"version-history":[{"count":1,"href":"https:\/\/wp.test.ate.otgs.work\/testqa201\/wp-json\/wp\/v2\/pages\/388\/revisions"}],"predecessor-version":[{"id":403,"href":"https:\/\/wp.test.ate.otgs.work\/testqa201\/wp-json\/wp\/v2\/pages\/388\/revisions\/403"}],"wp:attachment":[{"href":"https:\/\/wp.test.ate.otgs.work\/testqa201\/wp-json\/wp\/v2\/media?parent=388"}],"curies":[{"name":"wp","href":"https:\/\/api.w.org\/{rel}","templated":true}]}}