{"id":377,"date":"2023-08-21T11:59:55","date_gmt":"2023-08-21T11:59:55","guid":{"rendered":"https:\/\/wp.test.ate.otgs.work\/testqa201\/mortal-kombat\/"},"modified":"2023-08-21T11:59:55","modified_gmt":"2023-08-21T11:59:55","slug":"mortal-kombat","status":"publish","type":"page","link":"https:\/\/wp.test.ate.otgs.work\/testqa201\/mortal-kombat\/?lang=es","title":{"rendered":"Mortal Kombat"},"content":{"rendered":"\n<p><em>\n  <strong>Mortal Kombat<\/strong>\n<\/em> es una <a href=\"https:\/\/en.wikipedia.org\/wiki\/Media_franchise\">franquicia medi\u00e1tica<\/a> centrada en una serie de <a href=\"https:\/\/en.wikipedia.org\/wiki\/Video_game\">videojuegos<\/a> de <a href=\"https:\/\/en.wikipedia.org\/wiki\/Fighting_game\">lucha<\/a> desarrollada originalmente por <a href=\"https:\/\/en.wikipedia.org\/wiki\/Midway_Games\">Midway Games<\/a> en 1992.<\/p>\n\n\n\n<p>El original <em>\n  <a href=\"https:\/\/en.wikipedia.org\/wiki\/Mortal_Kombat_(1992_video_game)\">Mortal Kombat<\/a>\n<\/em> dio lugar a <a href=\"https:\/\/en.wikipedia.org\/wiki\/List_of_Mortal_Kombat_media\">una franquicia<\/a> compuesta por <a href=\"https:\/\/en.wikipedia.org\/wiki\/Action-adventure_games\">juegos de acci\u00f3n y aventura<\/a>, una serie de c\u00f3mics, un juego de cartas, pel\u00edculas, una serie de televisi\u00f3n de animaci\u00f3n y una gira de acci\u00f3n real. Mortal <em>Kombat<\/em> se ha convertido en la franquicia de juegos de lucha m\u00e1s vendida en todo el mundo y en una de las <a href=\"https:\/\/en.wikipedia.org\/wiki\/List_of_highest-grossing_media_franchises\">franquicias medi\u00e1ticas m\u00e1s taquilleras de todos los tiempos<\/a>.<\/p>\n\n\n\n<p>La serie tiene reputaci\u00f3n por sus altos niveles de violencia gr\u00e1fica, incluyendo, sobre todo, sus <a href=\"https:\/\/en.wikipedia.org\/wiki\/Fatality_(Mortal_Kombat)\">fatalities<\/a>, que son movimientos finales que matan a los oponentes derrotados en lugar de noquearlos. <a href=\"https:\/\/en.wikipedia.org\/wiki\/Controversies_surrounding_Mortal_Kombat\">Las controversias en torno a <em>Mortal Kombat<\/em><\/a>, en parte, llevaron a la creaci\u00f3n del sistema de clasificaci\u00f3n de videojuegos <a href=\"https:\/\/en.wikipedia.org\/wiki\/Entertainment_Software_Rating_Board\">Entertainment Software Rating Board<\/a> (ESRB). Los primeros juegos de la serie destacaban por sus <a href=\"https:\/\/en.wikipedia.org\/wiki\/Sprite_(computer_graphics)\">sprites<\/a> <a href=\"https:\/\/en.wikipedia.org\/wiki\/Digitization\">digitalizados<\/a> realistas y un amplio uso del <a href=\"https:\/\/en.wikipedia.org\/wiki\/Palette_swap\">intercambio de paletas<\/a> para crear nuevos personajes. Tras la quiebra de Midway, el equipo de desarrollo de <em>Mortal Kombat<\/em> fue adquirido por  <a href=\"https:\/\/en.wikipedia.org\/wiki\/Warner_Bros._Entertainment\">Warner Bros. Entretenimiento<\/a>  y restablecida como <a href=\"https:\/\/en.wikipedia.org\/wiki\/NetherRealm_Studios\">NetherRealm Studios<\/a>.<\/p>\n","protected":false},"excerpt":{"rendered":"<p>Mortal Kombat es una franquicia medi\u00e1tica centrada en una serie de videojuegos de lucha desarrollada originalmente por Midway Games en 1992. El original Mortal Kombat dio lugar a una franquicia compuesta por juegos de acci\u00f3n y aventura, una serie de c\u00f3mics, un juego de cartas, pel\u00edculas, una serie de televisi\u00f3n de animaci\u00f3n y una gira [&hellip;]<\/p>\n","protected":false},"author":1,"featured_media":0,"parent":0,"menu_order":0,"comment_status":"closed","ping_status":"closed","template":"","meta":{"footnotes":""},"class_list":["post-377","page","type-page","status-publish","hentry"],"_links":{"self":[{"href":"https:\/\/wp.test.ate.otgs.work\/testqa201\/wp-json\/wp\/v2\/pages\/377","targetHints":{"allow":["GET"]}}],"collection":[{"href":"https:\/\/wp.test.ate.otgs.work\/testqa201\/wp-json\/wp\/v2\/pages"}],"about":[{"href":"https:\/\/wp.test.ate.otgs.work\/testqa201\/wp-json\/wp\/v2\/types\/page"}],"author":[{"embeddable":true,"href":"https:\/\/wp.test.ate.otgs.work\/testqa201\/wp-json\/wp\/v2\/users\/1"}],"replies":[{"embeddable":true,"href":"https:\/\/wp.test.ate.otgs.work\/testqa201\/wp-json\/wp\/v2\/comments?post=377"}],"version-history":[{"count":0,"href":"https:\/\/wp.test.ate.otgs.work\/testqa201\/wp-json\/wp\/v2\/pages\/377\/revisions"}],"wp:attachment":[{"href":"https:\/\/wp.test.ate.otgs.work\/testqa201\/wp-json\/wp\/v2\/media?parent=377"}],"curies":[{"name":"wp","href":"https:\/\/api.w.org\/{rel}","templated":true}]}}