{"id":310,"date":"2023-07-31T14:09:51","date_gmt":"2023-07-31T14:09:51","guid":{"rendered":"https:\/\/wp.test.ate.otgs.work\/testqa201\/hit-run-serial-telewizyjny\/"},"modified":"2023-07-31T14:09:51","modified_gmt":"2023-07-31T14:09:51","slug":"hit-run-serial-telewizyjny","status":"publish","type":"page","link":"https:\/\/wp.test.ate.otgs.work\/testqa201\/hit-run-serial-telewizyjny\/?lang=pl","title":{"rendered":"Hit &amp; Run (serial telewizyjny)"},"content":{"rendered":"\n<p><em>\n  <strong>Hit &amp; Run<\/strong>\n<\/em> to <a href=\"https:\/\/en.wikipedia.org\/wiki\/United_States\">izraelsko-ameryka\u0144ski<\/a> <a href=\"https:\/\/en.wikipedia.org\/wiki\/Television_show\">serial telewizyjny<\/a> <a href=\"https:\/\/en.wikipedia.org\/wiki\/List_of_Netflix_original_programming\">Netflix<\/a>, stworzony i napisany przez <a href=\"https:\/\/en.wikipedia.org\/wiki\/Avi_Issacharoff\">Aviego Issacharoffa<\/a>, <a href=\"https:\/\/en.wikipedia.org\/wiki\/Lior_Raz\">Liora Raza<\/a>, <a href=\"https:\/\/en.wikipedia.org\/wiki\/Dawn_Prestwich\">Dawn Prestwich<\/a> i <a href=\"https:\/\/en.wikipedia.org\/wiki\/Nicole_Yorkin\">Nicole Yorkin<\/a>. Premiera serialu odby\u0142a si\u0119 6 sierpnia 2021 roku.<sup>\n  <a href=\"https:\/\/en.wikipedia.org\/wiki\/Hit_%26_Run_(TV_series)#cite_note-Release-1\">[1]<\/a>\n<\/sup> We wrze\u015bniu 2021 r. serial zosta\u0142 anulowany po jednym sezonie. <em>Hit &amp; Run<\/em> zosta\u0142 napisany przez <a href=\"https:\/\/en.wikipedia.org\/wiki\/Avi_Issacharoff\">Aviego Issacharoffa<\/a>, <a href=\"https:\/\/en.wikipedia.org\/wiki\/Lior_Raz\">Liora Raza<\/a>, <a href=\"https:\/\/en.wikipedia.org\/wiki\/Dawn_Prestwich\">Dawn Prestwich<\/a> i <a href=\"https:\/\/en.wikipedia.org\/wiki\/Nicole_Yorkin\">Nicole Yorkin<\/a>.<sup>\n  <a href=\"https:\/\/en.wikipedia.org\/wiki\/Hit_%26_Run_(TV_series)#cite_note-Deadline2-8\">[8]<\/a>\n<\/sup> <a href=\"https:\/\/en.wikipedia.org\/wiki\/Mike_Barker_(director)\">Mike Barker<\/a>.<\/p>\n\n\n\n<p>Hit &amp; Run koncentruje si\u0119 na szcz\u0119\u015bliwie \u017conatym m\u0119\u017cczy\u017anie, Segevie Azulai, kt\u00f3rego \u017cycie zostaje wywr\u00f3cone do g\u00f3ry nogami, gdy jego \u017cona ginie w tajemniczym wypadku w <a href=\"https:\/\/en.wikipedia.org\/wiki\/Tel_Aviv\">Tel Awiwie<\/a>. Pogr\u0105\u017cony w \u017ca\u0142obie i zdezorientowany, poszukuje zab\u00f3jc\u00f3w swojej \u017cony, kt\u00f3rzy uciekli do USA. Z pomoc\u0105 by\u0142ej kochanki, Naomi Hicks, odkrywa niepokoj\u0105ce prawdy o swojej ukochanej \u017conie i tajemnicach, kt\u00f3re przed nim ukrywa\u0142a.<\/p>\n","protected":false},"excerpt":{"rendered":"<p>Hit &amp; Run to izraelsko-ameryka\u0144ski serial telewizyjny Netflix, stworzony i napisany przez Aviego Issacharoffa, Liora Raza, Dawn Prestwich i Nicole Yorkin. Premiera serialu odby\u0142a si\u0119 6 sierpnia 2021 roku. [1] We wrze\u015bniu 2021 r. serial zosta\u0142 anulowany po jednym sezonie. Hit &amp; Run zosta\u0142 napisany przez Aviego Issacharoffa, Liora Raza, Dawn Prestwich i Nicole Yorkin. [&hellip;]<\/p>\n","protected":false},"author":1,"featured_media":0,"parent":0,"menu_order":0,"comment_status":"closed","ping_status":"closed","template":"","meta":{"footnotes":""},"class_list":["post-310","page","type-page","status-publish","hentry"],"_links":{"self":[{"href":"https:\/\/wp.test.ate.otgs.work\/testqa201\/wp-json\/wp\/v2\/pages\/310","targetHints":{"allow":["GET"]}}],"collection":[{"href":"https:\/\/wp.test.ate.otgs.work\/testqa201\/wp-json\/wp\/v2\/pages"}],"about":[{"href":"https:\/\/wp.test.ate.otgs.work\/testqa201\/wp-json\/wp\/v2\/types\/page"}],"author":[{"embeddable":true,"href":"https:\/\/wp.test.ate.otgs.work\/testqa201\/wp-json\/wp\/v2\/users\/1"}],"replies":[{"embeddable":true,"href":"https:\/\/wp.test.ate.otgs.work\/testqa201\/wp-json\/wp\/v2\/comments?post=310"}],"version-history":[{"count":0,"href":"https:\/\/wp.test.ate.otgs.work\/testqa201\/wp-json\/wp\/v2\/pages\/310\/revisions"}],"wp:attachment":[{"href":"https:\/\/wp.test.ate.otgs.work\/testqa201\/wp-json\/wp\/v2\/media?parent=310"}],"curies":[{"name":"wp","href":"https:\/\/api.w.org\/{rel}","templated":true}]}}