{"id":302,"date":"2023-07-31T14:09:51","date_gmt":"2023-07-31T14:09:51","guid":{"rendered":"https:\/\/wp.test.ate.otgs.work\/testqa201\/hit-run-tv-serie\/"},"modified":"2023-07-31T14:09:51","modified_gmt":"2023-07-31T14:09:51","slug":"hit-run-tv-serie","status":"publish","type":"page","link":"https:\/\/wp.test.ate.otgs.work\/testqa201\/hit-run-tv-serie\/?lang=nl","title":{"rendered":"Hit &amp; Run (TV-serie)"},"content":{"rendered":"\n<p><em>\n  <strong>Hit &amp; Run<\/strong>\n<\/em> is een <a href=\"https:\/\/en.wikipedia.org\/wiki\/United_States\">Isra\u00eblisch-Amerikaanse<\/a> <a href=\"https:\/\/en.wikipedia.org\/wiki\/List_of_Netflix_original_programming\">Netflix originele<\/a> thriller <a href=\"https:\/\/en.wikipedia.org\/wiki\/Television_show\">televisieserie<\/a>, gemaakt en geschreven door <a href=\"https:\/\/en.wikipedia.org\/wiki\/Avi_Issacharoff\">Avi Issacharoff<\/a>, <a href=\"https:\/\/en.wikipedia.org\/wiki\/Lior_Raz\">Lior Raz<\/a>, <a href=\"https:\/\/en.wikipedia.org\/wiki\/Dawn_Prestwich\">Dawn Prestwich<\/a> en <a href=\"https:\/\/en.wikipedia.org\/wiki\/Nicole_Yorkin\">Nicole Yorkin<\/a>. De serie ging in premi\u00e8re op 6 augustus 2021.<sup>\n  <a href=\"https:\/\/en.wikipedia.org\/wiki\/Hit_%26_Run_(TV_series)#cite_note-Release-1\">[1]<\/a>\n<\/sup> In september 2021 werd de serie na \u00e9\u00e9n seizoen geannuleerd. <em>Hit &amp; Run<\/em> werd geschreven door <a href=\"https:\/\/en.wikipedia.org\/wiki\/Avi_Issacharoff\">Avi Issacharoff<\/a>, <a href=\"https:\/\/en.wikipedia.org\/wiki\/Lior_Raz\">Lior Raz<\/a>, <a href=\"https:\/\/en.wikipedia.org\/wiki\/Dawn_Prestwich\">Dawn Prestwich<\/a> en <a href=\"https:\/\/en.wikipedia.org\/wiki\/Nicole_Yorkin\">Nicole Yorkin<\/a>.<sup>\n  <a href=\"https:\/\/en.wikipedia.org\/wiki\/Hit_%26_Run_(TV_series)#cite_note-Deadline2-8\">[8]<\/a>\n<\/sup> <a href=\"https:\/\/en.wikipedia.org\/wiki\/Mike_Barker_(director)\">Mike Barker<\/a>.<\/p>\n\n\n\n<p>Hit &amp; Run draait om een gelukkig getrouwde man, Segev Azulai, wiens leven op zijn kop wordt gezet wanneer zijn vrouw om het leven komt bij een mysterieus vluchtmisdrijf in <a href=\"https:\/\/en.wikipedia.org\/wiki\/Tel_Aviv\">Tel Aviv<\/a>. Verdrietig en verward gaat hij op zoek naar de moordenaars van zijn vrouw, die naar de VS zijn gevlucht. Met de hulp van een ex-geliefde, Naomi Hicks, ontdekt hij verontrustende waarheden over zijn geliefde vrouw en de geheimen die ze voor hem verborgen hield.<\/p>\n","protected":false},"excerpt":{"rendered":"<p>Hit &amp; Run is een Isra\u00eblisch-Amerikaanse Netflix originele thriller televisieserie, gemaakt en geschreven door Avi Issacharoff, Lior Raz, Dawn Prestwich en Nicole Yorkin. De serie ging in premi\u00e8re op 6 augustus 2021. [1] In september 2021 werd de serie na \u00e9\u00e9n seizoen geannuleerd. Hit &amp; Run werd geschreven door Avi Issacharoff, Lior Raz, Dawn Prestwich [&hellip;]<\/p>\n","protected":false},"author":1,"featured_media":0,"parent":0,"menu_order":0,"comment_status":"closed","ping_status":"closed","template":"","meta":{"footnotes":""},"class_list":["post-302","page","type-page","status-publish","hentry"],"_links":{"self":[{"href":"https:\/\/wp.test.ate.otgs.work\/testqa201\/wp-json\/wp\/v2\/pages\/302","targetHints":{"allow":["GET"]}}],"collection":[{"href":"https:\/\/wp.test.ate.otgs.work\/testqa201\/wp-json\/wp\/v2\/pages"}],"about":[{"href":"https:\/\/wp.test.ate.otgs.work\/testqa201\/wp-json\/wp\/v2\/types\/page"}],"author":[{"embeddable":true,"href":"https:\/\/wp.test.ate.otgs.work\/testqa201\/wp-json\/wp\/v2\/users\/1"}],"replies":[{"embeddable":true,"href":"https:\/\/wp.test.ate.otgs.work\/testqa201\/wp-json\/wp\/v2\/comments?post=302"}],"version-history":[{"count":0,"href":"https:\/\/wp.test.ate.otgs.work\/testqa201\/wp-json\/wp\/v2\/pages\/302\/revisions"}],"wp:attachment":[{"href":"https:\/\/wp.test.ate.otgs.work\/testqa201\/wp-json\/wp\/v2\/media?parent=302"}],"curies":[{"name":"wp","href":"https:\/\/api.w.org\/{rel}","templated":true}]}}