{"id":301,"date":"2023-07-31T14:09:51","date_gmt":"2023-07-31T14:09:51","guid":{"rendered":"https:\/\/wp.test.ate.otgs.work\/testqa201\/hit-run-tv-serija\/"},"modified":"2023-07-31T14:09:51","modified_gmt":"2023-07-31T14:09:51","slug":"hit-run-tv-serija","status":"publish","type":"page","link":"https:\/\/wp.test.ate.otgs.work\/testqa201\/hit-run-tv-serija\/?lang=hr","title":{"rendered":"Hit &amp; Run (TV serija)"},"content":{"rendered":"\n<p><em><strong>Hit &amp; Run<\/strong><\/em> je <a href=\"https:\/\/en.wikipedia.org\/wiki\/Israel\">izraelsko<\/a> &#8211; <a href=\"https:\/\/en.wikipedia.org\/wiki\/United_States\">ameri\u010dka<\/a> <a href=\"https:\/\/en.wikipedia.org\/wiki\/List_of_Netflix_original_programming\">Netflixova originalna<\/a> triler <a href=\"https:\/\/en.wikipedia.org\/wiki\/Television_show\">televizijska serija<\/a> koju su kreirali i napisali <a href=\"https:\/\/en.wikipedia.org\/wiki\/Avi_Issacharoff\">Avi Issacharoff<\/a> , <a href=\"https:\/\/en.wikipedia.org\/wiki\/Lior_Raz\">Lior Raz<\/a> , <a href=\"https:\/\/en.wikipedia.org\/wiki\/Dawn_Prestwich\">Dawn Prestwich<\/a> i <a href=\"https:\/\/en.wikipedia.org\/wiki\/Nicole_Yorkin\">Nicole Yorkin<\/a> . Serija je premijerno prikazana 6. kolovoza 2021. <sup><a href=\"https:\/\/en.wikipedia.org\/wiki\/Hit_%26_Run_(TV_series)#cite_note-Release-1\">[1]<\/a><\/sup> U rujnu 2021. serija je otkazana nakon jedne sezone. <em>Hit &amp; Run<\/em> napisali su <a href=\"https:\/\/en.wikipedia.org\/wiki\/Avi_Issacharoff\">Avi Issacharoff<\/a> , <a href=\"https:\/\/en.wikipedia.org\/wiki\/Lior_Raz\">Lior Raz<\/a> , <a href=\"https:\/\/en.wikipedia.org\/wiki\/Dawn_Prestwich\">Dawn Prestwich<\/a> i <a href=\"https:\/\/en.wikipedia.org\/wiki\/Nicole_Yorkin\">Nicole Yorkin<\/a> . <sup><a href=\"https:\/\/en.wikipedia.org\/wiki\/Hit_%26_Run_(TV_series)#cite_note-Deadline2-8\">[8]<\/a><\/sup> <a href=\"https:\/\/en.wikipedia.org\/wiki\/Mike_Barker_(director)\">Mike Barker<\/a> .<\/p>\n\n\n\n<p>U sredi\u0161tu filma Hit &amp; Run je sretno o\u017eenjen mu\u0161karac, Segev Azulai, \u010diji se \u017eivot okrene naglava\u010dke kada mu \u017eena pogine u misterioznoj nesre\u0107i u <a href=\"https:\/\/en.wikipedia.org\/wiki\/Tel_Aviv\">Tel Avivu<\/a> . O\u017ealo\u0161\u0107en i zbunjen, on traga za ubojicama svoje supruge, koji su pobjegli u SAD. Uz pomo\u0107 biv\u0161e ljubavnice, Naomi Hicks, otkriva uznemiruju\u0107e istine o svojoj voljenoj \u017eeni i tajnama koje mu je skrivala.<\/p>\n","protected":false},"excerpt":{"rendered":"<p>Hit &amp; Run je izraelsko &#8211; ameri\u010dka Netflixova originalna triler televizijska serija koju su kreirali i napisali Avi Issacharoff , Lior Raz , Dawn Prestwich i Nicole Yorkin . Serija je premijerno prikazana 6. kolovoza 2021. [1] U rujnu 2021. serija je otkazana nakon jedne sezone. Hit &amp; Run napisali su Avi Issacharoff , Lior [&hellip;]<\/p>\n","protected":false},"author":1,"featured_media":0,"parent":0,"menu_order":0,"comment_status":"closed","ping_status":"closed","template":"","meta":{"footnotes":""},"class_list":["post-301","page","type-page","status-publish","hentry"],"_links":{"self":[{"href":"https:\/\/wp.test.ate.otgs.work\/testqa201\/wp-json\/wp\/v2\/pages\/301","targetHints":{"allow":["GET"]}}],"collection":[{"href":"https:\/\/wp.test.ate.otgs.work\/testqa201\/wp-json\/wp\/v2\/pages"}],"about":[{"href":"https:\/\/wp.test.ate.otgs.work\/testqa201\/wp-json\/wp\/v2\/types\/page"}],"author":[{"embeddable":true,"href":"https:\/\/wp.test.ate.otgs.work\/testqa201\/wp-json\/wp\/v2\/users\/1"}],"replies":[{"embeddable":true,"href":"https:\/\/wp.test.ate.otgs.work\/testqa201\/wp-json\/wp\/v2\/comments?post=301"}],"version-history":[{"count":0,"href":"https:\/\/wp.test.ate.otgs.work\/testqa201\/wp-json\/wp\/v2\/pages\/301\/revisions"}],"wp:attachment":[{"href":"https:\/\/wp.test.ate.otgs.work\/testqa201\/wp-json\/wp\/v2\/media?parent=301"}],"curies":[{"name":"wp","href":"https:\/\/api.w.org\/{rel}","templated":true}]}}