{"id":299,"date":"2023-07-13T20:44:37","date_gmt":"2023-07-13T20:44:37","guid":{"rendered":"https:\/\/wp.test.ate.otgs.work\/testqa201\/znaki-towarowe-i-zarejestrowane-znaki-towarowe\/"},"modified":"2023-07-13T20:44:37","modified_gmt":"2023-07-13T20:44:37","slug":"znaki-towarowe-i-zarejestrowane-znaki-towarowe","status":"publish","type":"page","link":"https:\/\/wp.test.ate.otgs.work\/testqa201\/znaki-towarowe-i-zarejestrowane-znaki-towarowe\/?lang=pl","title":{"rendered":"Znaki towarowe i zarejestrowane znaki towarowe"},"content":{"rendered":"\n<p>Ten rodzaj znaku towarowego jest r\u00f3wnie\u017c wykorzystywany przez niekt\u00f3re firmy sprzedaj\u0105ce towary fizyczne. Na przyk\u0142ad <em>Wal-Mart\u00ae PL<\/em>kwalifikowa\u0142by si\u0119 jako znak us\u0142ugowy, poniewa\u017c \u015bwiadczy us\u0142ugi detaliczne. Wi\u0119kszo\u015b\u0107 sprzedawanych przez ni\u0105 towar\u00f3w nie jest jej w\u0142asno\u015bci\u0105, ale jej marka Great Value\u00ae PL stanowi\u0142aby tradycyjny znak towarowy. Poni\u017cej znajduj\u0105 si\u0119 przyk\u0142ady znak\u00f3w towarowych marek, kt\u00f3re oferuj\u0105 us\u0142ugi:<\/p>\n\n\n\n<ul class=\"wp-block-list\">\n<li><em>Delta\u00ae<\/em>PL (us\u0142ugi lotnicze).<\/li>\n\n\n\n<li><em>McDonald&#8217;s\u00ae PL<\/em>(us\u0142ugi restauracyjne).<\/li>\n\n\n\n<li><em>&#8220;Fly the Friendly Skies\u00ae<\/em>&#8221; (slogan us\u0142ug lotniczych <em>United Airlines\u00ae<\/em>).<\/li>\n\n\n\n<li><em>Starbucks\u00ae<\/em>PL (slogan dla detalicznych serwis\u00f3w kawowych).<\/li>\n<\/ul>\n\n\n\n<p><em>Restauracja McDonald&#8217;s\u00ae<\/em> PL jest bardzo popularna na ca\u0142ym \u015bwiecie.<\/p>\n\n\n\n<p>American Express Cobalt\u00ae Card<\/p>\n\n\n\n<p>Jest to karta American Express Cobalt\u00ae Card<\/p>\n\n\n\n<p>Je\u015bli chodzi o kart\u0119 American Express Cobalt\u00ae Card, umo\u017cliwia ona transfer punkt\u00f3w cz\u0142onkowskich na punkty Marriott Bonvoy w stosunku 1:2.<\/p>\n\n\n\n<p><em>GUCCI PL<\/em> to bardzo droga marka.<\/p>\n\n\n\n<p>Marka Great Value\u00ae PL jest nowa.<\/p>\n","protected":false},"excerpt":{"rendered":"<p>Ten rodzaj znaku towarowego jest r\u00f3wnie\u017c wykorzystywany przez niekt\u00f3re firmy sprzedaj\u0105ce towary fizyczne. Na przyk\u0142ad Wal-Mart\u00ae PLkwalifikowa\u0142by si\u0119 jako znak us\u0142ugowy, poniewa\u017c \u015bwiadczy us\u0142ugi detaliczne. Wi\u0119kszo\u015b\u0107 sprzedawanych przez ni\u0105 towar\u00f3w nie jest jej w\u0142asno\u015bci\u0105, ale jej marka Great Value\u00ae PL stanowi\u0142aby tradycyjny znak towarowy. Poni\u017cej znajduj\u0105 si\u0119 przyk\u0142ady znak\u00f3w towarowych marek, kt\u00f3re oferuj\u0105 us\u0142ugi: Restauracja [&hellip;]<\/p>\n","protected":false},"author":1,"featured_media":0,"parent":0,"menu_order":0,"comment_status":"closed","ping_status":"closed","template":"","meta":{"footnotes":""},"class_list":["post-299","page","type-page","status-publish","hentry"],"_links":{"self":[{"href":"https:\/\/wp.test.ate.otgs.work\/testqa201\/wp-json\/wp\/v2\/pages\/299","targetHints":{"allow":["GET"]}}],"collection":[{"href":"https:\/\/wp.test.ate.otgs.work\/testqa201\/wp-json\/wp\/v2\/pages"}],"about":[{"href":"https:\/\/wp.test.ate.otgs.work\/testqa201\/wp-json\/wp\/v2\/types\/page"}],"author":[{"embeddable":true,"href":"https:\/\/wp.test.ate.otgs.work\/testqa201\/wp-json\/wp\/v2\/users\/1"}],"replies":[{"embeddable":true,"href":"https:\/\/wp.test.ate.otgs.work\/testqa201\/wp-json\/wp\/v2\/comments?post=299"}],"version-history":[{"count":0,"href":"https:\/\/wp.test.ate.otgs.work\/testqa201\/wp-json\/wp\/v2\/pages\/299\/revisions"}],"wp:attachment":[{"href":"https:\/\/wp.test.ate.otgs.work\/testqa201\/wp-json\/wp\/v2\/media?parent=299"}],"curies":[{"name":"wp","href":"https:\/\/api.w.org\/{rel}","templated":true}]}}