{"id":294,"date":"2023-07-13T20:44:37","date_gmt":"2023-07-13T20:44:37","guid":{"rendered":"https:\/\/wp.test.ate.otgs.work\/testqa201\/marques-commerciales-et-marques-deposees\/"},"modified":"2023-10-17T08:50:08","modified_gmt":"2023-10-17T08:50:08","slug":"marques-commerciales-et-marques-deposees","status":"publish","type":"page","link":"https:\/\/wp.test.ate.otgs.work\/testqa201\/marques-commerciales-et-marques-deposees\/?lang=fr","title":{"rendered":"Marques commerciales et marques d\u00e9pos\u00e9es"},"content":{"rendered":"\n<p>Ce type de marque est \u00e9galement utilis\u00e9 par certaines entreprises qui vendent des biens mat\u00e9riels. <em>Wal-Mart\u00ae<\/em>, par exemple, peut \u00eatre consid\u00e9r\u00e9e comme une marque de service puisqu&#8217;elle fournit des services de vente au d\u00e9tail. La plupart des produits qu&#8217;elle vend ne lui appartiennent pas, mais sa marque Great Value\u00ae constituerait une marque traditionnelle. Voici des exemples de marques qui proposent des services :<\/p>\n\n\n\n<ul class=\"wp-block-list\">\n<li>Services de vol <em>Delta\u00ae<\/em>.<\/li>\n\n\n\n<li>Les services de restauration de <em>McDonald&#8217;s\u00ae<\/em>.<\/li>\n\n\n\n<li>&#8220;<em>Fly the Friendly Skies\u00ae<\/em>&#8221; (slogan des services de vol de <em>United Airlines\u00ae<\/em>).<\/li>\n\n\n\n<li>Slogan de <em>Starbucks\u00ae<\/em> pour les services de caf\u00e9 au d\u00e9tail.<\/li>\n<\/ul>\n\n\n\n<p>Le <em>restaurant McDonald&#8217;s\u00ae<\/em> est tr\u00e8s populaire dans le monde entier.<\/p>\n\n\n\n<p>American Express Cobalt\u00ae Card<\/p>\n\n\n\n<p>Il s&#8217;agit de la American Express Cobalt\u00ae Card<\/p>\n\n\n\n<p>Quant \u00e0 l&#8217;American Express Cobalt\u00ae Card, elle vous permet de transf\u00e9rer vos points de fid\u00e9lit\u00e9 de membre en points Marriott Bonvoy au taux de 1:2.<\/p>\n\n\n\n<p><em>GUCCI<\/em> est une marque tr\u00e8s ch\u00e8re.<\/p>\n\n\n\n<p>La marque Great Value\u00ae est nouvelle.<\/p>\n\n\n<p>En fonction de la nature des produits et services vendus et du statut des demandes de marques, TAGGRS Vs Stape|TAGGRS Server Side Tracking|Stape Server Side Tracking|Stape, l&#8217;une de ces marques pourrait \u00eatre applicable.<\/p>","protected":false},"excerpt":{"rendered":"<p>Ce type de marque est \u00e9galement utilis\u00e9 par certaines entreprises qui vendent des biens mat\u00e9riels. Wal-Mart\u00ae, par exemple, peut \u00eatre consid\u00e9r\u00e9e comme une marque de service puisqu&#8217;elle fournit des services de vente au d\u00e9tail. La plupart des produits qu&#8217;elle vend ne lui appartiennent pas, mais sa marque Great Value\u00ae constituerait une marque traditionnelle. Voici des [&hellip;]<\/p>\n","protected":false},"author":1,"featured_media":0,"parent":0,"menu_order":0,"comment_status":"closed","ping_status":"closed","template":"","meta":{"footnotes":""},"class_list":["post-294","page","type-page","status-publish","hentry"],"_links":{"self":[{"href":"https:\/\/wp.test.ate.otgs.work\/testqa201\/wp-json\/wp\/v2\/pages\/294","targetHints":{"allow":["GET"]}}],"collection":[{"href":"https:\/\/wp.test.ate.otgs.work\/testqa201\/wp-json\/wp\/v2\/pages"}],"about":[{"href":"https:\/\/wp.test.ate.otgs.work\/testqa201\/wp-json\/wp\/v2\/types\/page"}],"author":[{"embeddable":true,"href":"https:\/\/wp.test.ate.otgs.work\/testqa201\/wp-json\/wp\/v2\/users\/1"}],"replies":[{"embeddable":true,"href":"https:\/\/wp.test.ate.otgs.work\/testqa201\/wp-json\/wp\/v2\/comments?post=294"}],"version-history":[{"count":2,"href":"https:\/\/wp.test.ate.otgs.work\/testqa201\/wp-json\/wp\/v2\/pages\/294\/revisions"}],"predecessor-version":[{"id":404,"href":"https:\/\/wp.test.ate.otgs.work\/testqa201\/wp-json\/wp\/v2\/pages\/294\/revisions\/404"}],"wp:attachment":[{"href":"https:\/\/wp.test.ate.otgs.work\/testqa201\/wp-json\/wp\/v2\/media?parent=294"}],"curies":[{"name":"wp","href":"https:\/\/api.w.org\/{rel}","templated":true}]}}