{"id":290,"date":"2023-08-27T21:26:53","date_gmt":"2023-08-27T21:26:53","guid":{"rendered":"https:\/\/wp.test.ate.otgs.work\/testqa201\/messung-metrische-ubersetzung-neu\/"},"modified":"2023-08-29T10:59:54","modified_gmt":"2023-08-29T10:59:54","slug":"messung-metrische-ubersetzung-neu","status":"publish","type":"page","link":"https:\/\/wp.test.ate.otgs.work\/testqa201\/messung-metrische-ubersetzung-neu\/?lang=de","title":{"rendered":"Messung Metrische \u00dcbersetzung Neu"},"content":{"rendered":"<p>Eine durchschnittliche 600ml Limonade zum Beispiel ist eigentlich 2 bis 3 Portionen.<\/p>\n<p>Die Grundmenge an Wasser, die Sie jeden Tag trinken sollten, betr\u00e4gt mindestens sechs Gl\u00e4ser \u00e0 8 Unzen pro Tag.<\/p>\n<p>Eine durchschnittliche Person ist 150 cm gro\u00df.<\/p>\n<p>Die durchschnittliche K\u00f6rpergr\u00f6\u00dfe eines Menschen betr\u00e4gt 150 cm.<\/p>\n<p>Ein Fu\u00dflineal hat meistens eine L\u00e4nge von 30 cm.<\/p>\n<p>Terms &amp; Conditions neue Seite<\/p>\n<p>Ein Fu\u00dflineal hat meistens eine L\u00e4nge von 30 cm.<\/p>\n","protected":false},"excerpt":{"rendered":"<p>Eine durchschnittliche 600ml Limonade zum Beispiel ist eigentlich 2 bis 3 Portionen. Die Grundmenge an Wasser, die Sie jeden Tag trinken sollten, betr\u00e4gt mindestens sechs Gl\u00e4ser \u00e0 8 Unzen pro Tag. Eine durchschnittliche Person ist 150 cm gro\u00df. Die durchschnittliche K\u00f6rpergr\u00f6\u00dfe eines Menschen betr\u00e4gt 150 cm. Ein Fu\u00dflineal hat meistens eine L\u00e4nge von 30 cm. [&hellip;]<\/p>\n","protected":false},"author":1,"featured_media":0,"parent":0,"menu_order":0,"comment_status":"closed","ping_status":"closed","template":"","meta":{"footnotes":""},"class_list":["post-290","page","type-page","status-publish","hentry"],"_links":{"self":[{"href":"https:\/\/wp.test.ate.otgs.work\/testqa201\/wp-json\/wp\/v2\/pages\/290","targetHints":{"allow":["GET"]}}],"collection":[{"href":"https:\/\/wp.test.ate.otgs.work\/testqa201\/wp-json\/wp\/v2\/pages"}],"about":[{"href":"https:\/\/wp.test.ate.otgs.work\/testqa201\/wp-json\/wp\/v2\/types\/page"}],"author":[{"embeddable":true,"href":"https:\/\/wp.test.ate.otgs.work\/testqa201\/wp-json\/wp\/v2\/users\/1"}],"replies":[{"embeddable":true,"href":"https:\/\/wp.test.ate.otgs.work\/testqa201\/wp-json\/wp\/v2\/comments?post=290"}],"version-history":[{"count":1,"href":"https:\/\/wp.test.ate.otgs.work\/testqa201\/wp-json\/wp\/v2\/pages\/290\/revisions"}],"predecessor-version":[{"id":292,"href":"https:\/\/wp.test.ate.otgs.work\/testqa201\/wp-json\/wp\/v2\/pages\/290\/revisions\/292"}],"wp:attachment":[{"href":"https:\/\/wp.test.ate.otgs.work\/testqa201\/wp-json\/wp\/v2\/media?parent=290"}],"curies":[{"name":"wp","href":"https:\/\/api.w.org\/{rel}","templated":true}]}}