{"id":289,"date":"2023-08-27T21:26:53","date_gmt":"2023-08-27T21:26:53","guid":{"rendered":"https:\/\/wp.test.ate.otgs.work\/testqa201\/mesure-traduction-metrique-nouveau\/"},"modified":"2023-08-27T21:26:53","modified_gmt":"2023-08-27T21:26:53","slug":"mesure-traduction-metrique-nouveau","status":"publish","type":"page","link":"https:\/\/wp.test.ate.otgs.work\/testqa201\/mesure-traduction-metrique-nouveau\/?lang=fr","title":{"rendered":"Mesure Traduction m\u00e9trique Nouveau"},"content":{"rendered":"<p>Un soda moyen de 600ml, par exemple, repr\u00e9sente en r\u00e9alit\u00e9 2 \u00e0 3 portions.<\/p>\n<p>La quantit\u00e9 de base d&#8217;eau \u00e0 boire chaque jour est d&#8217;au moins six verres de 200 ml par jour.<\/p>\n<p>Une personne moyenne mesure 1,5 m.<\/p>\n<p>La taille moyenne d&#8217;un \u00eatre humain est de 150cm.<\/p>\n<p>Une r\u00e8gle de pied a le plus souvent une longueur de 12\u2033.<\/p>\n<p>Terms &amp; Conditions nouvelle page<\/p>\n<p>La plupart du temps, une r\u00e8gle de pied mesure 30cm de long.<\/p>\n","protected":false},"excerpt":{"rendered":"<p>Un soda moyen de 600ml, par exemple, repr\u00e9sente en r\u00e9alit\u00e9 2 \u00e0 3 portions. La quantit\u00e9 de base d&#8217;eau \u00e0 boire chaque jour est d&#8217;au moins six verres de 200 ml par jour. Une personne moyenne mesure 1,5 m. La taille moyenne d&#8217;un \u00eatre humain est de 150cm. Une r\u00e8gle de pied a le plus [&hellip;]<\/p>\n","protected":false},"author":1,"featured_media":0,"parent":0,"menu_order":0,"comment_status":"closed","ping_status":"closed","template":"","meta":{"footnotes":""},"class_list":["post-289","page","type-page","status-publish","hentry"],"_links":{"self":[{"href":"https:\/\/wp.test.ate.otgs.work\/testqa201\/wp-json\/wp\/v2\/pages\/289","targetHints":{"allow":["GET"]}}],"collection":[{"href":"https:\/\/wp.test.ate.otgs.work\/testqa201\/wp-json\/wp\/v2\/pages"}],"about":[{"href":"https:\/\/wp.test.ate.otgs.work\/testqa201\/wp-json\/wp\/v2\/types\/page"}],"author":[{"embeddable":true,"href":"https:\/\/wp.test.ate.otgs.work\/testqa201\/wp-json\/wp\/v2\/users\/1"}],"replies":[{"embeddable":true,"href":"https:\/\/wp.test.ate.otgs.work\/testqa201\/wp-json\/wp\/v2\/comments?post=289"}],"version-history":[{"count":0,"href":"https:\/\/wp.test.ate.otgs.work\/testqa201\/wp-json\/wp\/v2\/pages\/289\/revisions"}],"wp:attachment":[{"href":"https:\/\/wp.test.ate.otgs.work\/testqa201\/wp-json\/wp\/v2\/media?parent=289"}],"curies":[{"name":"wp","href":"https:\/\/api.w.org\/{rel}","templated":true}]}}