{"id":288,"date":"2023-08-27T21:26:53","date_gmt":"2023-08-27T21:26:53","guid":{"rendered":"https:\/\/wp.test.ate.otgs.work\/testqa201\/prijevod-metrike-mjerenja-novo\/"},"modified":"2023-08-27T21:26:53","modified_gmt":"2023-08-27T21:26:53","slug":"prijevod-metrike-mjerenja-novo","status":"publish","type":"page","link":"https:\/\/wp.test.ate.otgs.work\/testqa201\/prijevod-metrike-mjerenja-novo\/?lang=hr","title":{"rendered":"Prijevod metrike mjerenja Novo"},"content":{"rendered":"<p>Prosje\u010dna soda 600ml , na primjer, zapravo je 2 do 3 porcije.<\/p>\n<p>Osnovna koli\u010dina vode koju biste trebali popiti svaki dan je najmanje \u0161est \u010da\u0161a od 8 unci svaki dan.<\/p>\n<p>Prosje\u010dna osoba je visoka 150cm<\/p>\n<p>Prosje\u010dna visina ljudskog bi\u0107a obi\u010dno je 150cm .<\/p>\n<p>No\u017eno ravnalo naj\u010de\u0161\u0107e je duga\u010dko 12 in\u010da.<\/p>\n<p>Terms &amp; Conditions nova stranica<\/p>\n<p>No\u017eno ravnalo je naj\u010de\u0161\u0107e duga\u010dko 30cm .<\/p>\n","protected":false},"excerpt":{"rendered":"<p>Prosje\u010dna soda 600ml , na primjer, zapravo je 2 do 3 porcije. Osnovna koli\u010dina vode koju biste trebali popiti svaki dan je najmanje \u0161est \u010da\u0161a od 8 unci svaki dan. Prosje\u010dna osoba je visoka 150cm Prosje\u010dna visina ljudskog bi\u0107a obi\u010dno je 150cm . No\u017eno ravnalo naj\u010de\u0161\u0107e je duga\u010dko 12 in\u010da. Terms &amp; Conditions nova stranica [&hellip;]<\/p>\n","protected":false},"author":1,"featured_media":0,"parent":0,"menu_order":0,"comment_status":"closed","ping_status":"closed","template":"","meta":{"footnotes":""},"class_list":["post-288","page","type-page","status-publish","hentry"],"_links":{"self":[{"href":"https:\/\/wp.test.ate.otgs.work\/testqa201\/wp-json\/wp\/v2\/pages\/288","targetHints":{"allow":["GET"]}}],"collection":[{"href":"https:\/\/wp.test.ate.otgs.work\/testqa201\/wp-json\/wp\/v2\/pages"}],"about":[{"href":"https:\/\/wp.test.ate.otgs.work\/testqa201\/wp-json\/wp\/v2\/types\/page"}],"author":[{"embeddable":true,"href":"https:\/\/wp.test.ate.otgs.work\/testqa201\/wp-json\/wp\/v2\/users\/1"}],"replies":[{"embeddable":true,"href":"https:\/\/wp.test.ate.otgs.work\/testqa201\/wp-json\/wp\/v2\/comments?post=288"}],"version-history":[{"count":0,"href":"https:\/\/wp.test.ate.otgs.work\/testqa201\/wp-json\/wp\/v2\/pages\/288\/revisions"}],"wp:attachment":[{"href":"https:\/\/wp.test.ate.otgs.work\/testqa201\/wp-json\/wp\/v2\/media?parent=288"}],"curies":[{"name":"wp","href":"https:\/\/api.w.org\/{rel}","templated":true}]}}