{"id":286,"date":"2023-08-27T21:26:53","date_gmt":"2023-08-27T21:26:53","guid":{"rendered":"https:\/\/wp.test.ate.otgs.work\/testqa201\/mereni-metricky-preklad-novy\/"},"modified":"2023-08-27T21:26:53","modified_gmt":"2023-08-27T21:26:53","slug":"mereni-metricky-preklad-novy","status":"publish","type":"page","link":"https:\/\/wp.test.ate.otgs.work\/testqa201\/mereni-metricky-preklad-novy\/?lang=cs","title":{"rendered":"M\u011b\u0159en\u00ed Metrick\u00fd p\u0159eklad Nov\u00fd"},"content":{"rendered":"<p>Nap\u0159\u00edklad pr\u016fm\u011brn\u00e1 600ml limon\u00e1da p\u0159edstavuje ve skute\u010dnosti 2 a\u017e 3 porce.<\/p>\n<p>Z\u00e1kladn\u00ed mno\u017estv\u00ed vody, kter\u00e9 byste m\u011bli denn\u011b vyp\u00edt, je nejm\u00e9n\u011b \u0161est sklenic o objemu 8 unc\u00ed denn\u011b.<\/p>\n<p>Pr\u016fm\u011brn\u00e1 v\u00fd\u0161ka \u010dlov\u011bka je 150cm <\/p>\n<p>Pr\u016fm\u011brn\u00e1 v\u00fd\u0161ka \u010dlov\u011bka je obvykle 150cm <\/p>\n<p>Prav\u00edtko na nohy m\u00e1 nej\u010dast\u011bji d\u00e9lku 12\u2033.<\/p>\n<p>Podm\u00ednky Terms &amp; Conditions nov\u00e1 str\u00e1nka<\/p>\n<p>Prav\u00edtko na nohu m\u00e1 nej\u010dast\u011bji d\u00e9lku 30cm.<\/p>\n","protected":false},"excerpt":{"rendered":"<p>Nap\u0159\u00edklad pr\u016fm\u011brn\u00e1 600ml limon\u00e1da p\u0159edstavuje ve skute\u010dnosti 2 a\u017e 3 porce. Z\u00e1kladn\u00ed mno\u017estv\u00ed vody, kter\u00e9 byste m\u011bli denn\u011b vyp\u00edt, je nejm\u00e9n\u011b \u0161est sklenic o objemu 8 unc\u00ed denn\u011b. Pr\u016fm\u011brn\u00e1 v\u00fd\u0161ka \u010dlov\u011bka je 150cm Pr\u016fm\u011brn\u00e1 v\u00fd\u0161ka \u010dlov\u011bka je obvykle 150cm Prav\u00edtko na nohy m\u00e1 nej\u010dast\u011bji d\u00e9lku 12\u2033. Podm\u00ednky Terms &amp; Conditions nov\u00e1 str\u00e1nka Prav\u00edtko na nohu [&hellip;]<\/p>\n","protected":false},"author":1,"featured_media":0,"parent":0,"menu_order":0,"comment_status":"closed","ping_status":"closed","template":"","meta":{"footnotes":""},"class_list":["post-286","page","type-page","status-publish","hentry"],"_links":{"self":[{"href":"https:\/\/wp.test.ate.otgs.work\/testqa201\/wp-json\/wp\/v2\/pages\/286","targetHints":{"allow":["GET"]}}],"collection":[{"href":"https:\/\/wp.test.ate.otgs.work\/testqa201\/wp-json\/wp\/v2\/pages"}],"about":[{"href":"https:\/\/wp.test.ate.otgs.work\/testqa201\/wp-json\/wp\/v2\/types\/page"}],"author":[{"embeddable":true,"href":"https:\/\/wp.test.ate.otgs.work\/testqa201\/wp-json\/wp\/v2\/users\/1"}],"replies":[{"embeddable":true,"href":"https:\/\/wp.test.ate.otgs.work\/testqa201\/wp-json\/wp\/v2\/comments?post=286"}],"version-history":[{"count":0,"href":"https:\/\/wp.test.ate.otgs.work\/testqa201\/wp-json\/wp\/v2\/pages\/286\/revisions"}],"wp:attachment":[{"href":"https:\/\/wp.test.ate.otgs.work\/testqa201\/wp-json\/wp\/v2\/media?parent=286"}],"curies":[{"name":"wp","href":"https:\/\/api.w.org\/{rel}","templated":true}]}}