{"id":276,"date":"2023-08-27T21:26:53","date_gmt":"2023-08-27T21:26:53","guid":{"rendered":"https:\/\/wp.test.ate.otgs.work\/testqa201\/medicion-traduccion-metrica-nuevo\/"},"modified":"2023-08-29T10:49:45","modified_gmt":"2023-08-29T10:49:45","slug":"medicion-traduccion-metrica-nuevo","status":"publish","type":"page","link":"https:\/\/wp.test.ate.otgs.work\/testqa201\/medicion-traduccion-metrica-nuevo\/?lang=es","title":{"rendered":"Medici\u00f3n Traducci\u00f3n m\u00e9trica Nuevo"},"content":{"rendered":"<p>Un refresco medio de 600ml, por ejemplo, es en realidad de 2 a 3 raciones.<\/p>\n<p>La cantidad b\u00c3\u00a1sica de agua que se debe beber cada d\u00c3\u00ada es de al menos seis vasos de 200 ml cada d\u00c3\u00ada.<\/p>\n<p>Una persona media mide 150cm.<\/p>\n<p>La estatura media de un ser humano suele ser de 150cm.<\/p>\n<p>Una regla de pie suele tener una longitud de 30cm.<\/p>\n<p>Terms &amp; Conditions nueva p\u00e1gina<\/p>\n<p>Una regla de pie suele tener 30cm de longitud.<\/p>\n","protected":false},"excerpt":{"rendered":"<p>Un refresco medio de 600ml, por ejemplo, es en realidad de 2 a 3 raciones. La cantidad b\u00c3\u00a1sica de agua que se debe beber cada d\u00c3\u00ada es de al menos seis vasos de 200 ml cada d\u00c3\u00ada. Una persona media mide 150cm. La estatura media de un ser humano suele ser de 150cm. Una regla [&hellip;]<\/p>\n","protected":false},"author":1,"featured_media":0,"parent":0,"menu_order":0,"comment_status":"closed","ping_status":"closed","template":"","meta":{"footnotes":""},"class_list":["post-276","page","type-page","status-publish","hentry"],"_links":{"self":[{"href":"https:\/\/wp.test.ate.otgs.work\/testqa201\/wp-json\/wp\/v2\/pages\/276","targetHints":{"allow":["GET"]}}],"collection":[{"href":"https:\/\/wp.test.ate.otgs.work\/testqa201\/wp-json\/wp\/v2\/pages"}],"about":[{"href":"https:\/\/wp.test.ate.otgs.work\/testqa201\/wp-json\/wp\/v2\/types\/page"}],"author":[{"embeddable":true,"href":"https:\/\/wp.test.ate.otgs.work\/testqa201\/wp-json\/wp\/v2\/users\/1"}],"replies":[{"embeddable":true,"href":"https:\/\/wp.test.ate.otgs.work\/testqa201\/wp-json\/wp\/v2\/comments?post=276"}],"version-history":[{"count":1,"href":"https:\/\/wp.test.ate.otgs.work\/testqa201\/wp-json\/wp\/v2\/pages\/276\/revisions"}],"predecessor-version":[{"id":283,"href":"https:\/\/wp.test.ate.otgs.work\/testqa201\/wp-json\/wp\/v2\/pages\/276\/revisions\/283"}],"wp:attachment":[{"href":"https:\/\/wp.test.ate.otgs.work\/testqa201\/wp-json\/wp\/v2\/media?parent=276"}],"curies":[{"name":"wp","href":"https:\/\/api.w.org\/{rel}","templated":true}]}}