{"id":251,"date":"2023-08-25T08:18:48","date_gmt":"2023-08-25T08:18:48","guid":{"rendered":"https:\/\/wp.test.ate.otgs.work\/testqa201\/test-utf-8\/"},"modified":"2023-08-25T08:18:48","modified_gmt":"2023-08-25T08:18:48","slug":"test-utf-8","status":"publish","type":"page","link":"https:\/\/wp.test.ate.otgs.work\/testqa201\/test-utf-8\/?lang=cs","title":{"rendered":"Test UTF-8"},"content":{"rendered":"<p>P\u0159id\u00e1v\u00e1m obsah v k\u00f3dov\u00e1n\u00ed UTF-8.<\/p>\n<p>Zobraz\u00edm \u25a0<\/p>\n<p>Zobraz\u00edm \u25a1<\/p>\n<p>Zobraz\u00edm \u25a2<\/p>\n","protected":false},"excerpt":{"rendered":"<p>P\u0159id\u00e1v\u00e1m obsah v k\u00f3dov\u00e1n\u00ed UTF-8. Zobraz\u00edm \u25a0 Zobraz\u00edm \u25a1 Zobraz\u00edm \u25a2<\/p>\n","protected":false},"author":1,"featured_media":0,"parent":0,"menu_order":0,"comment_status":"closed","ping_status":"closed","template":"","meta":{"footnotes":""},"class_list":["post-251","page","type-page","status-publish","hentry"],"_links":{"self":[{"href":"https:\/\/wp.test.ate.otgs.work\/testqa201\/wp-json\/wp\/v2\/pages\/251","targetHints":{"allow":["GET"]}}],"collection":[{"href":"https:\/\/wp.test.ate.otgs.work\/testqa201\/wp-json\/wp\/v2\/pages"}],"about":[{"href":"https:\/\/wp.test.ate.otgs.work\/testqa201\/wp-json\/wp\/v2\/types\/page"}],"author":[{"embeddable":true,"href":"https:\/\/wp.test.ate.otgs.work\/testqa201\/wp-json\/wp\/v2\/users\/1"}],"replies":[{"embeddable":true,"href":"https:\/\/wp.test.ate.otgs.work\/testqa201\/wp-json\/wp\/v2\/comments?post=251"}],"version-history":[{"count":0,"href":"https:\/\/wp.test.ate.otgs.work\/testqa201\/wp-json\/wp\/v2\/pages\/251\/revisions"}],"wp:attachment":[{"href":"https:\/\/wp.test.ate.otgs.work\/testqa201\/wp-json\/wp\/v2\/media?parent=251"}],"curies":[{"name":"wp","href":"https:\/\/api.w.org\/{rel}","templated":true}]}}