{"id":243,"date":"2023-07-17T11:01:00","date_gmt":"2023-07-17T11:01:00","guid":{"rendered":"https:\/\/wp.test.ate.otgs.work\/testqa201\/metricke-prevody-mereni\/"},"modified":"2023-07-17T11:01:00","modified_gmt":"2023-07-17T11:01:00","slug":"metricke-prevody-mereni","status":"publish","type":"page","link":"https:\/\/wp.test.ate.otgs.work\/testqa201\/metricke-prevody-mereni\/?lang=cs","title":{"rendered":"Metrick\u00e9 p\u0159evody m\u011b\u0159en\u00ed"},"content":{"rendered":"\n<p>Nap\u0159\u00edklad pr\u016fm\u011brn\u00e1 600ml limon\u00e1da p\u0159edstavuje ve skute\u010dnosti 2,5 porce.<\/p>\n\n\n\n<p>Z\u00e1kladn\u00ed mno\u017estv\u00ed vody, kter\u00e9 byste m\u011bli denn\u011b vyp\u00edt, je nejm\u00e9n\u011b \u0161est sklenic o objemu 8 unc\u00ed denn\u011b.<\/p>\n\n\n\n<p>Pr\u016fm\u011brn\u00e1 v\u00fd\u0161ka \u010dlov\u011bka je 5 stop.<\/p>\n\n\n\n<p>V\u00fd\u0161ka 5 stop je v\u00fd\u0161ka pr\u016fm\u011brn\u00e9ho \u010dlov\u011bka.<\/p>\n\n\n\n<p>Stopov\u00e9 prav\u00edtko m\u00e1 obvykle d\u00e9lku 12&#8243;.<\/p>\n\n\n<p>Str\u00e1nka s obchodn\u00edmi Terms &amp; Conditions <\/p>","protected":false},"excerpt":{"rendered":"<p>Nap\u0159\u00edklad pr\u016fm\u011brn\u00e1 600ml limon\u00e1da p\u0159edstavuje ve skute\u010dnosti 2,5 porce. Z\u00e1kladn\u00ed mno\u017estv\u00ed vody, kter\u00e9 byste m\u011bli denn\u011b vyp\u00edt, je nejm\u00e9n\u011b \u0161est sklenic o objemu 8 unc\u00ed denn\u011b. Pr\u016fm\u011brn\u00e1 v\u00fd\u0161ka \u010dlov\u011bka je 5 stop. V\u00fd\u0161ka 5 stop je v\u00fd\u0161ka pr\u016fm\u011brn\u00e9ho \u010dlov\u011bka. Stopov\u00e9 prav\u00edtko m\u00e1 obvykle d\u00e9lku 12&#8243;. Str\u00e1nka s obchodn\u00edmi Terms &amp; Conditions<\/p>\n","protected":false},"author":1,"featured_media":0,"parent":0,"menu_order":0,"comment_status":"closed","ping_status":"closed","template":"","meta":{"footnotes":""},"class_list":["post-243","page","type-page","status-publish","hentry"],"_links":{"self":[{"href":"https:\/\/wp.test.ate.otgs.work\/testqa201\/wp-json\/wp\/v2\/pages\/243","targetHints":{"allow":["GET"]}}],"collection":[{"href":"https:\/\/wp.test.ate.otgs.work\/testqa201\/wp-json\/wp\/v2\/pages"}],"about":[{"href":"https:\/\/wp.test.ate.otgs.work\/testqa201\/wp-json\/wp\/v2\/types\/page"}],"author":[{"embeddable":true,"href":"https:\/\/wp.test.ate.otgs.work\/testqa201\/wp-json\/wp\/v2\/users\/1"}],"replies":[{"embeddable":true,"href":"https:\/\/wp.test.ate.otgs.work\/testqa201\/wp-json\/wp\/v2\/comments?post=243"}],"version-history":[{"count":0,"href":"https:\/\/wp.test.ate.otgs.work\/testqa201\/wp-json\/wp\/v2\/pages\/243\/revisions"}],"wp:attachment":[{"href":"https:\/\/wp.test.ate.otgs.work\/testqa201\/wp-json\/wp\/v2\/media?parent=243"}],"curies":[{"name":"wp","href":"https:\/\/api.w.org\/{rel}","templated":true}]}}