{"id":241,"date":"2023-07-31T14:09:51","date_gmt":"2023-07-31T14:09:51","guid":{"rendered":"https:\/\/wp.test.ate.otgs.work\/testqa201\/hit-run-tv-serial\/"},"modified":"2023-07-31T14:09:51","modified_gmt":"2023-07-31T14:09:51","slug":"hit-run-tv-serial","status":"publish","type":"page","link":"https:\/\/wp.test.ate.otgs.work\/testqa201\/hit-run-tv-serial\/?lang=cs","title":{"rendered":"Hit &amp; Run (TV seri\u00e1l)"},"content":{"rendered":"\n<p><em>\n  <strong>Hit &amp; Run<\/strong>\n<\/em> je <a href=\"https:\/\/en.wikipedia.org\/wiki\/United_States\">izraelsko-americk\u00fd<\/a> thrillerov\u00fd <a href=\"https:\/\/en.wikipedia.org\/wiki\/Television_show\">seri\u00e1l<\/a> spole\u010dnosti <a href=\"https:\/\/en.wikipedia.org\/wiki\/List_of_Netflix_original_programming\">Netflix<\/a>, kter\u00fd vytvo\u0159ili a napsali <a href=\"https:\/\/en.wikipedia.org\/wiki\/Avi_Issacharoff\">Avi Issacharoff<\/a>, <a href=\"https:\/\/en.wikipedia.org\/wiki\/Lior_Raz\">Lior Raz<\/a>, <a href=\"https:\/\/en.wikipedia.org\/wiki\/Dawn_Prestwich\">Dawn Prestwich<\/a> a <a href=\"https:\/\/en.wikipedia.org\/wiki\/Nicole_Yorkin\">Nicole Yorkin<\/a>. Seri\u00e1l m\u011bl premi\u00e9ru 6. srpna 2021.<sup>\n  <a href=\"https:\/\/en.wikipedia.org\/wiki\/Hit_%26_Run_(TV_series)#cite_note-Release-1\">[1]<\/a>\n<\/sup> V z\u00e1\u0159\u00ed 2021 byl seri\u00e1l po jedn\u00e9 sez\u00f3n\u011b zru\u0161en. <em>Hit &amp; Run<\/em> napsali <a href=\"https:\/\/en.wikipedia.org\/wiki\/Avi_Issacharoff\">Avi Issacharoff<\/a>, <a href=\"https:\/\/en.wikipedia.org\/wiki\/Lior_Raz\">Lior Raz<\/a>, <a href=\"https:\/\/en.wikipedia.org\/wiki\/Dawn_Prestwich\">Dawn Prestwich<\/a> a <a href=\"https:\/\/en.wikipedia.org\/wiki\/Nicole_Yorkin\">Nicole Yorkinov\u00e1<\/a>.<sup>\n  <a href=\"https:\/\/en.wikipedia.org\/wiki\/Hit_%26_Run_(TV_series)#cite_note-Deadline2-8\">[8]<\/a>\n<\/sup> <a href=\"https:\/\/en.wikipedia.org\/wiki\/Mike_Barker_(director)\">Mike Barker<\/a>.<\/p>\n\n\n\n<p>Film Hit &amp; Run pojedn\u00e1v\u00e1 o \u0161\u0165astn\u011b \u017eenat\u00e9m mu\u017ei Segevovi Azulaiovi, jeho\u017e \u017eivot se obr\u00e1t\u00ed vzh\u016fru nohama, kdy\u017e je jeho \u017eena zabita p\u0159i z\u00e1hadn\u00e9 nehod\u011b v <a href=\"https:\/\/en.wikipedia.org\/wiki\/Tel_Aviv\">Tel Avivu<\/a>. Zarmoucen\u00fd a zmaten\u00fd p\u00e1tr\u00e1 po vraz\u00edch sv\u00e9 \u017eeny, kte\u0159\u00ed uprchli do USA.S pomoc\u00ed b\u00fdval\u00e9 milenky Naomi Hicksov\u00e9 odhaluje znepokojiv\u00e9 pravdy o sv\u00e9 milovan\u00e9 \u017een\u011b a tajemstv\u00edch, kter\u00e1 p\u0159ed n\u00edm skr\u00fdvala.<\/p>\n","protected":false},"excerpt":{"rendered":"<p>Hit &amp; Run je izraelsko-americk\u00fd thrillerov\u00fd seri\u00e1l spole\u010dnosti Netflix, kter\u00fd vytvo\u0159ili a napsali Avi Issacharoff, Lior Raz, Dawn Prestwich a Nicole Yorkin. Seri\u00e1l m\u011bl premi\u00e9ru 6. srpna 2021. [1] V z\u00e1\u0159\u00ed 2021 byl seri\u00e1l po jedn\u00e9 sez\u00f3n\u011b zru\u0161en. Hit &amp; Run napsali Avi Issacharoff, Lior Raz, Dawn Prestwich a Nicole Yorkinov\u00e1. [8] Mike Barker. Film [&hellip;]<\/p>\n","protected":false},"author":1,"featured_media":0,"parent":0,"menu_order":0,"comment_status":"closed","ping_status":"closed","template":"","meta":{"footnotes":""},"class_list":["post-241","page","type-page","status-publish","hentry"],"_links":{"self":[{"href":"https:\/\/wp.test.ate.otgs.work\/testqa201\/wp-json\/wp\/v2\/pages\/241","targetHints":{"allow":["GET"]}}],"collection":[{"href":"https:\/\/wp.test.ate.otgs.work\/testqa201\/wp-json\/wp\/v2\/pages"}],"about":[{"href":"https:\/\/wp.test.ate.otgs.work\/testqa201\/wp-json\/wp\/v2\/types\/page"}],"author":[{"embeddable":true,"href":"https:\/\/wp.test.ate.otgs.work\/testqa201\/wp-json\/wp\/v2\/users\/1"}],"replies":[{"embeddable":true,"href":"https:\/\/wp.test.ate.otgs.work\/testqa201\/wp-json\/wp\/v2\/comments?post=241"}],"version-history":[{"count":0,"href":"https:\/\/wp.test.ate.otgs.work\/testqa201\/wp-json\/wp\/v2\/pages\/241\/revisions"}],"wp:attachment":[{"href":"https:\/\/wp.test.ate.otgs.work\/testqa201\/wp-json\/wp\/v2\/media?parent=241"}],"curies":[{"name":"wp","href":"https:\/\/api.w.org\/{rel}","templated":true}]}}