{"id":221,"date":"2023-06-08T09:14:08","date_gmt":"2023-06-08T09:14:08","guid":{"rendered":"https:\/\/wp.test.ate.otgs.work\/testqa201\/ukazkova-stranka\/"},"modified":"2023-06-08T09:14:08","modified_gmt":"2023-06-08T09:14:08","slug":"ukazkova-stranka","status":"publish","type":"page","link":"https:\/\/wp.test.ate.otgs.work\/testqa201\/ukazkova-stranka\/?lang=cs","title":{"rendered":"Uk\u00e1zkov\u00e1 str\u00e1nka"},"content":{"rendered":"\n<p>Toto je uk\u00e1zkov\u00e1 str\u00e1nka. Od p\u0159\u00edsp\u011bvku na blogu se li\u0161\u00ed t\u00edm, \u017ee z\u016fstane na jednom m\u00edst\u011b a zobraz\u00ed se v navigaci webu (ve v\u011bt\u0161in\u011b t\u00e9mat). V\u011bt\u0161ina lid\u00ed za\u010d\u00edn\u00e1 str\u00e1nkou O webu, kter\u00e1 je p\u0159edstavuje potenci\u00e1ln\u00edm n\u00e1v\u0161t\u011bvn\u00edk\u016fm webu. Mohlo by tam b\u00fdt naps\u00e1no n\u011bco takov\u00e9ho:<\/p>\n\n\n\n<blockquote class=\"wp-block-quote is-layout-flow wp-block-quote-is-layout-flow\"><p>Ahoj! P\u0159es den jsem posl\u00ed\u010dek na kole, v noci za\u010d\u00ednaj\u00edc\u00ed herec a tohle je moje webov\u00e1 str\u00e1nka. \u017diji v Los Angeles, m\u00e1m skv\u011bl\u00e9ho psa jm\u00e9nem Jack a m\u00e1m r\u00e1da pi\u0148a coladu. (A zastihne t\u011b d\u00e9\u0161\u0165.)<\/p><\/blockquote>\n\n\n\n<p>&#8230;nebo n\u011bco takov\u00e9ho:<\/p>\n\n\n\n<blockquote class=\"wp-block-quote is-layout-flow wp-block-quote-is-layout-flow\"><p>Spole\u010dnost XYZ Doohickey Company byla zalo\u017eena v roce 1971 a od t\u00e9 doby poskytuje ve\u0159ejnosti kvalitn\u00ed doohickey. Spole\u010dnost XYZ se nach\u00e1z\u00ed v Gotham City, zam\u011bstn\u00e1v\u00e1 v\u00edce ne\u017e 2 000 lid\u00ed a d\u011bl\u00e1 pro gothamskou komunitu spoustu \u00fa\u017easn\u00fdch v\u011bc\u00ed.<\/p><\/blockquote>\n\n\n\n<p>Jako nov\u00fd u\u017eivatel WordPressu byste m\u011bli p\u0159ej\u00edt na <a href=\"https:\/\/wp.test.ate.otgs.work\/testqa201\/wp-admin\/\">ovl\u00e1dac\u00ed panel<\/a> a odstranit tuto str\u00e1nku a vytvo\u0159it nov\u00e9 str\u00e1nky pro sv\u016fj obsah. Bavte se!<\/p>\n","protected":false},"excerpt":{"rendered":"<p>Toto je uk\u00e1zkov\u00e1 str\u00e1nka. Od p\u0159\u00edsp\u011bvku na blogu se li\u0161\u00ed t\u00edm, \u017ee z\u016fstane na jednom m\u00edst\u011b a zobraz\u00ed se v navigaci webu (ve v\u011bt\u0161in\u011b t\u00e9mat). V\u011bt\u0161ina lid\u00ed za\u010d\u00edn\u00e1 str\u00e1nkou O webu, kter\u00e1 je p\u0159edstavuje potenci\u00e1ln\u00edm n\u00e1v\u0161t\u011bvn\u00edk\u016fm webu. Mohlo by tam b\u00fdt naps\u00e1no n\u011bco takov\u00e9ho: Ahoj! P\u0159es den jsem posl\u00ed\u010dek na kole, v noci za\u010d\u00ednaj\u00edc\u00ed herec [&hellip;]<\/p>\n","protected":false},"author":1,"featured_media":0,"parent":0,"menu_order":0,"comment_status":"closed","ping_status":"open","template":"","meta":{"footnotes":""},"class_list":["post-221","page","type-page","status-publish","hentry"],"_links":{"self":[{"href":"https:\/\/wp.test.ate.otgs.work\/testqa201\/wp-json\/wp\/v2\/pages\/221","targetHints":{"allow":["GET"]}}],"collection":[{"href":"https:\/\/wp.test.ate.otgs.work\/testqa201\/wp-json\/wp\/v2\/pages"}],"about":[{"href":"https:\/\/wp.test.ate.otgs.work\/testqa201\/wp-json\/wp\/v2\/types\/page"}],"author":[{"embeddable":true,"href":"https:\/\/wp.test.ate.otgs.work\/testqa201\/wp-json\/wp\/v2\/users\/1"}],"replies":[{"embeddable":true,"href":"https:\/\/wp.test.ate.otgs.work\/testqa201\/wp-json\/wp\/v2\/comments?post=221"}],"version-history":[{"count":0,"href":"https:\/\/wp.test.ate.otgs.work\/testqa201\/wp-json\/wp\/v2\/pages\/221\/revisions"}],"wp:attachment":[{"href":"https:\/\/wp.test.ate.otgs.work\/testqa201\/wp-json\/wp\/v2\/media?parent=221"}],"curies":[{"name":"wp","href":"https:\/\/api.w.org\/{rel}","templated":true}]}}