{"id":22,"date":"2023-06-08T09:14:08","date_gmt":"2023-06-08T09:14:08","guid":{"rendered":"https:\/\/wp.test.ate.otgs.work\/testqa201\/polityka-prywatnosci\/"},"modified":"2023-06-08T09:14:08","modified_gmt":"2023-06-08T09:14:08","slug":"polityka-prywatnosci","status":"publish","type":"page","link":"https:\/\/wp.test.ate.otgs.work\/testqa201\/polityka-prywatnosci\/?lang=pl","title":{"rendered":"Polityka prywatno\u015bci"},"content":{"rendered":"\n<h2 class=\"wp-block-heading\">Kim jeste\u015bmy<\/h2>\n\n\n\n<p><strong class=\"privacy-policy-tutorial\">Sugerowany tekst: <\/strong>Adres naszej strony internetowej to: https:\/\/wp.test.ate.otgs.work\/testqa201.<\/p>\n\n\n\n<h2 class=\"wp-block-heading\">Komentarze<\/h2>\n\n\n\n<p><strong class=\"privacy-policy-tutorial\">Sugerowany tekst: <\/strong>Gdy odwiedzaj\u0105cy zostawiaj\u0105 komentarze na stronie, zbieramy dane wy\u015bwietlane w formularzu komentarzy, a tak\u017ce adres IP odwiedzaj\u0105cego i ci\u0105g agenta u\u017cytkownika przegl\u0105darki, aby pom\u00f3c w wykrywaniu spamu.<\/p>\n\n\n\n<p>Zanonimizowany ci\u0105g znak\u00f3w utworzony z adresu e-mail u\u017cytkownika (zwany r\u00f3wnie\u017c skr\u00f3tem) mo\u017ce zosta\u0107 przekazany do us\u0142ugi Gravatar w celu sprawdzenia, czy u\u017cytkownik z niej korzysta. Polityka prywatno\u015bci us\u0142ugi Gravatar jest dost\u0119pna tutaj: https:\/\/automattic.com\/privacy\/. Po zatwierdzeniu komentarza zdj\u0119cie profilowe jest widoczne publicznie w kontek\u015bcie komentarza.<\/p>\n\n\n\n<h2 class=\"wp-block-heading\">Media<\/h2>\n\n\n\n<p><strong class=\"privacy-policy-tutorial\">Sugerowany tekst: <\/strong>W przypadku przesy\u0142ania zdj\u0119\u0107 do witryny nale\u017cy unika\u0107 przesy\u0142ania zdj\u0119\u0107 z osadzonymi danymi lokalizacji (EXIF GPS). Odwiedzaj\u0105cy witryn\u0119 mog\u0105 pobra\u0107 i wyodr\u0119bni\u0107 dowolne dane lokalizacji z obraz\u00f3w na stronie.<\/p>\n\n\n\n<h2 class=\"wp-block-heading\">Pliki cookie<\/h2>\n\n\n\n<p><strong class=\"privacy-policy-tutorial\">Sugerowany tekst: <\/strong>Je\u015bli zostawisz komentarz na naszej stronie, mo\u017cesz wyrazi\u0107 zgod\u0119 na zapisanie swojego imienia i nazwiska, adresu e-mail i strony internetowej w plikach cookie. S\u0105 one dla Twojej wygody, aby\u015b nie musia\u0142 ponownie wpisywa\u0107 swoich danych, gdy zostawiasz kolejny komentarz. Te ciasteczka przetrwaj\u0105 jeden rok.<\/p>\n\n\n\n<p>Je\u015bli u\u017cytkownik odwiedzi nasz\u0105 stron\u0119 logowania, ustawimy tymczasowy plik cookie w celu ustalenia, czy przegl\u0105darka u\u017cytkownika akceptuje pliki cookie. Ten plik cookie nie zawiera danych osobowych i jest usuwany po zamkni\u0119ciu przegl\u0105darki.<\/p>\n\n\n\n<p>Podczas logowania ustawimy r\u00f3wnie\u017c kilka plik\u00f3w cookie, aby zapisa\u0107 dane logowania i opcje wy\u015bwietlania ekranu. Pliki cookie logowania dzia\u0142aj\u0105 przez dwa dni, a pliki cookie opcji ekranu przez rok. Je\u015bli wybierzesz opcj\u0119 &#8220;Zapami\u0119taj mnie&#8221;, Tw\u00f3j login b\u0119dzie aktywny przez dwa tygodnie. Je\u015bli u\u017cytkownik wyloguje si\u0119 ze swojego konta, pliki cookie logowania zostan\u0105 usuni\u0119te.<\/p>\n\n\n\n<p>Je\u015bli edytujesz lub opublikujesz artyku\u0142, w Twojej przegl\u0105darce zostanie zapisany dodatkowy plik cookie. Ten plik cookie nie zawiera \u017cadnych danych osobowych i po prostu wskazuje identyfikator posta artyku\u0142u, kt\u00f3ry w\u0142a\u015bnie edytowa\u0142e\u015b. Wygasa po 1 dniu.<\/p>\n\n\n\n<h2 class=\"wp-block-heading\">Osadzona zawarto\u015b\u0107 z innych stron internetowych<\/h2>\n\n\n\n<p><strong class=\"privacy-policy-tutorial\">Sugerowany tekst: <\/strong>Artyku\u0142y na tej stronie mog\u0105 zawiera\u0107 osadzone tre\u015bci (np. filmy, obrazy, artyku\u0142y itp.). Osadzone tre\u015bci z innych witryn zachowuj\u0105 si\u0119 dok\u0142adnie tak samo, jak gdyby u\u017cytkownik odwiedzi\u0142 inn\u0105 witryn\u0119.<\/p>\n\n\n\n<p>Witryny te mog\u0105 gromadzi\u0107 dane o u\u017cytkowniku, wykorzystywa\u0107 pliki cookie, osadza\u0107 dodatkowe \u015bledzenie stron trzecich i monitorowa\u0107 interakcj\u0119 u\u017cytkownika z osadzon\u0105 zawarto\u015bci\u0105, w tym \u015bledzi\u0107 interakcj\u0119 u\u017cytkownika z osadzon\u0105 zawarto\u015bci\u0105, je\u015bli u\u017cytkownik ma konto i jest zalogowany w tej witrynie.<\/p>\n\n\n\n<h2 class=\"wp-block-heading\">Komu udost\u0119pniamy dane u\u017cytkownika<\/h2>\n\n\n\n<p><strong class=\"privacy-policy-tutorial\">Sugerowany tekst: <\/strong>Je\u015bli poprosisz o zresetowanie has\u0142a, Tw\u00f3j adres IP zostanie uwzgl\u0119dniony w wiadomo\u015bci e-mail z resetem.<\/p>\n\n\n\n<h2 class=\"wp-block-heading\">Jak d\u0142ugo przechowujemy dane u\u017cytkownika<\/h2>\n\n\n\n<p><strong class=\"privacy-policy-tutorial\">Sugerowany tekst: <\/strong>Je\u015bli zostawisz komentarz, komentarz i jego metadane zostan\u0105 zachowane na czas nieokre\u015blony. Dzi\u0119ki temu mo\u017cemy automatycznie rozpoznawa\u0107 i zatwierdza\u0107 wszelkie komentarze uzupe\u0142niaj\u0105ce, zamiast trzyma\u0107 je w kolejce moderacji.<\/p>\n\n\n\n<p>W przypadku u\u017cytkownik\u00f3w, kt\u00f3rzy zarejestruj\u0105 si\u0119 na naszej stronie internetowej (je\u015bli istniej\u0105), przechowujemy r\u00f3wnie\u017c dane osobowe, kt\u00f3re podaj\u0105 w swoim profilu u\u017cytkownika. Wszyscy u\u017cytkownicy mog\u0105 przegl\u0105da\u0107, edytowa\u0107 lub usuwa\u0107 swoje dane osobowe w dowolnym momencie (z wyj\u0105tkiem mo\u017cliwo\u015bci zmiany nazwy u\u017cytkownika). Administratorzy witryny mog\u0105 r\u00f3wnie\u017c przegl\u0105da\u0107 i edytowa\u0107 te informacje.<\/p>\n\n\n\n<h2 class=\"wp-block-heading\">Jakie prawa przys\u0142uguj\u0105 u\u017cytkownikowi w odniesieniu do jego danych<\/h2>\n\n\n\n<p><strong class=\"privacy-policy-tutorial\">Sugerowany tekst: <\/strong>Je\u015bli masz konto na tej stronie lub zostawi\u0142e\u015b komentarze, mo\u017cesz poprosi\u0107 o otrzymanie wyeksportowanego pliku danych osobowych, kt\u00f3re przechowujemy na Tw\u00f3j temat, w tym wszelkich danych, kt\u00f3re nam przekaza\u0142e\u015b. U\u017cytkownik mo\u017ce r\u00f3wnie\u017c za\u017c\u0105da\u0107 usuni\u0119cia wszelkich przechowywanych przez nas jego danych osobowych. Nie obejmuje to \u017cadnych danych, kt\u00f3re jeste\u015bmy zobowi\u0105zani przechowywa\u0107 do cel\u00f3w administracyjnych, prawnych lub bezpiecze\u0144stwa.<\/p>\n\n\n\n<h2 class=\"wp-block-heading\">Gdzie przesy\u0142ane s\u0105 dane u\u017cytkownika<\/h2>\n\n\n\n<p><strong class=\"privacy-policy-tutorial\">Sugerowany tekst: <\/strong>Komentarze odwiedzaj\u0105cych mog\u0105 by\u0107 sprawdzane przez automatyczn\u0105 us\u0142ug\u0119 wykrywania spamu.<\/p>\n","protected":false},"excerpt":{"rendered":"<p>Kim jeste\u015bmy Sugerowany tekst: Adres naszej strony internetowej to: https:\/\/wp.test.ate.otgs.work\/testqa201. Komentarze Sugerowany tekst: Gdy odwiedzaj\u0105cy zostawiaj\u0105 komentarze na stronie, zbieramy dane wy\u015bwietlane w formularzu komentarzy, a tak\u017ce adres IP odwiedzaj\u0105cego i ci\u0105g agenta u\u017cytkownika przegl\u0105darki, aby pom\u00f3c w wykrywaniu spamu. Zanonimizowany ci\u0105g znak\u00f3w utworzony z adresu e-mail u\u017cytkownika (zwany r\u00f3wnie\u017c skr\u00f3tem) mo\u017ce zosta\u0107 przekazany do [&hellip;]<\/p>\n","protected":false},"author":1,"featured_media":0,"parent":0,"menu_order":0,"comment_status":"closed","ping_status":"open","template":"","meta":{"footnotes":""},"class_list":["post-22","page","type-page","status-publish","hentry"],"_links":{"self":[{"href":"https:\/\/wp.test.ate.otgs.work\/testqa201\/wp-json\/wp\/v2\/pages\/22","targetHints":{"allow":["GET"]}}],"collection":[{"href":"https:\/\/wp.test.ate.otgs.work\/testqa201\/wp-json\/wp\/v2\/pages"}],"about":[{"href":"https:\/\/wp.test.ate.otgs.work\/testqa201\/wp-json\/wp\/v2\/types\/page"}],"author":[{"embeddable":true,"href":"https:\/\/wp.test.ate.otgs.work\/testqa201\/wp-json\/wp\/v2\/users\/1"}],"replies":[{"embeddable":true,"href":"https:\/\/wp.test.ate.otgs.work\/testqa201\/wp-json\/wp\/v2\/comments?post=22"}],"version-history":[{"count":0,"href":"https:\/\/wp.test.ate.otgs.work\/testqa201\/wp-json\/wp\/v2\/pages\/22\/revisions"}],"wp:attachment":[{"href":"https:\/\/wp.test.ate.otgs.work\/testqa201\/wp-json\/wp\/v2\/media?parent=22"}],"curies":[{"name":"wp","href":"https:\/\/api.w.org\/{rel}","templated":true}]}}