{"id":167,"date":"2023-07-20T12:50:51","date_gmt":"2023-07-20T12:50:51","guid":{"rendered":"https:\/\/wp.test.ate.otgs.work\/testqa201\/drugi-test-cristi\/"},"modified":"2023-07-27T14:19:20","modified_gmt":"2023-07-27T14:19:20","slug":"drugi-test-cristi","status":"publish","type":"page","link":"https:\/\/wp.test.ate.otgs.work\/testqa201\/drugi-test-cristi\/?lang=pl","title":{"rendered":"Drugi test Cristi"},"content":{"rendered":"\n<p>Z 10 ml p\u0142ynu mo\u017cemy mie\u0107 prawie 2 szklanki<\/p>\n","protected":false},"excerpt":{"rendered":"<p>Z 10 ml p\u0142ynu mo\u017cemy mie\u0107 prawie 2 szklanki<\/p>\n","protected":false},"author":1,"featured_media":0,"parent":0,"menu_order":0,"comment_status":"closed","ping_status":"closed","template":"","meta":{"footnotes":""},"class_list":["post-167","page","type-page","status-publish","hentry"],"_links":{"self":[{"href":"https:\/\/wp.test.ate.otgs.work\/testqa201\/wp-json\/wp\/v2\/pages\/167","targetHints":{"allow":["GET"]}}],"collection":[{"href":"https:\/\/wp.test.ate.otgs.work\/testqa201\/wp-json\/wp\/v2\/pages"}],"about":[{"href":"https:\/\/wp.test.ate.otgs.work\/testqa201\/wp-json\/wp\/v2\/types\/page"}],"author":[{"embeddable":true,"href":"https:\/\/wp.test.ate.otgs.work\/testqa201\/wp-json\/wp\/v2\/users\/1"}],"replies":[{"embeddable":true,"href":"https:\/\/wp.test.ate.otgs.work\/testqa201\/wp-json\/wp\/v2\/comments?post=167"}],"version-history":[{"count":1,"href":"https:\/\/wp.test.ate.otgs.work\/testqa201\/wp-json\/wp\/v2\/pages\/167\/revisions"}],"predecessor-version":[{"id":185,"href":"https:\/\/wp.test.ate.otgs.work\/testqa201\/wp-json\/wp\/v2\/pages\/167\/revisions\/185"}],"wp:attachment":[{"href":"https:\/\/wp.test.ate.otgs.work\/testqa201\/wp-json\/wp\/v2\/media?parent=167"}],"curies":[{"name":"wp","href":"https:\/\/api.w.org\/{rel}","templated":true}]}}