{"id":161,"date":"2023-07-20T12:50:51","date_gmt":"2023-07-20T12:50:51","guid":{"rendered":"https:\/\/wp.test.ate.otgs.work\/testqa201\/cristi-zweiter-test\/"},"modified":"2023-07-27T14:19:18","modified_gmt":"2023-07-27T14:19:18","slug":"cristi-zweiter-test","status":"publish","type":"page","link":"https:\/\/wp.test.ate.otgs.work\/testqa201\/cristi-zweiter-test\/?lang=de","title":{"rendered":"Cristi zweiter Test"},"content":{"rendered":"\n<p>Mit 30 ml Fl\u00fcssigkeit k\u00f6nnen wir fast 2 Gl\u00e4ser trinken.<\/p>\n","protected":false},"excerpt":{"rendered":"<p>Mit 30 ml Fl\u00fcssigkeit k\u00f6nnen wir fast 2 Gl\u00e4ser trinken.<\/p>\n","protected":false},"author":1,"featured_media":0,"parent":0,"menu_order":0,"comment_status":"closed","ping_status":"closed","template":"","meta":{"footnotes":""},"class_list":["post-161","page","type-page","status-publish","hentry"],"_links":{"self":[{"href":"https:\/\/wp.test.ate.otgs.work\/testqa201\/wp-json\/wp\/v2\/pages\/161","targetHints":{"allow":["GET"]}}],"collection":[{"href":"https:\/\/wp.test.ate.otgs.work\/testqa201\/wp-json\/wp\/v2\/pages"}],"about":[{"href":"https:\/\/wp.test.ate.otgs.work\/testqa201\/wp-json\/wp\/v2\/types\/page"}],"author":[{"embeddable":true,"href":"https:\/\/wp.test.ate.otgs.work\/testqa201\/wp-json\/wp\/v2\/users\/1"}],"replies":[{"embeddable":true,"href":"https:\/\/wp.test.ate.otgs.work\/testqa201\/wp-json\/wp\/v2\/comments?post=161"}],"version-history":[{"count":1,"href":"https:\/\/wp.test.ate.otgs.work\/testqa201\/wp-json\/wp\/v2\/pages\/161\/revisions"}],"predecessor-version":[{"id":183,"href":"https:\/\/wp.test.ate.otgs.work\/testqa201\/wp-json\/wp\/v2\/pages\/161\/revisions\/183"}],"wp:attachment":[{"href":"https:\/\/wp.test.ate.otgs.work\/testqa201\/wp-json\/wp\/v2\/media?parent=161"}],"curies":[{"name":"wp","href":"https:\/\/api.w.org\/{rel}","templated":true}]}}