{"id":160,"date":"2023-07-20T12:50:51","date_gmt":"2023-07-20T12:50:51","guid":{"rendered":"https:\/\/wp.test.ate.otgs.work\/testqa201\/cristi-druhy-test\/"},"modified":"2023-07-27T14:19:15","modified_gmt":"2023-07-27T14:19:15","slug":"cristi-druhy-test","status":"publish","type":"page","link":"https:\/\/wp.test.ate.otgs.work\/testqa201\/cristi-druhy-test\/?lang=cs","title":{"rendered":"Cristi druh\u00fd test"},"content":{"rendered":"\n<p>S 10 uncemi tekutiny m\u016f\u017eeme vyp\u00edt t\u00e9m\u011b\u0159 2 sklenice.<\/p>\n","protected":false},"excerpt":{"rendered":"<p>S 10 uncemi tekutiny m\u016f\u017eeme vyp\u00edt t\u00e9m\u011b\u0159 2 sklenice.<\/p>\n","protected":false},"author":1,"featured_media":0,"parent":0,"menu_order":0,"comment_status":"closed","ping_status":"closed","template":"","meta":{"footnotes":""},"class_list":["post-160","page","type-page","status-publish","hentry"],"_links":{"self":[{"href":"https:\/\/wp.test.ate.otgs.work\/testqa201\/wp-json\/wp\/v2\/pages\/160","targetHints":{"allow":["GET"]}}],"collection":[{"href":"https:\/\/wp.test.ate.otgs.work\/testqa201\/wp-json\/wp\/v2\/pages"}],"about":[{"href":"https:\/\/wp.test.ate.otgs.work\/testqa201\/wp-json\/wp\/v2\/types\/page"}],"author":[{"embeddable":true,"href":"https:\/\/wp.test.ate.otgs.work\/testqa201\/wp-json\/wp\/v2\/users\/1"}],"replies":[{"embeddable":true,"href":"https:\/\/wp.test.ate.otgs.work\/testqa201\/wp-json\/wp\/v2\/comments?post=160"}],"version-history":[{"count":1,"href":"https:\/\/wp.test.ate.otgs.work\/testqa201\/wp-json\/wp\/v2\/pages\/160\/revisions"}],"predecessor-version":[{"id":181,"href":"https:\/\/wp.test.ate.otgs.work\/testqa201\/wp-json\/wp\/v2\/pages\/160\/revisions\/181"}],"wp:attachment":[{"href":"https:\/\/wp.test.ate.otgs.work\/testqa201\/wp-json\/wp\/v2\/media?parent=160"}],"curies":[{"name":"wp","href":"https:\/\/api.w.org\/{rel}","templated":true}]}}