{"id":108,"date":"2023-07-13T07:35:15","date_gmt":"2023-07-13T07:35:15","guid":{"rendered":"https:\/\/wp.test.ate.otgs.work\/testqa201\/run-out-en-cricket\/"},"modified":"2023-07-13T07:35:15","modified_gmt":"2023-07-13T07:35:15","slug":"run-out-en-cricket","status":"publish","type":"page","link":"https:\/\/wp.test.ate.otgs.work\/testqa201\/run-out-en-cricket\/?lang=es","title":{"rendered":"Run out en Cricket"},"content":{"rendered":"\n<p>El run out es un m\u00e9todo de expulsi\u00f3n en el cr\u00edquet, regido por la Ley 38 de las Leyes del Cr\u00edquet[1]. Un run out suele producirse cuando los bateadores intentan correr entre los wickets y el equipo de campo consigue que la pelota llegue a un wicket antes de que un bateador haya cruzado la l\u00ednea del pliegue cerca del wicket. La carrera incompleta que intentaban los bateadores no cuenta.<\/p>\n\n\n\n<p>Un bateador es out run out si, en cualquier momento mientras la pelota est\u00e1 en juego, ninguna parte de su bate o de su persona est\u00e1 en tierra detr\u00e1s del pliegue de salida y su wicket es derribado limpiamente por el equipo contrario.<\/p>\n\n\n\n<p>Un bateador puede ser expulsado por run out tanto si intenta correr como si no, incluso si el lanzamiento es un no-ball o un wide (es decir, no es un lanzamiento justo). Hay varias excepciones:<\/p>\n","protected":false},"excerpt":{"rendered":"<p>El run out es un m\u00e9todo de expulsi\u00f3n en el cr\u00edquet, regido por la Ley 38 de las Leyes del Cr\u00edquet[1]. Un run out suele producirse cuando los bateadores intentan correr entre los wickets y el equipo de campo consigue que la pelota llegue a un wicket antes de que un bateador haya cruzado la [&hellip;]<\/p>\n","protected":false},"author":1,"featured_media":0,"parent":0,"menu_order":0,"comment_status":"closed","ping_status":"closed","template":"","meta":{"footnotes":""},"class_list":["post-108","page","type-page","status-publish","hentry"],"_links":{"self":[{"href":"https:\/\/wp.test.ate.otgs.work\/testqa201\/wp-json\/wp\/v2\/pages\/108","targetHints":{"allow":["GET"]}}],"collection":[{"href":"https:\/\/wp.test.ate.otgs.work\/testqa201\/wp-json\/wp\/v2\/pages"}],"about":[{"href":"https:\/\/wp.test.ate.otgs.work\/testqa201\/wp-json\/wp\/v2\/types\/page"}],"author":[{"embeddable":true,"href":"https:\/\/wp.test.ate.otgs.work\/testqa201\/wp-json\/wp\/v2\/users\/1"}],"replies":[{"embeddable":true,"href":"https:\/\/wp.test.ate.otgs.work\/testqa201\/wp-json\/wp\/v2\/comments?post=108"}],"version-history":[{"count":0,"href":"https:\/\/wp.test.ate.otgs.work\/testqa201\/wp-json\/wp\/v2\/pages\/108\/revisions"}],"wp:attachment":[{"href":"https:\/\/wp.test.ate.otgs.work\/testqa201\/wp-json\/wp\/v2\/media?parent=108"}],"curies":[{"name":"wp","href":"https:\/\/api.w.org\/{rel}","templated":true}]}}