{"id":107,"date":"2023-07-13T07:35:15","date_gmt":"2023-07-13T07:35:15","guid":{"rendered":"https:\/\/wp.test.ate.otgs.work\/testqa201\/run-out-w-krykiecie\/"},"modified":"2023-07-13T07:35:15","modified_gmt":"2023-07-13T07:35:15","slug":"run-out-w-krykiecie","status":"publish","type":"page","link":"https:\/\/wp.test.ate.otgs.work\/testqa201\/run-out-w-krykiecie\/?lang=pl","title":{"rendered":"Run out w krykiecie"},"content":{"rendered":"\n<p>Run out to metoda odrzucenia w krykiecie, regulowana przez ustaw\u0119 38 Laws of Cricket[1]. Run out zwykle ma miejsce, gdy pa\u0142karze pr\u00f3buj\u0105 biega\u0107 mi\u0119dzy furtkami, a dru\u017cynie polowej udaje si\u0119 skierowa\u0107 pi\u0142k\u0119 do jednej z furtek, zanim pa\u0142karz przekroczy lini\u0119 crease w pobli\u017cu furtki. Niekompletny bieg, kt\u00f3rego pr\u00f3bowali pa\u0142karze, nie liczy si\u0119.<\/p>\n\n\n\n<p>Pa\u0142karz jest run out, je\u015bli w dowolnym momencie, gdy pi\u0142ka jest w grze, \u017cadna cz\u0119\u015b\u0107 jego kija lub osoby nie jest uziemiona za popping crease, a jego furtka jest sprawiedliwie od\u0142o\u017cona przez stron\u0119 przeciwn\u0105.<\/p>\n\n\n\n<p>Pa\u0142karz mo\u017ce zosta\u0107 odrzucony jako run out bez wzgl\u0119du na to, czy pr\u00f3bowa\u0142 wykona\u0107 run, czy te\u017c nie, nawet je\u015bli podanie by\u0142o no-ball lub wide (tj. nie by\u0142o to prawid\u0142owe podanie). Istnieje od tego kilka wyj\u0105tk\u00f3w:<\/p>\n","protected":false},"excerpt":{"rendered":"<p>Run out to metoda odrzucenia w krykiecie, regulowana przez ustaw\u0119 38 Laws of Cricket[1]. Run out zwykle ma miejsce, gdy pa\u0142karze pr\u00f3buj\u0105 biega\u0107 mi\u0119dzy furtkami, a dru\u017cynie polowej udaje si\u0119 skierowa\u0107 pi\u0142k\u0119 do jednej z furtek, zanim pa\u0142karz przekroczy lini\u0119 crease w pobli\u017cu furtki. Niekompletny bieg, kt\u00f3rego pr\u00f3bowali pa\u0142karze, nie liczy si\u0119. Pa\u0142karz jest run [&hellip;]<\/p>\n","protected":false},"author":1,"featured_media":0,"parent":0,"menu_order":0,"comment_status":"closed","ping_status":"closed","template":"","meta":{"footnotes":""},"class_list":["post-107","page","type-page","status-publish","hentry"],"_links":{"self":[{"href":"https:\/\/wp.test.ate.otgs.work\/testqa201\/wp-json\/wp\/v2\/pages\/107","targetHints":{"allow":["GET"]}}],"collection":[{"href":"https:\/\/wp.test.ate.otgs.work\/testqa201\/wp-json\/wp\/v2\/pages"}],"about":[{"href":"https:\/\/wp.test.ate.otgs.work\/testqa201\/wp-json\/wp\/v2\/types\/page"}],"author":[{"embeddable":true,"href":"https:\/\/wp.test.ate.otgs.work\/testqa201\/wp-json\/wp\/v2\/users\/1"}],"replies":[{"embeddable":true,"href":"https:\/\/wp.test.ate.otgs.work\/testqa201\/wp-json\/wp\/v2\/comments?post=107"}],"version-history":[{"count":0,"href":"https:\/\/wp.test.ate.otgs.work\/testqa201\/wp-json\/wp\/v2\/pages\/107\/revisions"}],"wp:attachment":[{"href":"https:\/\/wp.test.ate.otgs.work\/testqa201\/wp-json\/wp\/v2\/media?parent=107"}],"curies":[{"name":"wp","href":"https:\/\/api.w.org\/{rel}","templated":true}]}}